{"id":7309,"date":"2021-03-13T14:16:31","date_gmt":"2021-03-13T17:16:31","guid":{"rendered":"http:\/\/www.colegio-sanandres.cl\/?page_id=7309"},"modified":"2021-03-14T22:43:44","modified_gmt":"2021-03-15T01:43:44","slug":"semana-no1-1er-ciclo-de-aprendizaje-lunes-15-al-viernes-19-de-marzo-2021","status":"publish","type":"page","link":"http:\/\/www.colegio-sanandres.cl\/?page_id=7309","title":{"rendered":"Semana N\u00ba1 \/ 1er Ciclo de Aprendizaje ( Lunes 15 al Viernes 19 de Marzo 2021)."},"content":{"rendered":"\n<div class=\"entry-content\">\n<p class=\"has-text-color has-background has-text-align-center has-very-dark-gray-color has-vivid-green-cyan-background-color\"><strong>EDUCACI\u00d3N PARVULARIA<\/strong><\/p>\n<p><a href=\"http:\/\/www.colegio-sanandres.cl\/?page_id=7314\"><strong>PRE K\u00cdNDER<\/strong><\/a><\/p>\n<p><a href=\"http:\/\/www.colegio-sanandres.cl\/?page_id=7315\"><strong>K\u00cdNDER<\/strong><\/a><\/p>\n<p class=\"has-text-color has-background has-text-align-center has-very-dark-gray-color has-luminous-vivid-orange-background-color\"><strong>PRIMER CICLO B\u00c1SICO<\/strong><\/p>\n<p><a href=\"http:\/\/www.colegio-sanandres.cl\/?page_id=7320\"><strong>1\u00ba B\u00c1SICO<\/strong><\/a><\/p>\n<p><a href=\"http:\/\/www.colegio-sanandres.cl\/?page_id=7318\"><strong>2\u00ba B\u00c1SICO<\/strong><\/a><\/p>\n<p><a href=\"http:\/\/www.colegio-sanandres.cl\/?page_id=7323\"><strong>3\u00ba B\u00c1SICO<\/strong><\/a><\/p>\n<p><a href=\"http:\/\/www.colegio-sanandres.cl\/?page_id=7325\"><strong>4\u00ba B\u00c1SICO<\/strong><\/a><\/p>\n<p class=\"has-text-color has-background has-text-align-center has-very-dark-gray-color has-vivid-cyan-blue-background-color\"><strong>SEGUNDO CICLO B\u00c1SICO<\/strong><\/p>\n<p><a href=\"http:\/\/www.colegio-sanandres.cl\/?page_id=7330\"><strong>5\u00ba B\u00c1SICO<\/strong><\/a><\/p>\n<p><a href=\"http:\/\/www.colegio-sanandres.cl\/?page_id=7333\"><strong>6\u00ba B\u00c1SICO<\/strong><\/a><\/p>\n<p><a href=\"http:\/\/www.colegio-sanandres.cl\/?page_id=7336\"><strong>7\u00ba B\u00c1SI<\/strong><strong>C<\/strong><strong>O<\/strong><\/a><\/p>\n<p><a href=\"http:\/\/www.colegio-sanandres.cl\/?page_id=7339\"><strong>8\u00ba B\u00c1S<\/strong><strong>I<\/strong><strong>CO<\/strong><\/a><\/p>\n<\/div>\n","protected":false},"excerpt":{"rendered":"<p>EDUCACI\u00d3N PARVULARIA PRE K\u00cdNDER K\u00cdNDER PRIMER CICLO B\u00c1SICO 1\u00ba B\u00c1SICO 2\u00ba B\u00c1SICO 3\u00ba B\u00c1SICO 4\u00ba B\u00c1SICO SEGUNDO CICLO B\u00c1SICO 5\u00ba B\u00c1SICO 6\u00ba B\u00c1SICO 7\u00ba B\u00c1SICO 8\u00ba B\u00c1SICO<\/p>\n","protected":false},"author":3,"featured_media":0,"parent":0,"menu_order":0,"comment_status":"closed","ping_status":"closed","template":"","meta":{"footnotes":""},"class_list":["post-7309","page","type-page","status-publish","hentry"],"amp_enabled":true,"_links":{"self":[{"href":"http:\/\/www.colegio-sanandres.cl\/index.php?rest_route=\/wp\/v2\/pages\/7309","targetHints":{"allow":["GET"]}}],"collection":[{"href":"http:\/\/www.colegio-sanandres.cl\/index.php?rest_route=\/wp\/v2\/pages"}],"about":[{"href":"http:\/\/www.colegio-sanandres.cl\/index.php?rest_route=\/wp\/v2\/types\/page"}],"author":[{"embeddable":true,"href":"http:\/\/www.colegio-sanandres.cl\/index.php?rest_route=\/wp\/v2\/users\/3"}],"replies":[{"embeddable":true,"href":"http:\/\/www.colegio-sanandres.cl\/index.php?rest_route=%2Fwp%2Fv2%2Fcomments&post=7309"}],"version-history":[{"count":7,"href":"http:\/\/www.colegio-sanandres.cl\/index.php?rest_route=\/wp\/v2\/pages\/7309\/revisions"}],"predecessor-version":[{"id":7342,"href":"http:\/\/www.colegio-sanandres.cl\/index.php?rest_route=\/wp\/v2\/pages\/7309\/revisions\/7342"}],"wp:attachment":[{"href":"http:\/\/www.colegio-sanandres.cl\/index.php?rest_route=%2Fwp%2Fv2%2Fmedia&parent=7309"}],"curies":[{"name":"wp","href":"https:\/\/api.w.org\/{rel}","templated":true}]}}