{"id":7314,"date":"2021-03-13T17:10:39","date_gmt":"2021-03-13T20:10:39","guid":{"rendered":"http:\/\/www.colegio-sanandres.cl\/?page_id=7314"},"modified":"2021-03-14T17:25:48","modified_gmt":"2021-03-14T20:25:48","slug":"pre-kinder-semana-1-lunes-15-al-viernes-19-marzo","status":"publish","type":"page","link":"http:\/\/www.colegio-sanandres.cl\/?page_id=7314","title":{"rendered":"PRE K\u00cdNDER (Semana 1: Lunes 15 al Viernes 19 Marzo)"},"content":{"rendered":"\n<p style=\"text-align: center;\"><strong>EDUCADORAS<\/strong><\/p>\n<p><strong><span style=\"text-decoration: underline;\">Pre K\u00ednder A<\/span><\/strong>: Mar\u00eda Olga General \/ maria.general@colegio-sanandres.cl<\/p>\n<p><strong><span style=\"text-decoration: underline;\">Pre K\u00ednder B<\/span><\/strong>: Margarita Conzue \/ margarita.conzue@colegio-sanandres.cl<\/p>\n\n\n\n<div style=\"height:20px\" aria-hidden=\"true\" class=\"wp-block-spacer\"><\/div>\n\n\n\n<table style=\"width: 100%; border-collapse: collapse; border-style: dotted;\">\n<tbody>\n<tr>\n<td style=\"width: 100%;\">\n<p style=\"text-align: justify;\"><span style=\"text-decoration: underline;\"><strong><em>Instrucciones Generales<\/em><\/strong><\/span>: Los estudiantes deben realizar las actividades de Pensamiento Matem\u00e1tico y Lenguajes Verbales, para lo cual primero deben ver el video de instrucciones y, posteriormente completar el formulario ubicado debajo de cada video.<\/p>\n<\/td>\n<\/tr>\n<\/tbody>\n<\/table>\n\n\n\n<h4 style=\"text-align: justify;\"><span style=\"text-decoration: underline;\"><strong>Actividad N\u00b01:<\/strong><\/span><strong> Pensamiento Matem\u00e1tico.<\/strong><\/h4>\n\n\n\n<figure class=\"wp-block-embed-youtube wp-block-embed is-type-video is-provider-youtube wp-embed-aspect-16-9 wp-has-aspect-ratio wp-embed-aspect-4-3\"><div class=\"wp-block-embed__wrapper\">\n<iframe loading=\"lazy\" title=\"Explicaci\u00f3n evaluaci\u00f3n diagn\u00f3stica Pensamiento matem\u00e1tico\" width=\"830\" height=\"467\" src=\"https:\/\/www.youtube.com\/embed\/ZPEiicQqJsc?feature=oembed\" frameborder=\"0\" allow=\"accelerometer; autoplay; clipboard-write; encrypted-media; gyroscope; picture-in-picture\" allowfullscreen><\/iframe>\n<\/div><\/figure>\n\n\n\n<p><strong>Ticket Evaluaci\u00f3n Diagn\u00f3stica Pensamiento Matem\u00e1tico:<\/strong><\/p>\n<p style=\"text-align: center;\"><a href=\"https:\/\/forms.gle\/on4xJrKnSNpZpFLg7\">https:\/\/forms.gle\/on4xJrKnSNpZpFLg7<\/a><\/p>\n\n\n\n<hr class=\"wp-block-separator\"\/>\n\n\n\n<div style=\"height:43px\" aria-hidden=\"true\" class=\"wp-block-spacer\"><\/div>\n\n\n\n<h4 style=\"text-align: left;\"><span style=\"text-decoration: underline;\"><strong>Actividad N\u00b02:<\/strong><\/span><strong> Lenguajes Verbales.<\/strong><\/h4>\n\n\n\n<figure class=\"wp-block-embed-youtube wp-block-embed is-type-video is-provider-youtube wp-embed-aspect-16-9 wp-has-aspect-ratio wp-embed-aspect-4-3\"><div class=\"wp-block-embed__wrapper\">\n<iframe loading=\"lazy\" title=\"11 de marzo de 2021\" width=\"830\" height=\"467\" src=\"https:\/\/www.youtube.com\/embed\/BlrjhflPsCU?feature=oembed\" frameborder=\"0\" allow=\"accelerometer; autoplay; clipboard-write; encrypted-media; gyroscope; picture-in-picture\" allowfullscreen><\/iframe>\n<\/div><\/figure>\n\n\n\n<p><strong>Ticket Evaluaci\u00f3n Diagn\u00f3stica Lenguajes Verbales:<\/strong><\/p>\n<p style=\"text-align: center;\"><a href=\"https:\/\/docs.google.com\/forms\/d\/e\/1FAIpQLSdwOEiKPJXKbKTuxMJNw7VhT0tIqaGantlwKvG3BSU_hcDOew\/viewform?vc=0&amp;c=0&amp;w=1&amp;flr=0&amp;gxids=7628\">https:\/\/docs.google.com\/forms\/d\/e\/1FAIpQLSdwOEiKPJXKbKTuxMJNw7VhT0tIqaGantlwKvG3BSU_hcDOew\/viewform?vc=0&amp;c=0&amp;w=1&amp;flr=0&amp;gxids=7628<\/a><\/p>\n\n\n\n<hr class=\"wp-block-separator\"\/>\n","protected":false},"excerpt":{"rendered":"<p>EDUCADORAS Pre K\u00ednder A: Mar\u00eda Olga General \/ maria.general@colegio-sanandres.cl Pre K\u00ednder B: Margarita Conzue \/ margarita.conzue@colegio-sanandres.cl Instrucciones Generales: Los estudiantes deben realizar las actividades de Pensamiento Matem\u00e1tico y Lenguajes Verbales, para lo cual primero deben ver el video de instrucciones y, posteriormente completar el formulario ubicado debajo de cada video. Actividad N\u00b01: Pensamiento Matem\u00e1tico. Ticket [&hellip;]<\/p>\n","protected":false},"author":3,"featured_media":0,"parent":0,"menu_order":0,"comment_status":"closed","ping_status":"closed","template":"","meta":{"footnotes":""},"class_list":["post-7314","page","type-page","status-publish","hentry"],"amp_enabled":true,"_links":{"self":[{"href":"http:\/\/www.colegio-sanandres.cl\/index.php?rest_route=\/wp\/v2\/pages\/7314","targetHints":{"allow":["GET"]}}],"collection":[{"href":"http:\/\/www.colegio-sanandres.cl\/index.php?rest_route=\/wp\/v2\/pages"}],"about":[{"href":"http:\/\/www.colegio-sanandres.cl\/index.php?rest_route=\/wp\/v2\/types\/page"}],"author":[{"embeddable":true,"href":"http:\/\/www.colegio-sanandres.cl\/index.php?rest_route=\/wp\/v2\/users\/3"}],"replies":[{"embeddable":true,"href":"http:\/\/www.colegio-sanandres.cl\/index.php?rest_route=%2Fwp%2Fv2%2Fcomments&post=7314"}],"version-history":[{"count":3,"href":"http:\/\/www.colegio-sanandres.cl\/index.php?rest_route=\/wp\/v2\/pages\/7314\/revisions"}],"predecessor-version":[{"id":7352,"href":"http:\/\/www.colegio-sanandres.cl\/index.php?rest_route=\/wp\/v2\/pages\/7314\/revisions\/7352"}],"wp:attachment":[{"href":"http:\/\/www.colegio-sanandres.cl\/index.php?rest_route=%2Fwp%2Fv2%2Fmedia&parent=7314"}],"curies":[{"name":"wp","href":"https:\/\/api.w.org\/{rel}","templated":true}]}}