{"id":7315,"date":"2021-03-13T17:11:20","date_gmt":"2021-03-13T20:11:20","guid":{"rendered":"http:\/\/www.colegio-sanandres.cl\/?page_id=7315"},"modified":"2021-03-14T17:24:56","modified_gmt":"2021-03-14T20:24:56","slug":"kinder-semana-1-lunes-15-al-viernes-19-marzo","status":"publish","type":"page","link":"http:\/\/www.colegio-sanandres.cl\/?page_id=7315","title":{"rendered":"K\u00cdNDER (Semana 1: Lunes 15 al Viernes 19 Marzo)"},"content":{"rendered":"\n<div style=\"height:20px\" aria-hidden=\"true\" class=\"wp-block-spacer\"><\/div>\n\n\n\n<p><strong>EDUCADORAS<\/strong>:<\/p>\n<p><strong>K\u00ednder A<\/strong>: Evekyn Guzm\u00e1n \/ evelyn.guzman@colegio-sanandres.cl&nbsp; <\/p>\n<p><strong>K\u00ednder B: <\/strong>Carol Opazo \/ carol.opazo@colegio-sanandres.cl&nbsp;<\/p>\n\n\n\n<hr class=\"wp-block-separator\"\/>\n\n\n\n<div style=\"height:20px\" aria-hidden=\"true\" class=\"wp-block-spacer\"><\/div>\n\n\n\n<table style=\"border-collapse: collapse; width: 100%;\">\n<tbody>\n<tr>\n<td style=\"width: 100%; text-align: justify;\"><span style=\"text-decoration: underline;\"><strong><em>Instrucciones Generales<\/em><\/strong><\/span>: Los estudiantes deben realizar las actividades de Pensamiento Matem\u00e1tico y Lenguajes Verbales, para lo cual primero deben ver el video de instrucciones y, posteriormente, completar el formulario ubicado debajo de cada video.<\/td>\n<\/tr>\n<\/tbody>\n<\/table>\n\n\n\n<div style=\"height:20px\" aria-hidden=\"true\" class=\"wp-block-spacer\"><\/div>\n\n\n\n<h5 style=\"text-align: justify;\"><strong>Explicaci\u00f3n Actividad N\u00b01:<\/strong><strong> Pensamiento Matem\u00e1tico y N\u00b02 Lenguajes Verbales.<\/strong><\/h5>\n\n\n\n<figure class=\"wp-block-embed-youtube wp-block-embed is-type-video is-provider-youtube wp-embed-aspect-16-9 wp-has-aspect-ratio wp-embed-aspect-4-3\"><div class=\"wp-block-embed__wrapper\">\n<iframe loading=\"lazy\" title=\"Bienvenida y ticket de salida. Kinder\" width=\"830\" height=\"467\" src=\"https:\/\/www.youtube.com\/embed\/P-CP6reP8SU?feature=oembed\" frameborder=\"0\" allow=\"accelerometer; autoplay; clipboard-write; encrypted-media; gyroscope; picture-in-picture\" allowfullscreen><\/iframe>\n<\/div><\/figure>\n\n\n\n<div style=\"height:20px\" aria-hidden=\"true\" class=\"wp-block-spacer\"><\/div>\n\n\n\n<h5><strong>Ticket Evaluaci\u00f3n Diagn\u00f3stica Pensamiento Matem\u00e1tico:<\/strong><\/h5>\n<p style=\"text-align: center;\"><a href=\"https:\/\/docs.google.com\/forms\/d\/1B6zSt3SRnJI2Qm8SJUhvWh_NAU6eJ5d-50WgR8HwGQ8\/edit\">https:\/\/docs.google.com\/forms\/d\/1B6zSt3SRnJI2Qm8SJUhvWh_NAU6eJ5d-50WgR8HwGQ8\/edit<\/a><\/p>\n\n\n\n<div style=\"height:81px\" aria-hidden=\"true\" class=\"wp-block-spacer\"><\/div>\n\n\n\n<h5><strong>Ticket Evaluaci\u00f3n Diagn\u00f3stica Lenguajes Verbales:<\/strong><\/h5>\n<p style=\"text-align: center;\"><a href=\"https:\/\/docs.google.com\/forms\/d\/1jbjQUUTKGywwf7DfGE8VMhOJB3SXzO4cTNhlfP0bcoQ\/edit\">https:\/\/docs.google.com\/forms\/d\/1jbjQUUTKGywwf7DfGE8VMhOJB3SXzO4cTNhlfP0bcoQ\/edit<\/a><\/p>\n\n\n\n<hr class=\"wp-block-separator\"\/>\n\n\n\n<div style=\"height:20px\" aria-hidden=\"true\" class=\"wp-block-spacer\"><\/div>\n","protected":false},"excerpt":{"rendered":"<p>EDUCADORAS: K\u00ednder A: Evekyn Guzm\u00e1n \/ evelyn.guzman@colegio-sanandres.cl&nbsp; K\u00ednder B: Carol Opazo \/ carol.opazo@colegio-sanandres.cl&nbsp; Instrucciones Generales: Los estudiantes deben realizar las actividades de Pensamiento Matem\u00e1tico y Lenguajes Verbales, para lo cual primero deben ver el video de instrucciones y, posteriormente, completar el formulario ubicado debajo de cada video. Explicaci\u00f3n Actividad N\u00b01: Pensamiento Matem\u00e1tico y N\u00b02 Lenguajes [&hellip;]<\/p>\n","protected":false},"author":3,"featured_media":0,"parent":0,"menu_order":0,"comment_status":"closed","ping_status":"closed","template":"","meta":{"footnotes":""},"class_list":["post-7315","page","type-page","status-publish","hentry"],"amp_enabled":true,"_links":{"self":[{"href":"http:\/\/www.colegio-sanandres.cl\/index.php?rest_route=\/wp\/v2\/pages\/7315","targetHints":{"allow":["GET"]}}],"collection":[{"href":"http:\/\/www.colegio-sanandres.cl\/index.php?rest_route=\/wp\/v2\/pages"}],"about":[{"href":"http:\/\/www.colegio-sanandres.cl\/index.php?rest_route=\/wp\/v2\/types\/page"}],"author":[{"embeddable":true,"href":"http:\/\/www.colegio-sanandres.cl\/index.php?rest_route=\/wp\/v2\/users\/3"}],"replies":[{"embeddable":true,"href":"http:\/\/www.colegio-sanandres.cl\/index.php?rest_route=%2Fwp%2Fv2%2Fcomments&post=7315"}],"version-history":[{"count":4,"href":"http:\/\/www.colegio-sanandres.cl\/index.php?rest_route=\/wp\/v2\/pages\/7315\/revisions"}],"predecessor-version":[{"id":7351,"href":"http:\/\/www.colegio-sanandres.cl\/index.php?rest_route=\/wp\/v2\/pages\/7315\/revisions\/7351"}],"wp:attachment":[{"href":"http:\/\/www.colegio-sanandres.cl\/index.php?rest_route=%2Fwp%2Fv2%2Fmedia&parent=7315"}],"curies":[{"name":"wp","href":"https:\/\/api.w.org\/{rel}","templated":true}]}}