{"id":7318,"date":"2021-03-13T17:15:40","date_gmt":"2021-03-13T20:15:40","guid":{"rendered":"http:\/\/www.colegio-sanandres.cl\/?page_id=7318"},"modified":"2021-03-15T10:49:55","modified_gmt":"2021-03-15T13:49:55","slug":"2o-basico-semana-1-lunes-15-al-viernes-19-marzo","status":"publish","type":"page","link":"http:\/\/www.colegio-sanandres.cl\/?page_id=7318","title":{"rendered":"2\u00ba B\u00c1SICO (Semana 1: Lunes 15 al Viernes 19 Marzo)"},"content":{"rendered":"\n<p><span style=\"text-decoration: underline;\"><strong>LENGUAJE<\/strong><\/span> <span style=\"text-decoration: underline;\"><strong><br><\/strong><\/span><\/p>\n<p>Profesora:<\/p>\n<p>Carolina Ortiz \/ carolina.ortiz@colegio-sanandres.cl<\/p>\n\n\n\n<p><iframe loading=\"lazy\" title=\"Evaluaci\u00f3n Diagn\u00f3stica Lenguaje 2\u00ba B\u00e1sico\" width=\"830\" height=\"623\" src=\"https:\/\/www.youtube.com\/embed\/uYRLIS5c4tE?feature=oembed\" frameborder=\"0\" allow=\"accelerometer; autoplay; clipboard-write; encrypted-media; gyroscope; picture-in-picture\" allowfullscreen><\/iframe><\/p>\n<p>&nbsp;<\/p>\n\n\n\n<p style=\"text-align: justify;\"><strong>Evaluaci\u00f3n Diagn\u00f3stica Lenguaje: <\/strong>Debes acceder al siguiente link, ingresar tu run (m\u00e1s conocido como Rut) y luego la contrase\u00f1a: sanandres2021<\/p>\n<p style=\"text-align: center;\"><a href=\"https:\/\/dia.agenciaeducacion.cl\/diag-web\/\">https:\/\/dia.agenciaeducacion.cl\/diag-web\/<\/a><\/p>\n\n\n\n<hr class=\"wp-block-separator\"\/>\n\n\n\n<div style=\"height:20px\" aria-hidden=\"true\" class=\"wp-block-spacer\"><\/div>\n\n\n\n<p><span style=\"text-decoration: underline;\"><strong>MATEM\u00c1TICA<\/strong><\/span><\/p>\n<p>Profesora: Romina Olguin \/ romina.olguin@colegio-sanandres.cl<\/p>\n\n\n\n<figure class=\"wp-block-embed-youtube wp-block-embed is-type-video is-provider-youtube wp-embed-aspect-4-3 wp-has-aspect-ratio wp-embed-aspect-16-9\"><div class=\"wp-block-embed__wrapper\">\n<iframe loading=\"lazy\" title=\"Instrucciones para Evaluaci\u00f3n Diagn\u00f3stico Matem\u00e1ticas 2\u00b0 B\u00e1sico\" width=\"830\" height=\"623\" src=\"https:\/\/www.youtube.com\/embed\/zzvMaxPb8Zc?feature=oembed\" frameborder=\"0\" allow=\"accelerometer; autoplay; clipboard-write; encrypted-media; gyroscope; picture-in-picture\" allowfullscreen><\/iframe>\n<\/div><\/figure>\n\n\n\n<p style=\"text-align: justify;\"><strong>Ticket Evaluaci\u00f3n Diagn\u00f3stica Matem\u00e1tica:<\/strong><\/p>\n<p style=\"text-align: center;\"><a href=\"https:\/\/docs.google.com\/forms\/d\/e\/1FAIpQLSdXjQAB8DSHzQBXVIAvFMtsEU6_cIw3H_71qaVj8Tjrq_bwpQ\/viewform\">https:\/\/docs.google.com\/forms\/d\/e\/1FAIpQLSdXjQAB8DSHzQBXVIAvFMtsEU6_cIw3H_71qaVj8Tjrq_bwpQ\/viewform<\/a><\/p>\n\n\n\n<hr class=\"wp-block-separator\"\/>\n\n\n\n<div style=\"height:20px\" aria-hidden=\"true\" class=\"wp-block-spacer\"><\/div>\n\n\n\n<p style=\"text-align: justify;\"><strong><span style=\"text-decoration: underline;\">HISTORIA<\/span> <span style=\"text-decoration: underline;\"><br><\/span><\/strong><\/p>\n<p>Profesora:<\/p>\n<p>Carolina Ortiz \/ carolina.ortiz@colegio-sanandres.cl<\/p>\n\n\n\n<figure class=\"wp-block-embed-youtube wp-block-embed is-type-video is-provider-youtube wp-embed-aspect-16-9 wp-has-aspect-ratio wp-embed-aspect-4-3\"><div class=\"wp-block-embed__wrapper\">\n<iframe loading=\"lazy\" title=\"Video Evaluacio\u0301n Diagno\u0301stica Historia, Cs. Sociales y Geograf\u00eda 2\u00baBa\u0301sico\" width=\"830\" height=\"467\" src=\"https:\/\/www.youtube.com\/embed\/2YX2Q0PR0g0?feature=oembed\" frameborder=\"0\" allow=\"accelerometer; autoplay; clipboard-write; encrypted-media; gyroscope; picture-in-picture\" allowfullscreen><\/iframe>\n<\/div><\/figure>\n\n\n\n<p><strong>Ticket Evaluaci\u00f3n Diagn\u00f3stica Historia:<\/strong><\/p>\n<p style=\"text-align: center;\"><a href=\"https:\/\/forms.gle\/BGYdzRCgbwb3NZFcA\">https:\/\/forms.gle\/BGYdzRCgbwb3NZFcA<\/a><\/p>\n\n\n\n<hr class=\"wp-block-separator\"\/>\n\n\n\n<div style=\"height:20px\" aria-hidden=\"true\" class=\"wp-block-spacer\"><\/div>\n\n\n\n<p><strong><span style=\"text-decoration: underline;\">CIENCIAS NATURALES<\/span><br><\/strong><\/p>\n<p>Profesora: Romina Olguin \/ romina.olguin@colegio-sanandres.cl<\/p>\n\n\n\n<figure class=\"wp-block-embed-youtube wp-block-embed is-type-video is-provider-youtube wp-embed-aspect-4-3 wp-has-aspect-ratio wp-embed-aspect-16-9\"><div class=\"wp-block-embed__wrapper\">\n<iframe loading=\"lazy\" title=\"Instrucciones Evaluaci\u00f3n Diagn\u00f3stico Ciencias 2\u00b0 B\u00e1sico\" width=\"830\" height=\"623\" src=\"https:\/\/www.youtube.com\/embed\/rDkSCWAjogs?feature=oembed\" frameborder=\"0\" allow=\"accelerometer; autoplay; clipboard-write; encrypted-media; gyroscope; picture-in-picture\" allowfullscreen><\/iframe>\n<\/div><\/figure>\n\n\n\n<p><strong>Ticket Evaluaci\u00f3n Diagn\u00f3stica Ciencias Naturales:<\/strong><\/p>\n<p style=\"text-align: center;\"><a href=\"https:\/\/docs.google.com\/forms\/d\/e\/1FAIpQLSc5vLK4xtb2ZWWkB6pN6dCShF5E3pISzNATUHrXDw7GMuBg-g\/viewform\">https:\/\/docs.google.com\/forms\/d\/e\/1FAIpQLSc5vLK4xtb2ZWWkB6pN6dCShF5E3pISzNATUHrXDw7GMuBg-g\/viewform<\/a><\/p>\n\n\n\n<hr class=\"wp-block-separator\"\/>\n\n\n\n<div style=\"height:20px\" aria-hidden=\"true\" class=\"wp-block-spacer\"><\/div>\n\n\n\n<p><strong><span style=\"text-decoration: underline;\">EDUCACI\u00d3N F\u00cdSICA<\/span><br><\/strong><\/p>\n<p>Profesor: Jonathan Ibacache \/ jonathan.ibacache@colegio-sanandres.cl<\/p>\n<table style=\"border-collapse: collapse; width: 100%;\">\n<tbody>\n<tr>\n<td style=\"width: 100%; text-align: justify;\"><span style=\"text-decoration: underline;\">Instrucciones de Trabajo 2\u00b0 B\u00e1sico Educaci\u00f3n F\u00edsica<\/span>: Los estudiantes deben realizar 2 formularios; uno referido espec\u00edficamente a la asignatura de Educaci\u00f3n F\u00edsica y otro referido al \u00c1rea Salud y H\u00e1bitos de Vida.<\/td>\n<\/tr>\n<\/tbody>\n<\/table>\n\n\n\n<figure class=\"wp-block-embed-youtube wp-block-embed is-type-video is-provider-youtube wp-embed-aspect-4-3 wp-has-aspect-ratio wp-embed-aspect-16-9\"><div class=\"wp-block-embed__wrapper\">\n<iframe loading=\"lazy\" title=\"SALUDO DE BIENVENIDA 2DO B\u00c1SICO\" width=\"830\" height=\"467\" src=\"https:\/\/www.youtube.com\/embed\/YXrG4R1aa7g?feature=oembed\" frameborder=\"0\" allow=\"accelerometer; autoplay; clipboard-write; encrypted-media; gyroscope; picture-in-picture\" allowfullscreen><\/iframe>\n<\/div><\/figure>\n\n\n\n<p><strong>Ticket Evaluaci\u00f3n Diagn\u00f3stica Educaci\u00f3n F\u00edsica:<\/strong><\/p>\n<p style=\"text-align: center;\"><a href=\"https:\/\/forms.gle\/3rJM281WT4FnNarc8\">https:\/\/forms.gle\/3rJM281WT4FnNarc8<\/a><\/p>\n<p>\u00a0<\/p>\n<p><strong>Ticket Evaluaci\u00f3n Diagn\u00f3stica \u00ab\u00c1rea Salud y H\u00e1bitos de Vida\u00bb:<\/strong><\/p>\n<p style=\"text-align: center;\"><a href=\"https:\/\/forms.gle\/VuFmftNijp3F6jd87\">https:\/\/forms.gle\/VuFmftNijp3F6jd87<\/a><\/p>\n\n\n\n<hr class=\"wp-block-separator\"\/>\n\n\n","protected":false},"excerpt":{"rendered":"<p>LENGUAJE Profesora: Carolina Ortiz \/ carolina.ortiz@colegio-sanandres.cl &nbsp; Evaluaci\u00f3n Diagn\u00f3stica Lenguaje: Debes acceder al siguiente link, ingresar tu run (m\u00e1s conocido como Rut) y luego la contrase\u00f1a: sanandres2021 https:\/\/dia.agenciaeducacion.cl\/diag-web\/ MATEM\u00c1TICA Profesora: Romina Olguin \/ romina.olguin@colegio-sanandres.cl Ticket Evaluaci\u00f3n Diagn\u00f3stica Matem\u00e1tica: https:\/\/docs.google.com\/forms\/d\/e\/1FAIpQLSdXjQAB8DSHzQBXVIAvFMtsEU6_cIw3H_71qaVj8Tjrq_bwpQ\/viewform HISTORIA Profesora: Carolina Ortiz \/ carolina.ortiz@colegio-sanandres.cl Ticket Evaluaci\u00f3n Diagn\u00f3stica Historia: https:\/\/forms.gle\/BGYdzRCgbwb3NZFcA CIENCIAS NATURALES Profesora: Romina Olguin [&hellip;]<\/p>\n","protected":false},"author":3,"featured_media":0,"parent":0,"menu_order":0,"comment_status":"closed","ping_status":"closed","template":"","meta":{"footnotes":""},"class_list":["post-7318","page","type-page","status-publish","hentry"],"amp_enabled":true,"_links":{"self":[{"href":"http:\/\/www.colegio-sanandres.cl\/index.php?rest_route=\/wp\/v2\/pages\/7318","targetHints":{"allow":["GET"]}}],"collection":[{"href":"http:\/\/www.colegio-sanandres.cl\/index.php?rest_route=\/wp\/v2\/pages"}],"about":[{"href":"http:\/\/www.colegio-sanandres.cl\/index.php?rest_route=\/wp\/v2\/types\/page"}],"author":[{"embeddable":true,"href":"http:\/\/www.colegio-sanandres.cl\/index.php?rest_route=\/wp\/v2\/users\/3"}],"replies":[{"embeddable":true,"href":"http:\/\/www.colegio-sanandres.cl\/index.php?rest_route=%2Fwp%2Fv2%2Fcomments&post=7318"}],"version-history":[{"count":8,"href":"http:\/\/www.colegio-sanandres.cl\/index.php?rest_route=\/wp\/v2\/pages\/7318\/revisions"}],"predecessor-version":[{"id":7392,"href":"http:\/\/www.colegio-sanandres.cl\/index.php?rest_route=\/wp\/v2\/pages\/7318\/revisions\/7392"}],"wp:attachment":[{"href":"http:\/\/www.colegio-sanandres.cl\/index.php?rest_route=%2Fwp%2Fv2%2Fmedia&parent=7318"}],"curies":[{"name":"wp","href":"https:\/\/api.w.org\/{rel}","templated":true}]}}