{"id":7320,"date":"2021-03-13T17:20:14","date_gmt":"2021-03-13T20:20:14","guid":{"rendered":"http:\/\/www.colegio-sanandres.cl\/?page_id=7320"},"modified":"2021-03-14T20:28:50","modified_gmt":"2021-03-14T23:28:50","slug":"1o-basico-semana-1-lunes-15-al-viernes19-marzo","status":"publish","type":"page","link":"http:\/\/www.colegio-sanandres.cl\/?page_id=7320","title":{"rendered":"1\u00ba B\u00c1SICO (Semana 1: Lunes 15 al Viernes19 Marzo)"},"content":{"rendered":"\n<p><span style=\"text-decoration: underline;\"><strong>LENGUAJE<\/strong><\/span><\/p>\n<p>Profesora: Camila Ortiz \/ camila.ortiz@colegio-sanandres.cl<\/p>\n\n\n\n<p>&nbsp;<\/p>\n<p><iframe loading=\"lazy\" title=\"1&#039;s Lenguaje ciclo 1\" width=\"830\" height=\"467\" src=\"https:\/\/www.youtube.com\/embed\/IZAqfwkn0Zg?feature=oembed\" frameborder=\"0\" allow=\"accelerometer; autoplay; clipboard-write; encrypted-media; gyroscope; picture-in-picture\" allowfullscreen><\/iframe><\/p>\n\n\n\n<p><strong>Ticket Evaluaci\u00f3n Diagn\u00f3stica Lenguaje:<\/strong><\/p>\n<p style=\"text-align: center;\"><a href=\"https:\/\/forms.gle\/4LFdzwWxciErNGaX6\">https:\/\/forms.gle\/4LFdzwWxciErNGaX6<\/a><\/p>\n\n\n\n<hr class=\"wp-block-separator\"\/>\n\n\n\n<div style=\"height:20px\" aria-hidden=\"true\" class=\"wp-block-spacer\"><\/div>\n\n\n\n<p><span style=\"text-decoration: underline;\"><strong>MATEM\u00c1TICAS<\/strong><\/span><\/p>\n<p>Profesora: Constanza P\u00e9rez \/ constanza.perez@colegio-sanandres.cl<\/p>\n\n\n\n<p>&nbsp;<\/p>\n<p><iframe loading=\"lazy\" title=\"Video evaluaci\u00f3n diagn\u00f3stica matem\u00e1tica 1\u00b0 b\u00e1sico.\" width=\"830\" height=\"467\" src=\"https:\/\/www.youtube.com\/embed\/IRPcyq0LqO8?feature=oembed\" frameborder=\"0\" allow=\"accelerometer; autoplay; clipboard-write; encrypted-media; gyroscope; picture-in-picture\" allowfullscreen><\/iframe><\/p>\n\n\n\n<p><strong>Ticket Evaluaci\u00f3n Diagn\u00f3stica Matem\u00e1tica:<\/strong><\/p>\n<p style=\"text-align: center;\"><a href=\"https:\/\/forms.gle\/XzyYeVhWRDNKpL899\">https:\/\/forms.gle\/XzyYeVhWRDNKpL899<\/a><\/p>\n\n\n\n<hr class=\"wp-block-separator\"\/>\n\n\n\n<div style=\"height:20px\" aria-hidden=\"true\" class=\"wp-block-spacer\"><\/div>\n\n\n\n<p><span style=\"text-decoration: underline;\"><strong>HISTORIA<\/strong><\/span><\/p>\n<p>Profesora: Camila Ortiz \/ camila.ortiz@colegio-sanandres.cl<\/p>\n\n\n\n<p>&nbsp;<\/p>\n<p><iframe loading=\"lazy\" title=\"1&#039;s Historia ciclo 1\" width=\"830\" height=\"467\" src=\"https:\/\/www.youtube.com\/embed\/Z7vdDu4jK4M?feature=oembed\" frameborder=\"0\" allow=\"accelerometer; autoplay; clipboard-write; encrypted-media; gyroscope; picture-in-picture\" allowfullscreen><\/iframe><\/p>\n\n\n\n<p><strong>Ticket Evaluaci\u00f3n Diagn\u00f3stica Historia:<\/strong><\/p>\n<p style=\"text-align: center;\"><a href=\"https:\/\/forms.gle\/UvX13ampF7phUWgx5\">https:\/\/forms.gle\/UvX13ampF7phUWgx5<\/a><\/p>\n\n\n\n<hr class=\"wp-block-separator\"\/>\n\n\n\n<div style=\"height:20px\" aria-hidden=\"true\" class=\"wp-block-spacer\"><\/div>\n\n\n\n<p><span style=\"text-decoration: underline;\"><strong>CIENCIAS NATURALES<br><\/strong><\/span><\/p>\n<p>Profesora: Constanza P\u00e9rez \/ constanza.perez@colegio-sanandres.cl<\/p>\n\n\n\n<figure class=\"wp-block-embed-youtube wp-block-embed is-type-video is-provider-youtube wp-embed-aspect-16-9 wp-has-aspect-ratio\"><div class=\"wp-block-embed__wrapper\">\n<iframe loading=\"lazy\" title=\"Video evaluaci\u00f3n diagn\u00f3stica ciencias naturales 1\u00b0 b\u00e1sico.\" width=\"830\" height=\"467\" src=\"https:\/\/www.youtube.com\/embed\/eHMhgZLLZmk?feature=oembed\" frameborder=\"0\" allow=\"accelerometer; autoplay; clipboard-write; encrypted-media; gyroscope; picture-in-picture\" allowfullscreen><\/iframe>\n<\/div><\/figure>\n\n\n\n<p><strong>Ticket Evaluaci\u00f3n Diagn\u00f3stica Ciencias Naturales:<\/strong><\/p>\n<p style=\"text-align: center;\"><a href=\"https:\/\/forms.gle\/jtMHw4c9E2DwQFPx6\">https:\/\/forms.gle\/jtMHw4c9E2DwQFPx6<\/a><\/p>\n\n\n\n<hr class=\"wp-block-separator\"\/>\n\n\n\n<div style=\"height:20px\" aria-hidden=\"true\" class=\"wp-block-spacer\"><\/div>\n\n\n\n<p><strong>EDUCACI\u00d3N F\u00cdSICA<br><\/strong><\/p>\n<p>Profesora: Mar\u00eda Alejandra La Paz \/ alejandra.lapaz@colegio-sanandres.cl<\/p>\n<table style=\"border-collapse: collapse; width: 100%; height: 200px;\">\n<tbody>\n<tr style=\"height: 200px;\">\n<td style=\"width: 100%; height: 200px;\">\n<p style=\"text-align: justify;\"><span style=\"text-decoration: underline;\">Instrucciones de Trabajo 1\u00b0 B\u00e1sico Educaci\u00f3n F\u00edsica<\/span>: Los estudiantes deben realizar 2 formularios; uno referido espec\u00edficamente a la asignatura de Educaci\u00f3n F\u00edsica y otro referido al \u00c1rea Salud y H\u00e1bitos de Vida.<\/p>\n<\/td>\n<\/tr>\n<\/tbody>\n<\/table>\n\n\n\n<figure class=\"wp-block-embed-youtube wp-block-embed is-type-video is-provider-youtube wp-embed-aspect-16-9 wp-has-aspect-ratio\"><div class=\"wp-block-embed__wrapper\">\n<iframe loading=\"lazy\" title=\"Diagnostico de Ed. F\u00edsica 1\u00b0B\u00e1sico\" width=\"830\" height=\"467\" src=\"https:\/\/www.youtube.com\/embed\/eDb5v1OVgTs?feature=oembed\" frameborder=\"0\" allow=\"accelerometer; autoplay; clipboard-write; encrypted-media; gyroscope; picture-in-picture\" allowfullscreen><\/iframe>\n<\/div><\/figure>\n\n\n\n<p><strong>Ticket Evaluaci\u00f3n Diagn\u00f3stica Educaci\u00f3n F\u00edsica:<\/strong><\/p>\n<p style=\"text-align: center;\"><a href=\"https:\/\/forms.gle\/A7r9QUPm5MaSpEcU6\">https:\/\/forms.gle\/A7r9QUPm5MaSpEcU6<\/a><\/p>\n<p>\u00a0<\/p>\n<p><strong>Ticket Evaluaci\u00f3n Diagn\u00f3stica \u00ab\u00c1rea Salud y H\u00e1bitos de Vida\u00bb:<\/strong><\/p>\n<p style=\"text-align: center;\"><a href=\"https:\/\/forms.gle\/HmmXTtapXfNWigef7\">https:\/\/forms.gle\/HmmXTtapXfNWigef7<\/a><\/p>\n\n\n\n<hr class=\"wp-block-separator\"\/>\n","protected":false},"excerpt":{"rendered":"<p>LENGUAJE Profesora: Camila Ortiz \/ camila.ortiz@colegio-sanandres.cl &nbsp; Ticket Evaluaci\u00f3n Diagn\u00f3stica Lenguaje: https:\/\/forms.gle\/4LFdzwWxciErNGaX6 MATEM\u00c1TICAS Profesora: Constanza P\u00e9rez \/ constanza.perez@colegio-sanandres.cl &nbsp; Ticket Evaluaci\u00f3n Diagn\u00f3stica Matem\u00e1tica: https:\/\/forms.gle\/XzyYeVhWRDNKpL899 HISTORIA Profesora: Camila Ortiz \/ camila.ortiz@colegio-sanandres.cl &nbsp; Ticket Evaluaci\u00f3n Diagn\u00f3stica Historia: https:\/\/forms.gle\/UvX13ampF7phUWgx5 CIENCIAS NATURALES Profesora: Constanza P\u00e9rez \/ constanza.perez@colegio-sanandres.cl Ticket Evaluaci\u00f3n Diagn\u00f3stica Ciencias Naturales: https:\/\/forms.gle\/jtMHw4c9E2DwQFPx6 EDUCACI\u00d3N F\u00cdSICA Profesora: Mar\u00eda Alejandra La [&hellip;]<\/p>\n","protected":false},"author":3,"featured_media":0,"parent":0,"menu_order":0,"comment_status":"closed","ping_status":"closed","template":"","meta":{"footnotes":""},"class_list":["post-7320","page","type-page","status-publish","hentry"],"amp_enabled":true,"_links":{"self":[{"href":"http:\/\/www.colegio-sanandres.cl\/index.php?rest_route=\/wp\/v2\/pages\/7320","targetHints":{"allow":["GET"]}}],"collection":[{"href":"http:\/\/www.colegio-sanandres.cl\/index.php?rest_route=\/wp\/v2\/pages"}],"about":[{"href":"http:\/\/www.colegio-sanandres.cl\/index.php?rest_route=\/wp\/v2\/types\/page"}],"author":[{"embeddable":true,"href":"http:\/\/www.colegio-sanandres.cl\/index.php?rest_route=\/wp\/v2\/users\/3"}],"replies":[{"embeddable":true,"href":"http:\/\/www.colegio-sanandres.cl\/index.php?rest_route=%2Fwp%2Fv2%2Fcomments&post=7320"}],"version-history":[{"count":5,"href":"http:\/\/www.colegio-sanandres.cl\/index.php?rest_route=\/wp\/v2\/pages\/7320\/revisions"}],"predecessor-version":[{"id":7358,"href":"http:\/\/www.colegio-sanandres.cl\/index.php?rest_route=\/wp\/v2\/pages\/7320\/revisions\/7358"}],"wp:attachment":[{"href":"http:\/\/www.colegio-sanandres.cl\/index.php?rest_route=%2Fwp%2Fv2%2Fmedia&parent=7320"}],"curies":[{"name":"wp","href":"https:\/\/api.w.org\/{rel}","templated":true}]}}