{"id":7325,"date":"2021-03-13T17:40:15","date_gmt":"2021-03-13T20:40:15","guid":{"rendered":"http:\/\/www.colegio-sanandres.cl\/?page_id=7325"},"modified":"2021-03-14T21:50:51","modified_gmt":"2021-03-15T00:50:51","slug":"4o-basico-semana-1-lunes-15-al-viernes-19-marzo","status":"publish","type":"page","link":"http:\/\/www.colegio-sanandres.cl\/?page_id=7325","title":{"rendered":"4\u00ba B\u00c1SICO (Semana 1: Lunes 15 al Viernes 19 Marzo)"},"content":{"rendered":"\n<p><strong>LENGUAJE<\/strong><\/p>\n<p>Profesora: Ximena Hidalgo \/ ximena.hidalgo@colegio-sanandres.cl<\/p>\n\n\n\n<figure class=\"wp-block-embed-youtube wp-block-embed is-type-video is-provider-youtube wp-embed-aspect-16-9 wp-has-aspect-ratio\"><div class=\"wp-block-embed__wrapper\">\n<iframe loading=\"lazy\" title=\"Diagnostico lenguaje 4\u00b0to b\u00e1sico\" width=\"830\" height=\"467\" src=\"https:\/\/www.youtube.com\/embed\/2zNuTfnwr4A?feature=oembed\" frameborder=\"0\" allow=\"accelerometer; autoplay; clipboard-write; encrypted-media; gyroscope; picture-in-picture\" allowfullscreen><\/iframe>\n<\/div><\/figure>\n\n\n\n<p style=\"text-align: justify;\"><strong>Evaluaci\u00f3n Diagn\u00f3stica Lenguaje: <\/strong>Debes acceder al siguiente link, ingresar tu run (m\u00e1s conocido como Rut) y luego la contrase\u00f1a: sanandres2021<\/p>\n<p style=\"text-align: center;\"><a href=\"https:\/\/dia.agenciaeducacion.cl\/diag-web\/\">https:\/\/dia.agenciaeducacion.cl\/diag-web\/<\/a><\/p>\n\n\n\n<hr class=\"wp-block-separator\"\/>\n\n\n\n<div style=\"height:20px\" aria-hidden=\"true\" class=\"wp-block-spacer\"><\/div>\n\n\n\n<p><strong>MATEM\u00c1TICAS<\/strong><\/p>\n\n\n\n<p>Profesor: Manuel Hevia \/ manuel.hevia@colegio-sanandres.cl&nbsp;<\/p>\n\n\n\n<figure class=\"wp-block-embed-youtube wp-block-embed is-type-video is-provider-youtube wp-embed-aspect-16-9 wp-has-aspect-ratio\"><div class=\"wp-block-embed__wrapper\">\n<iframe loading=\"lazy\" title=\"4\u00b0 B\u00c1SICO - V\u00cdDEO 1: PRESENTACI\u00d3N.\" width=\"830\" height=\"467\" src=\"https:\/\/www.youtube.com\/embed\/5orsn9TJMd4?feature=oembed\" frameborder=\"0\" allow=\"accelerometer; autoplay; clipboard-write; encrypted-media; gyroscope; picture-in-picture\" allowfullscreen><\/iframe>\n<\/div><\/figure>\n\n\n\n<p style=\"text-align: justify;\"><strong>Evaluaci\u00f3n Diagn\u00f3stica Matem\u00e1tica: <\/strong>Debes acceder al siguiente link, ingresar tu run (m\u00e1s conocido como Rut) y luego la contrase\u00f1a: sanandres2021<\/p>\n<p style=\"text-align: center;\"><a href=\"https:\/\/dia.agenciaeducacion.cl\/diag-web\/\">https:\/\/dia.agenciaeducacion.cl\/diag-web\/<\/a><\/p>\n\n\n\n<hr class=\"wp-block-separator\"\/>\n\n\n\n<div style=\"height:20px\" aria-hidden=\"true\" class=\"wp-block-spacer\"><\/div>\n\n\n\n<p><strong>HISTORIA<\/strong><\/p>\n\n\n\n<p>Profesora: \u00c1lvaro Pino \/ alvaro.pino@colegio-sanandres.cl<\/p>\n\n\n\n<figure class=\"wp-block-embed-youtube wp-block-embed is-type-video is-provider-youtube wp-embed-aspect-16-9 wp-has-aspect-ratio\"><div class=\"wp-block-embed__wrapper\">\n<iframe loading=\"lazy\" title=\"Video Instructivo 4\u00b0 B\u00e1sico\" width=\"830\" height=\"467\" src=\"https:\/\/www.youtube.com\/embed\/ey6N5Y9LLQM?feature=oembed\" frameborder=\"0\" allow=\"accelerometer; autoplay; clipboard-write; encrypted-media; gyroscope; picture-in-picture\" allowfullscreen><\/iframe>\n<\/div><\/figure>\n\n\n\n<p><strong>Ticket Evaluaci\u00f3n Diagn\u00f3stica Historia:<\/strong><\/p>\n<p style=\"text-align: center;\"><a href=\"https:\/\/forms.gle\/vnsSKmUnX7LbAQCj9\">https:\/\/forms.gle\/vnsSKmUnX7LbAQCj9<\/a><\/p>\n\n\n\n<hr class=\"wp-block-separator\"\/>\n\n\n\n<div style=\"height:20px\" aria-hidden=\"true\" class=\"wp-block-spacer\"><\/div>\n\n\n\n<p><strong>CIENCIAS NATURALES<br><\/strong><\/p>\n<p>Profesora: M\u00f3nica Maldonado \/ monica.maldonado@colegio-sanandres.cl<\/p>\n\n\n\n<figure class=\"wp-block-embed-youtube wp-block-embed is-type-video is-provider-youtube wp-embed-aspect-16-9 wp-has-aspect-ratio\"><div class=\"wp-block-embed__wrapper\">\n<iframe loading=\"lazy\" title=\"video ciencias 4\u00b0 b\u00e1sicos 2021\" width=\"830\" height=\"467\" src=\"https:\/\/www.youtube.com\/embed\/zN4qjA_1odg?feature=oembed\" frameborder=\"0\" allow=\"accelerometer; autoplay; clipboard-write; encrypted-media; gyroscope; picture-in-picture\" allowfullscreen><\/iframe>\n<\/div><\/figure>\n\n\n\n<p><strong>Ticket Evaluaci\u00f3n Diagn\u00f3stica Ciencias Naturales:<\/strong><\/p>\n<p style=\"text-align: center;\"><a href=\"https:\/\/forms.gle\/K3ryU55QhQe33DSy7\">https:\/\/forms.gle\/K3ryU55QhQe33DSy7<\/a><\/p>\n\n\n\n<hr class=\"wp-block-separator\"\/>\n\n\n\n<div style=\"height:20px\" aria-hidden=\"true\" class=\"wp-block-spacer\"><\/div>\n\n\n\n<p><strong>INGL\u00c9S<br><\/strong><\/p>\n<p>Profesora: Patricia Catal\u00e1n \/ patricia.catalan@colegio-sanandres.cl<\/p>\n\n\n\n<figure class=\"wp-block-embed-youtube wp-block-embed is-type-video is-provider-youtube wp-embed-aspect-16-9 wp-has-aspect-ratio\"><div class=\"wp-block-embed__wrapper\">\n<iframe loading=\"lazy\" title=\"Instrucciones evaluaci\u00f3n diagn\u00f3stico Ingl\u00e9s - 4\u00b0 b\u00e1sico\" width=\"830\" height=\"467\" src=\"https:\/\/www.youtube.com\/embed\/297UT-eUExw?feature=oembed\" frameborder=\"0\" allow=\"accelerometer; autoplay; clipboard-write; encrypted-media; gyroscope; picture-in-picture\" allowfullscreen><\/iframe>\n<\/div><\/figure>\n\n\n\n<p><strong>Ticket Evaluaci\u00f3n Diagn\u00f3stica Ingl\u00e9s:<\/strong><\/p>\n<p style=\"text-align: center;\"><a href=\"https:\/\/forms.gle\/SJnwVWgDwBUtQPRt9\">https:\/\/forms.gle\/SJnwVWgDwBUtQPRt9<\/a><\/p>\n\n\n\n<hr class=\"wp-block-separator\"\/>\n\n\n\n<div style=\"height:20px\" aria-hidden=\"true\" class=\"wp-block-spacer\"><\/div>\n\n\n\n<p><strong>EDUCACI\u00d3N MUSICAL<br><\/strong><\/p>\n<p>Profesor: Cristian Chac\u00f3n \/ cristian.chacon@colegio-sanandres.cl<\/p>\n\n\n\n<figure class=\"wp-block-embed-youtube wp-block-embed is-type-video is-provider-youtube wp-embed-aspect-16-9 wp-has-aspect-ratio\"><div class=\"wp-block-embed__wrapper\">\n<iframe loading=\"lazy\" title=\"4to b\u00e1sico diagnostico\" width=\"830\" height=\"467\" src=\"https:\/\/www.youtube.com\/embed\/9R_wGyc7dOw?feature=oembed\" frameborder=\"0\" allow=\"accelerometer; autoplay; clipboard-write; encrypted-media; gyroscope; picture-in-picture\" allowfullscreen><\/iframe>\n<\/div><\/figure>\n\n\n\n<p><strong>Ticket Evaluaci\u00f3n Diagn\u00f3stica M\u00fasica:<\/strong><\/p>\n<p style=\"text-align: center;\"><a href=\"https:\/\/forms.gle\/wn7vGzBaVr7G2NdM8\">https:\/\/forms.gle\/wn7vGzBaVr7G2NdM8<\/a><\/p>\n\n\n\n<hr class=\"wp-block-separator\"\/>\n\n\n\n<div style=\"height:20px\" aria-hidden=\"true\" class=\"wp-block-spacer\"><\/div>\n\n\n\n<p><strong>ARTES VISUALES<br><\/strong><\/p>\n<p>Profesora: Susana Ortiz \/ susana.ortiz@colegio-sanandres.cl<\/p>\n<p><a href=\"http:\/\/www.colegio-sanandres.cl\/wp-content\/uploads\/2021\/03\/EVALUACI\u00d3N-DIAGNOSTICA-4\u00b0.pdf\">PPT Explicativo Artes Visuales 4\u00b0 B\u00e1sico.<\/a><\/p>\n\n\n\n<figure class=\"wp-block-embed-youtube wp-block-embed is-type-video is-provider-youtube wp-embed-aspect-16-9 wp-has-aspect-ratio\"><div class=\"wp-block-embed__wrapper\">\n<iframe loading=\"lazy\" title=\"Video Artes Visuales 4\u00b0 b\u00e1sico.  Diagn\u00f3stico.\" width=\"830\" height=\"467\" src=\"https:\/\/www.youtube.com\/embed\/cpe6mG9tLSQ?feature=oembed\" frameborder=\"0\" allow=\"accelerometer; autoplay; clipboard-write; encrypted-media; gyroscope; picture-in-picture\" allowfullscreen><\/iframe>\n<\/div><\/figure>\n\n\n\n<p><strong>Ticket Evaluaci\u00f3n Diagn\u00f3stica Artes Visuales:<\/strong><\/p>\n<p style=\"text-align: center;\"><a href=\"https:\/\/forms.gle\/rvJ6dcnQn3Mj51Yb9\">https:\/\/forms.gle\/rvJ6dcnQn3Mj51Yb9<\/a><\/p>\n\n\n\n<hr class=\"wp-block-separator\"\/>\n\n\n\n<div style=\"height:20px\" aria-hidden=\"true\" class=\"wp-block-spacer\"><\/div>\n\n\n\n<p><strong>EDUCACI\u00d3N F\u00cdSICA<br><\/strong><\/p>\n<p>Profesora: Mar\u00eda Alejandra La Paz \/ alejandra.lapaz@colegio-sanandres.cl<\/p>\n\n\n\n<figure class=\"wp-block-embed-youtube wp-block-embed is-type-video is-provider-youtube wp-embed-aspect-16-9 wp-has-aspect-ratio\"><div class=\"wp-block-embed__wrapper\">\n<iframe loading=\"lazy\" title=\"Diagnostico de Ed. F\u00edsica 4\u00b0 B\u00e1sico\" width=\"830\" height=\"467\" src=\"https:\/\/www.youtube.com\/embed\/0w_cetEIov0?feature=oembed\" frameborder=\"0\" allow=\"accelerometer; autoplay; clipboard-write; encrypted-media; gyroscope; picture-in-picture\" allowfullscreen><\/iframe>\n<\/div><\/figure>\n\n\n\n<p><strong>Ticket Evaluaci\u00f3n Diagn\u00f3stica Educaci\u00f3n F\u00edsica:<\/strong><\/p>\n<p style=\"text-align: center;\"><a href=\"https:\/\/forms.gle\/QwvKLpbgpAAGNqEo6\">https:\/\/forms.gle\/QwvKLpbgpAAGNqEo6<\/a><\/p>\n<p>&nbsp;<\/p>\n<p><strong>Ticket Evaluaci\u00f3n Diagn\u00f3stica \u00ab\u00c1rea Salud y H\u00e1bitos de Vida\u00bb:<\/strong><\/p>\n<p style=\"text-align: center;\"><a href=\"https:\/\/forms.gle\/owvhM3KgXniBch3L7\">https:\/\/forms.gle\/owvhM3KgXniBch3L7<\/a><\/p>\n\n\n\n<hr class=\"wp-block-separator\"\/>\n\n\n","protected":false},"excerpt":{"rendered":"<p>LENGUAJE Profesora: Ximena Hidalgo \/ ximena.hidalgo@colegio-sanandres.cl Evaluaci\u00f3n Diagn\u00f3stica Lenguaje: Debes acceder al siguiente link, ingresar tu run (m\u00e1s conocido como Rut) y luego la contrase\u00f1a: sanandres2021 https:\/\/dia.agenciaeducacion.cl\/diag-web\/ MATEM\u00c1TICAS Profesor: Manuel Hevia \/ manuel.hevia@colegio-sanandres.cl&nbsp; Evaluaci\u00f3n Diagn\u00f3stica Matem\u00e1tica: Debes acceder al siguiente link, ingresar tu run (m\u00e1s conocido como Rut) y luego la contrase\u00f1a: sanandres2021 https:\/\/dia.agenciaeducacion.cl\/diag-web\/ HISTORIA [&hellip;]<\/p>\n","protected":false},"author":3,"featured_media":0,"parent":0,"menu_order":0,"comment_status":"closed","ping_status":"closed","template":"","meta":{"footnotes":""},"class_list":["post-7325","page","type-page","status-publish","hentry"],"amp_enabled":true,"_links":{"self":[{"href":"http:\/\/www.colegio-sanandres.cl\/index.php?rest_route=\/wp\/v2\/pages\/7325","targetHints":{"allow":["GET"]}}],"collection":[{"href":"http:\/\/www.colegio-sanandres.cl\/index.php?rest_route=\/wp\/v2\/pages"}],"about":[{"href":"http:\/\/www.colegio-sanandres.cl\/index.php?rest_route=\/wp\/v2\/types\/page"}],"author":[{"embeddable":true,"href":"http:\/\/www.colegio-sanandres.cl\/index.php?rest_route=\/wp\/v2\/users\/3"}],"replies":[{"embeddable":true,"href":"http:\/\/www.colegio-sanandres.cl\/index.php?rest_route=%2Fwp%2Fv2%2Fcomments&post=7325"}],"version-history":[{"count":3,"href":"http:\/\/www.colegio-sanandres.cl\/index.php?rest_route=\/wp\/v2\/pages\/7325\/revisions"}],"predecessor-version":[{"id":7365,"href":"http:\/\/www.colegio-sanandres.cl\/index.php?rest_route=\/wp\/v2\/pages\/7325\/revisions\/7365"}],"wp:attachment":[{"href":"http:\/\/www.colegio-sanandres.cl\/index.php?rest_route=%2Fwp%2Fv2%2Fmedia&parent=7325"}],"curies":[{"name":"wp","href":"https:\/\/api.w.org\/{rel}","templated":true}]}}