{"id":7330,"date":"2021-03-13T17:49:33","date_gmt":"2021-03-13T20:49:33","guid":{"rendered":"http:\/\/www.colegio-sanandres.cl\/?page_id=7330"},"modified":"2021-03-14T21:58:44","modified_gmt":"2021-03-15T00:58:44","slug":"5o-basico-semana-1-lunes-15-al-viernes-19-marzo","status":"publish","type":"page","link":"http:\/\/www.colegio-sanandres.cl\/?page_id=7330","title":{"rendered":"5\u00ba B\u00c1SICO (Semana 1: Lunes 15 al Viernes 19 Marzo)"},"content":{"rendered":"\n<p><strong>LENGUAJE<\/strong><\/p>\n<p>Profesora: Isabel Rivera \/ isabel.rivera@colegio-sanandres.cl<\/p>\n\n\n\n<figure class=\"wp-block-embed-youtube wp-block-embed is-type-video is-provider-youtube wp-embed-aspect-16-9 wp-has-aspect-ratio wp-embed-aspect-4-3\"><div class=\"wp-block-embed__wrapper\">\n<iframe loading=\"lazy\" title=\"diagn\u00f3stico lenguaje 2021\" width=\"830\" height=\"467\" src=\"https:\/\/www.youtube.com\/embed\/KWxWzWQMhHM?feature=oembed\" frameborder=\"0\" allow=\"accelerometer; autoplay; clipboard-write; encrypted-media; gyroscope; picture-in-picture\" allowfullscreen><\/iframe>\n<\/div><\/figure>\n\n\n\n<p style=\"text-align: justify;\"><strong>Evaluaci\u00f3n Diagn\u00f3stica Lenguaje: <\/strong>Debes acceder al siguiente link, ingresar tu run (m\u00e1s conocido como Rut) y luego la contrase\u00f1a: sanandres2021<\/p>\n<p style=\"text-align: center;\"><a href=\"https:\/\/dia.agenciaeducacion.cl\/diag-web\/\">https:\/\/dia.agenciaeducacion.cl\/diag-web\/<\/a><\/p>\n\n\n\n<hr class=\"wp-block-separator\"\/>\n\n\n\n<div style=\"height:20px\" aria-hidden=\"true\" class=\"wp-block-spacer\"><\/div>\n\n\n\n<p><strong>MATEM\u00c1TICAS<\/strong><\/p>\n\n\n\n<p>Profesora: Pamela P\u00e9rez  \/ pamela.perez@colegio-sanandres.cl<\/p>\n\n\n\n<figure class=\"wp-block-embed-youtube wp-block-embed is-type-video is-provider-youtube wp-embed-aspect-16-9 wp-has-aspect-ratio\"><div class=\"wp-block-embed__wrapper\">\n<iframe loading=\"lazy\" title=\"Diagn\u00f3stico matem\u00e1tica  PAR semana 1 desde el  15 al 19 marzo 2021\" width=\"830\" height=\"467\" src=\"https:\/\/www.youtube.com\/embed\/v9WAMJsXBJ0?feature=oembed\" frameborder=\"0\" allow=\"accelerometer; autoplay; clipboard-write; encrypted-media; gyroscope; picture-in-picture\" allowfullscreen><\/iframe>\n<\/div><\/figure>\n\n\n\n<p style=\"text-align: justify;\"><strong>Evaluaci\u00f3n Diagn\u00f3stica Matem\u00e1tica: <\/strong>Debes acceder al siguiente link, ingresar tu run (m\u00e1s conocido como Rut) y luego la contrase\u00f1a: sanandres2021<\/p>\n<p style=\"text-align: center;\"><a href=\"https:\/\/dia.agenciaeducacion.cl\/diag-web\/\">https:\/\/dia.agenciaeducacion.cl\/diag-web\/<\/a><\/p>\n\n\n\n<hr class=\"wp-block-separator\"\/>\n\n\n\n<div style=\"height:20px\" aria-hidden=\"true\" class=\"wp-block-spacer\"><\/div>\n\n\n\n<p><strong>HISTORIA<\/strong><\/p>\n<p>Profesora: \u00c1ngela Mendoza \/ angela.mendoza@colegio-sanandres.cl<\/p>\n\n\n\n<figure class=\"wp-block-embed-youtube wp-block-embed is-type-video is-provider-youtube wp-embed-aspect-16-9 wp-has-aspect-ratio wp-embed-aspect-4-3\"><div class=\"wp-block-embed__wrapper\">\n<iframe loading=\"lazy\" title=\"Bienvenida 5\u00b0 b\u00e1sicos 2021 - Invitaci\u00f3n a la primera actividad\" width=\"830\" height=\"467\" src=\"https:\/\/www.youtube.com\/embed\/B7hZDq8aMKU?feature=oembed\" frameborder=\"0\" allow=\"accelerometer; autoplay; clipboard-write; encrypted-media; gyroscope; picture-in-picture\" allowfullscreen><\/iframe>\n<\/div><\/figure>\n\n\n\n<p><strong>Ticket Evaluaci\u00f3n Diagn\u00f3stica Historia:<\/strong><\/p>\n<p style=\"text-align: center;\"><a href=\"https:\/\/forms.gle\/f4DcNNk3X3Rr9htBA\">https:\/\/forms.gle\/f4DcNNk3X3Rr9htBA<\/a><\/p>\n\n\n\n<hr class=\"wp-block-separator\"\/>\n\n\n\n<div style=\"height:20px\" aria-hidden=\"true\" class=\"wp-block-spacer\"><\/div>\n\n\n\n<p><strong>CIENCIAS NATURALES<\/strong><\/p>\n<p>Profesora: Priscila Mu\u00f1oz \/ priscila.munoz@colegio-sanandres.cl<\/p>\n\n\n\n<figure class=\"wp-block-embed-youtube wp-block-embed is-type-video is-provider-youtube wp-embed-aspect-16-9 wp-has-aspect-ratio\"><div class=\"wp-block-embed__wrapper\">\n<iframe loading=\"lazy\" title=\"5 diag\" width=\"830\" height=\"467\" src=\"https:\/\/www.youtube.com\/embed\/1ExVG0H2XLY?feature=oembed\" frameborder=\"0\" allow=\"accelerometer; autoplay; clipboard-write; encrypted-media; gyroscope; picture-in-picture\" allowfullscreen><\/iframe>\n<\/div><\/figure>\n\n\n\n<p><strong>Ticket Evaluaci\u00f3n Diagn\u00f3stica Ciencias Naturales:<\/strong><\/p>\n<p style=\"text-align: center;\"><a href=\"https:\/\/forms.gle\/Kn3Bjtw7fKjec1CF6\">https:\/\/forms.gle\/Kn3Bjtw7fKjec1CF6<\/a><\/p>\n\n\n\n<hr class=\"wp-block-separator\"\/>\n\n\n\n<div style=\"height:20px\" aria-hidden=\"true\" class=\"wp-block-spacer\"><\/div>\n\n\n\n<p><strong>INGL\u00c9S<br \/><\/strong><\/p>\n<p>Profesora: Patricia Catal\u00e1n \/ patricia.catalan@colegio-sanandres.cl<\/p>\n\n\n\n<figure class=\"wp-block-embed-youtube wp-block-embed is-type-video is-provider-youtube wp-embed-aspect-16-9 wp-has-aspect-ratio wp-embed-aspect-4-3\"><div class=\"wp-block-embed__wrapper\">\n<iframe loading=\"lazy\" title=\"Instrucciones evaluaci\u00f3n diagn\u00f3stico Ingl\u00e9s - 5\u00b0 b\u00e1sico\" width=\"830\" height=\"467\" src=\"https:\/\/www.youtube.com\/embed\/LmI4IyiN3uA?feature=oembed\" frameborder=\"0\" allow=\"accelerometer; autoplay; clipboard-write; encrypted-media; gyroscope; picture-in-picture\" allowfullscreen><\/iframe>\n<\/div><\/figure>\n\n\n\n<p><strong>Ticket Evaluaci\u00f3n Diagn\u00f3stica Ingl\u00e9s:<\/strong><\/p>\n<p style=\"text-align: center;\"><a href=\"https:\/\/forms.gle\/ASGxTJWmno5TK9128\">https:\/\/forms.gle\/ASGxTJWmno5TK9128<\/a><\/p>\n\n\n\n<hr class=\"wp-block-separator\"\/>\n\n\n\n<div style=\"height:20px\" aria-hidden=\"true\" class=\"wp-block-spacer\"><\/div>\n\n\n\n<p><strong>EDUCACI\u00d3N MUSICAL <br \/><\/strong><\/p>\n<p>Profesor: Cristian Chac\u00f3n \/ cristian.chacon@colegio-sanandres.cl<\/p>\n\n\n\n<figure class=\"wp-block-embed-youtube wp-block-embed is-type-video is-provider-youtube wp-embed-aspect-16-9 wp-has-aspect-ratio\"><div class=\"wp-block-embed__wrapper\">\n<iframe loading=\"lazy\" title=\"5to b\u00e1sico diagnostico\" width=\"830\" height=\"467\" src=\"https:\/\/www.youtube.com\/embed\/bvVQ7WHyLF8?feature=oembed\" frameborder=\"0\" allow=\"accelerometer; autoplay; clipboard-write; encrypted-media; gyroscope; picture-in-picture\" allowfullscreen><\/iframe>\n<\/div><\/figure>\n\n\n\n<p><strong>Ticket Evaluaci\u00f3n Diagn\u00f3stica M\u00fasica:<\/strong><\/p>\n<p style=\"text-align: center;\"><a href=\"https:\/\/forms.gle\/YTXChs6DWYgWznxs6\">https:\/\/forms.gle\/YTXChs6DWYgWznxs6<\/a><\/p>\n\n\n\n<hr class=\"wp-block-separator\"\/>\n\n\n\n<div style=\"height:20px\" aria-hidden=\"true\" class=\"wp-block-spacer\"><\/div>\n\n\n\n<p><strong>ARTES VISUALES<br \/><\/strong><\/p>\n<p>Profesora: Susana Ortiz \/ susana.ortiz@colegio-sanandres.cl<\/p>\n<p><a href=\"http:\/\/www.colegio-sanandres.cl\/wp-content\/uploads\/2021\/03\/EVALUACI\u00d3N-DIAGNOSTICA-5\u00b0.pdf\">PPT Explicativo Artes Visuales 5\u00b0 B\u00e1sico.<\/a><\/p>\n\n\n\n<figure class=\"wp-block-embed-youtube wp-block-embed is-type-video is-provider-youtube wp-embed-aspect-16-9 wp-has-aspect-ratio\"><div class=\"wp-block-embed__wrapper\">\n<iframe loading=\"lazy\" title=\"Video Artes Visuales 5\u00b0b\u00e1sico. Diagn\u00f3stico.\" width=\"830\" height=\"467\" src=\"https:\/\/www.youtube.com\/embed\/twA8A-ckevk?feature=oembed\" frameborder=\"0\" allow=\"accelerometer; autoplay; clipboard-write; encrypted-media; gyroscope; picture-in-picture\" allowfullscreen><\/iframe>\n<\/div><\/figure>\n\n\n\n<p><strong>Ticket Evaluaci\u00f3n Diagn\u00f3stica Artes Visuales:<\/strong><\/p>\n<p style=\"text-align: center;\"><a href=\"https:\/\/forms.gle\/Rdkgwuv3L1CRdBJXA\">https:\/\/forms.gle\/Rdkgwuv3L1CRdBJXA<\/a><\/p>\n\n\n\n<hr class=\"wp-block-separator\"\/>\n\n\n\n<div style=\"height:20px\" aria-hidden=\"true\" class=\"wp-block-spacer\"><\/div>\n\n\n\n<p><strong>EDUCACI\u00d3N F\u00cdSICA<br \/><\/strong><\/p>\n<p>Profesora: Mar\u00eda Alejandra La Paz \/ alejandra.lapaz@colegio-sanandres.cl<\/p>\n<p><iframe loading=\"lazy\" title=\"Instrucciones de Diagnostico de Ed. F\u00edsica: Bater\u00eda de test de condici\u00f3n f\u00edsica.\" width=\"830\" height=\"467\" src=\"https:\/\/www.youtube.com\/embed\/Btk1HTnWMyA?feature=oembed\" frameborder=\"0\" allow=\"accelerometer; autoplay; clipboard-write; encrypted-media; gyroscope; picture-in-picture\" allowfullscreen><\/iframe><\/p>\n\n\n\n<p><strong>Ticket Evaluaci\u00f3n Diagn\u00f3stica Educaci\u00f3n F\u00edsica:<\/strong><\/p>\n<p style=\"text-align: center;\"><a href=\"https:\/\/forms.gle\/6yi2EqzUuEYB7N6H6\">https:\/\/forms.gle\/6yi2EqzUuEYB7N6H6<\/a><\/p>\n<p>\u00a0<\/p>\n<p><strong>Ticket Evaluaci\u00f3n Diagn\u00f3stica \u00ab\u00c1rea Salud y H\u00e1bitos de Vida\u00bb:<\/strong><\/p>\n<p style=\"text-align: center;\"><a href=\"https:\/\/forms.gle\/7CM1XdqG7KF5aFQb9\">https:\/\/forms.gle\/7CM1XdqG7KF5aFQb9<\/a><\/p>\n\n\n\n<hr class=\"wp-block-separator\"\/>\n","protected":false},"excerpt":{"rendered":"<p>LENGUAJE Profesora: Isabel Rivera \/ isabel.rivera@colegio-sanandres.cl Evaluaci\u00f3n Diagn\u00f3stica Lenguaje: Debes acceder al siguiente link, ingresar tu run (m\u00e1s conocido como Rut) y luego la contrase\u00f1a: sanandres2021 https:\/\/dia.agenciaeducacion.cl\/diag-web\/ MATEM\u00c1TICAS Profesora: Pamela P\u00e9rez \/ pamela.perez@colegio-sanandres.cl Evaluaci\u00f3n Diagn\u00f3stica Matem\u00e1tica: Debes acceder al siguiente link, ingresar tu run (m\u00e1s conocido como Rut) y luego la contrase\u00f1a: sanandres2021 https:\/\/dia.agenciaeducacion.cl\/diag-web\/ HISTORIA [&hellip;]<\/p>\n","protected":false},"author":3,"featured_media":0,"parent":0,"menu_order":0,"comment_status":"closed","ping_status":"closed","template":"","meta":{"footnotes":""},"class_list":["post-7330","page","type-page","status-publish","hentry"],"amp_enabled":true,"_links":{"self":[{"href":"http:\/\/www.colegio-sanandres.cl\/index.php?rest_route=\/wp\/v2\/pages\/7330","targetHints":{"allow":["GET"]}}],"collection":[{"href":"http:\/\/www.colegio-sanandres.cl\/index.php?rest_route=\/wp\/v2\/pages"}],"about":[{"href":"http:\/\/www.colegio-sanandres.cl\/index.php?rest_route=\/wp\/v2\/types\/page"}],"author":[{"embeddable":true,"href":"http:\/\/www.colegio-sanandres.cl\/index.php?rest_route=\/wp\/v2\/users\/3"}],"replies":[{"embeddable":true,"href":"http:\/\/www.colegio-sanandres.cl\/index.php?rest_route=%2Fwp%2Fv2%2Fcomments&post=7330"}],"version-history":[{"count":2,"href":"http:\/\/www.colegio-sanandres.cl\/index.php?rest_route=\/wp\/v2\/pages\/7330\/revisions"}],"predecessor-version":[{"id":7367,"href":"http:\/\/www.colegio-sanandres.cl\/index.php?rest_route=\/wp\/v2\/pages\/7330\/revisions\/7367"}],"wp:attachment":[{"href":"http:\/\/www.colegio-sanandres.cl\/index.php?rest_route=%2Fwp%2Fv2%2Fmedia&parent=7330"}],"curies":[{"name":"wp","href":"https:\/\/api.w.org\/{rel}","templated":true}]}}