{"id":7398,"date":"2021-03-18T19:45:59","date_gmt":"2021-03-18T22:45:59","guid":{"rendered":"http:\/\/www.colegio-sanandres.cl\/?page_id=7398"},"modified":"2021-03-19T17:41:50","modified_gmt":"2021-03-19T20:41:50","slug":"clases-via-meet-semana-2-lunes-22-al-viernes-26-de-marzo","status":"publish","type":"page","link":"http:\/\/www.colegio-sanandres.cl\/?page_id=7398","title":{"rendered":"Clases v\u00eda Meet (Semana 2: Lunes 22 al Viernes 26 de Marzo)."},"content":{"rendered":"\n<p style=\"font-size:24px\" class=\"has-text-color has-background has-text-align-center has-very-dark-gray-color has-vivid-green-cyan-background-color\"><strong>EDUCACI\u00d3N PARVULARIA<\/strong><\/p>\n\n\n\n<p><span style=\"background-color: #ffffff;\"><a style=\"background-color: #ffffff;\" href=\"http:\/\/www.colegio-sanandres.cl\/?page_id=7405\"><strong>PRE K\u00cdNDER A<\/strong><\/a><\/span><\/p>\n\n\n\n<p><a href=\"http:\/\/www.colegio-sanandres.cl\/?page_id=7436\"><span style=\"background-color: #ffffff;\"><strong>PRE K\u00cdNDER B<\/strong><\/span><\/a><\/p>\n\n\n\n<p><a href=\"http:\/\/www.colegio-sanandres.cl\/?page_id=7428\"><strong>K\u00cdNDER<\/strong> <strong>A<\/strong><\/a><\/p>\n\n\n\n<p><a href=\"http:\/\/www.colegio-sanandres.cl\/?page_id=7440\"><strong>K\u00cdNDER<\/strong> <strong>B<\/strong><\/a><\/p>\n\n\n\n\n\n<p style=\"font-size:24px\" class=\"has-text-color has-background has-text-align-center has-very-dark-gray-color has-luminous-vivid-orange-background-color\"><strong>PRIMER CICLO B\u00c1SICO<\/strong><\/p>\n\n\n\n<p><a href=\"http:\/\/www.colegio-sanandres.cl\/?page_id=7444\"><strong>1\u00ba B\u00c1SICO<\/strong> <strong>A<\/strong><\/a><\/p>\n\n\n\n<p><a href=\"http:\/\/www.colegio-sanandres.cl\/?page_id=7447\"><strong>1\u00b0 B\u00c1SICO B<\/strong><\/a><\/p>\n\n\n\n<p><a href=\"http:\/\/www.colegio-sanandres.cl\/?page_id=7450\"><strong>2\u00ba B\u00c1SICO<\/strong> <strong>A<\/strong><\/a><\/p>\n\n\n\n<p><a href=\"http:\/\/www.colegio-sanandres.cl\/?page_id=7454\"><strong>2\u00ba B\u00c1SICO<\/strong> <strong>B<\/strong><\/a><\/p>\n\n\n\n<p><a href=\"http:\/\/www.colegio-sanandres.cl\/?page_id=7458\"><strong>3\u00ba B\u00c1SICO<\/strong> <strong>A<\/strong><\/a><\/p>\n\n\n\n<p><a href=\"http:\/\/www.colegio-sanandres.cl\/?page_id=7462\"><strong>3\u00ba B\u00c1SICO<\/strong> <strong>B<\/strong><\/a><\/p>\n\n\n\n<p><a href=\"http:\/\/www.colegio-sanandres.cl\/?page_id=7465\"><strong>4\u00ba B\u00c1SICO<\/strong> <strong>A<\/strong><\/a><\/p>\n\n\n\n<p><a href=\"http:\/\/www.colegio-sanandres.cl\/?page_id=7469\"><strong>4\u00ba B\u00c1SICO<\/strong> <strong>B<\/strong><\/a><\/p>\n\n\n\n\n\n<p style=\"font-size:24px\" class=\"has-text-color has-background has-text-align-center has-very-dark-gray-color has-vivid-cyan-blue-background-color\"><strong>SEGUNDO CICLO B\u00c1SICO<\/strong><\/p>\n\n\n\n<p><a href=\"http:\/\/www.colegio-sanandres.cl\/?page_id=7473\"><strong>5\u00ba B\u00c1SICO<\/strong> <strong>A<\/strong><\/a><\/p>\n\n\n\n<p><a href=\"http:\/\/www.colegio-sanandres.cl\/?page_id=7476\"><strong>5\u00ba B\u00c1SICO<\/strong> <strong>B<\/strong><\/a><\/p>\n\n\n\n<p><a href=\"http:\/\/www.colegio-sanandres.cl\/?page_id=7479\"><strong>6\u00ba B\u00c1SICO<\/strong> <strong>A<\/strong><\/a><\/p>\n\n\n\n<p><a href=\"http:\/\/www.colegio-sanandres.cl\/?page_id=7482\"><strong>6\u00ba B\u00c1SICO<\/strong> <strong>B<\/strong><\/a><\/p>\n\n\n\n<p><a href=\"http:\/\/www.colegio-sanandres.cl\/?page_id=7485\"><strong>7\u00ba B\u00c1SICO<\/strong> <strong>A<\/strong><\/a><\/p>\n\n\n\n<p><strong><a href=\"http:\/\/www.colegio-sanandres.cl\/?page_id=7488\">7\u00ba B\u00c1SICO B<\/a><\/strong><\/p>\n\n\n\n<p><a href=\"http:\/\/www.colegio-sanandres.cl\/?page_id=7491\"><strong>8\u00ba B\u00c1SICO<\/strong> <strong>A<\/strong><\/a><\/p>\n\n\n\n<p><a href=\"http:\/\/www.colegio-sanandres.cl\/?page_id=7494\"><strong>8\u00ba B\u00c1SICO<\/strong> <strong>B<\/strong><\/a><\/p>\n\n\n","protected":false},"excerpt":{"rendered":"<p>EDUCACI\u00d3N PARVULARIA PRE K\u00cdNDER A PRE K\u00cdNDER B K\u00cdNDER A K\u00cdNDER B PRIMER CICLO B\u00c1SICO 1\u00ba B\u00c1SICO A 1\u00b0 B\u00c1SICO B 2\u00ba B\u00c1SICO A 2\u00ba B\u00c1SICO B 3\u00ba B\u00c1SICO A 3\u00ba B\u00c1SICO B 4\u00ba B\u00c1SICO A 4\u00ba B\u00c1SICO B SEGUNDO CICLO B\u00c1SICO 5\u00ba B\u00c1SICO A 5\u00ba B\u00c1SICO B 6\u00ba B\u00c1SICO A 6\u00ba B\u00c1SICO B 7\u00ba [&hellip;]<\/p>\n","protected":false},"author":3,"featured_media":0,"parent":0,"menu_order":0,"comment_status":"closed","ping_status":"closed","template":"","meta":{"footnotes":""},"class_list":["post-7398","page","type-page","status-publish","hentry"],"amp_enabled":true,"_links":{"self":[{"href":"http:\/\/www.colegio-sanandres.cl\/index.php?rest_route=\/wp\/v2\/pages\/7398","targetHints":{"allow":["GET"]}}],"collection":[{"href":"http:\/\/www.colegio-sanandres.cl\/index.php?rest_route=\/wp\/v2\/pages"}],"about":[{"href":"http:\/\/www.colegio-sanandres.cl\/index.php?rest_route=\/wp\/v2\/types\/page"}],"author":[{"embeddable":true,"href":"http:\/\/www.colegio-sanandres.cl\/index.php?rest_route=\/wp\/v2\/users\/3"}],"replies":[{"embeddable":true,"href":"http:\/\/www.colegio-sanandres.cl\/index.php?rest_route=%2Fwp%2Fv2%2Fcomments&post=7398"}],"version-history":[{"count":10,"href":"http:\/\/www.colegio-sanandres.cl\/index.php?rest_route=\/wp\/v2\/pages\/7398\/revisions"}],"predecessor-version":[{"id":7496,"href":"http:\/\/www.colegio-sanandres.cl\/index.php?rest_route=\/wp\/v2\/pages\/7398\/revisions\/7496"}],"wp:attachment":[{"href":"http:\/\/www.colegio-sanandres.cl\/index.php?rest_route=%2Fwp%2Fv2%2Fmedia&parent=7398"}],"curies":[{"name":"wp","href":"https:\/\/api.w.org\/{rel}","templated":true}]}}