{"id":7447,"date":"2021-03-18T22:14:37","date_gmt":"2021-03-19T01:14:37","guid":{"rendered":"http:\/\/www.colegio-sanandres.cl\/?page_id=7447"},"modified":"2021-03-19T00:36:44","modified_gmt":"2021-03-19T03:36:44","slug":"1o-basico-b-semana-2-clases-meet-lunes-22-al-viernes-26-de-marzo","status":"publish","type":"page","link":"http:\/\/www.colegio-sanandres.cl\/?page_id=7447","title":{"rendered":"1\u00ba B\u00e1sico B (Semana 2: Clases Meet Lunes 22 al Viernes 26 de Marzo)."},"content":{"rendered":"\n<p><a href=\"http:\/\/www.colegio-sanandres.cl\/wp-content\/uploads\/2021\/03\/1\u00b0B-1.jpg\"><img loading=\"lazy\" decoding=\"async\" class=\"alignnone size-large wp-image-7407\" src=\"http:\/\/www.colegio-sanandres.cl\/wp-content\/uploads\/2021\/03\/1\u00b0B-1-1200x675.jpg\" alt=\"\" width=\"830\" height=\"467\" srcset=\"http:\/\/www.colegio-sanandres.cl\/wp-content\/uploads\/2021\/03\/1\u00b0B-1-1200x675.jpg 1200w, http:\/\/www.colegio-sanandres.cl\/wp-content\/uploads\/2021\/03\/1\u00b0B-1-850x478.jpg 850w, http:\/\/www.colegio-sanandres.cl\/wp-content\/uploads\/2021\/03\/1\u00b0B-1-250x141.jpg 250w, http:\/\/www.colegio-sanandres.cl\/wp-content\/uploads\/2021\/03\/1\u00b0B-1-768x432.jpg 768w, http:\/\/www.colegio-sanandres.cl\/wp-content\/uploads\/2021\/03\/1\u00b0B-1.jpg 1280w\" sizes=\"auto, (max-width: 830px) 100vw, 830px\" \/><\/a><\/p>\n\n\n\n<h3 style=\"text-align: center;\"><span style=\"background-color: #33cccc;\"><strong><span style=\"background-color: #cc99ff;\">EDUCACI\u00d3N F\u00cdSICA<\/span><br \/><\/strong><\/span><\/h3>\n<table style=\"width: 100%; height: 120px;\" width=\"273\">\n<tbody>\n<tr style=\"height: 24px;\">\n<td style=\"text-align: center; height: 24px; width: 98.9655%;\" width=\"273\"><strong>LUNES<br \/><\/strong><\/td>\n<\/tr>\n<tr style=\"height: 24px;\">\n<td style=\"height: 24px; text-align: left; width: 98.9655%;\" width=\"273\">Asignatura Educaci\u00f3n F\u00edsica \u00a0\u00a0\u00a0\u00a0\u00a0\u00a0\u00a0\u00a0\u00a0<\/td>\n<\/tr>\n<tr style=\"height: 24px;\">\n<td style=\"height: 24px; text-align: left; width: 98.9655%;\" width=\"273\">Horario 16:00 a 16:45<\/td>\n<\/tr>\n<tr style=\"height: 24px;\">\n<td style=\"width: 98.9655%; height: 24px;\" width=\"173\">Docente: Mar\u00eda Alejandra La Paz<\/td>\n<\/tr>\n<tr style=\"height: 24px;\">\n<td style=\"height: 24px; text-align: left; width: 98.9655%;\" width=\"273\">Link de Acceso <a href=\"https:\/\/meet.google.com\/oun-xbki-qvr\">https:\/\/meet.google.com\/oun-xbki-qvr<\/a><\/td>\n<\/tr>\n<\/tbody>\n<\/table>\n\n\n\n<div style=\"height:20px\" aria-hidden=\"true\" class=\"wp-block-spacer\"><\/div>\n\n\n\n<h3 style=\"text-align: center;\"><span style=\"background-color: #33cccc;\"><strong>CIENCIAS NATURALES<\/strong><\/span><\/h3>\n<table style=\"width: 100%; height: 120px;\" width=\"273\">\n<tbody>\n<tr style=\"height: 24px;\">\n<td style=\"text-align: center; height: 24px; width: 98.9655%;\" width=\"273\"><strong>MARTES<br \/><\/strong><\/td>\n<\/tr>\n<tr style=\"height: 24px;\">\n<td style=\"height: 24px; text-align: left; width: 98.9655%;\" width=\"273\">Asignatura Ciencias Naturales \u00a0\u00a0\u00a0\u00a0\u00a0\u00a0\u00a0\u00a0\u00a0\u00a0\u00a0<\/td>\n<\/tr>\n<tr style=\"height: 24px;\">\n<td style=\"height: 24px; text-align: left; width: 98.9655%;\" width=\"273\">Horario 15:00 a 15:45<\/td>\n<\/tr>\n<tr style=\"height: 24px;\">\n<td style=\"width: 98.9655%; height: 24px;\" width=\"210\">Docente: Constanza P\u00e9rez<\/td>\n<\/tr>\n<tr style=\"height: 24px;\">\n<td style=\"height: 24px; text-align: left; width: 98.9655%;\" width=\"273\">Link de Acceso <a href=\"https:\/\/meet.google.com\/fbf-jymb-bgy\">https:\/\/meet.google.com\/fbf-jymb-bgy<\/a><\/td>\n<\/tr>\n<\/tbody>\n<\/table>\n\n\n\n<div style=\"height:30px\" aria-hidden=\"true\" class=\"wp-block-spacer\"><\/div>\n\n\n\n<h3 style=\"text-align: center;\"><strong><span style=\"background-color: #99cc00;\">LENGUAJE<\/span><br \/><\/strong><\/h3>\n<table style=\"width: 100%; height: 120px;\">\n<tbody>\n<tr style=\"height: 24px;\">\n<td style=\"text-align: center; height: 24px;\" width=\"273\"><strong>MARTES<br \/><\/strong><\/td>\n<\/tr>\n<tr style=\"height: 24px;\">\n<td style=\"height: 24px;\" width=\"273\">Asignatura Lenguaje y Comunicaci\u00f3n\u00a0\u00a0\u00a0\u00a0\u00a0\u00a0\u00a0\u00a0\u00a0\u00a0\u00a0\u00a0\u00a0<\/td>\n<\/tr>\n<tr style=\"height: 24px;\">\n<td style=\"height: 24px;\" width=\"273\">Horario 16:00 a 16:45<\/td>\n<\/tr>\n<tr style=\"height: 24px;\">\n<td style=\"height: 24px;\" width=\"273\">Docente: Camila Ortiz<\/td>\n<\/tr>\n<tr style=\"height: 24px;\">\n<td style=\"height: 24px;\" width=\"273\">Link de Acceso <a href=\"https:\/\/meet.google.com\/wpx-ndkf-wnb\">https:\/\/meet.google.com\/wpx-ndkf-wnb<\/a><\/td>\n<\/tr>\n<\/tbody>\n<\/table>\n\n\n\n<div style=\"height:20px\" aria-hidden=\"true\" class=\"wp-block-spacer\"><\/div>\n\n\n\n<h3 style=\"text-align: center;\"><span style=\"background-color: #ff99cc;\"><strong>MATEM\u00c1TICA<\/strong><\/span><\/h3>\n<table style=\"width: 100%; height: 120px;\">\n<tbody>\n<tr style=\"height: 24px;\">\n<td style=\"text-align: center; height: 24px;\" width=\"273\"><strong>MIERCOLES<br \/><\/strong><\/td>\n<\/tr>\n<tr style=\"height: 24px;\">\n<td style=\"height: 24px;\" width=\"273\">Asignatura Matem\u00e1tica\u00a0\u00a0\u00a0\u00a0\u00a0\u00a0\u00a0\u00a0<\/td>\n<\/tr>\n<tr style=\"height: 24px;\">\n<td style=\"height: 24px;\" width=\"273\">Horario 16:00 a 16:45<\/td>\n<\/tr>\n<tr style=\"height: 24px;\">\n<td style=\"height: 24px;\" width=\"210\">Docente: Constanza P\u00e9rez<\/td>\n<\/tr>\n<tr style=\"height: 24px;\">\n<td style=\"height: 24px;\" width=\"273\">Link de Acceso <a href=\"https:\/\/meet.google.com\/djv-rnof-vfj\">https:\/\/meet.google.com\/djv-rnof-vfj<\/a><\/td>\n<\/tr>\n<\/tbody>\n<\/table>\n\n\n\n<div style=\"height:20px\" aria-hidden=\"true\" class=\"wp-block-spacer\"><\/div>\n\n\n\n<h3 style=\"text-align: center;\"><strong><span style=\"background-color: #99cc00;\">LENGUAJE<\/span><br \/><\/strong><\/h3>\n<table style=\"width: 100%; height: 120px;\">\n<tbody>\n<tr style=\"height: 24px;\">\n<td style=\"text-align: center; height: 24px;\" width=\"273\"><strong>JUEVES<br \/><\/strong><\/td>\n<\/tr>\n<tr style=\"height: 24px;\">\n<td style=\"height: 24px;\" width=\"273\">Asignatura Lenguaje y Comunicaci\u00f3n\u00a0\u00a0\u00a0\u00a0\u00a0\u00a0\u00a0\u00a0\u00a0\u00a0\u00a0\u00a0\u00a0<\/td>\n<\/tr>\n<tr style=\"height: 24px;\">\n<td style=\"height: 24px;\" width=\"273\">Horario 16:00 a 16:45<\/td>\n<\/tr>\n<tr style=\"height: 24px;\">\n<td style=\"height: 24px;\" width=\"273\">Docente: Camila Ortiz<\/td>\n<\/tr>\n<tr style=\"height: 24px;\">\n<td style=\"height: 24px;\" width=\"273\">Link de Acceso <a href=\"https:\/\/meet.google.com\/saf-gpxd-pox\">https:\/\/meet.google.com\/saf-gpxd-pox<\/a><\/td>\n<\/tr>\n<\/tbody>\n<\/table>\n\n\n\n<div style=\"height:20px\" aria-hidden=\"true\" class=\"wp-block-spacer\"><\/div>\n\n\n\n<h3 style=\"text-align: center;\"><strong><span style=\"background-color: #ffcc00;\">HISTORIA<\/span><br \/><\/strong><\/h3>\n<table style=\"width: 100%; height: 121px;\" width=\"273\">\n<tbody>\n<tr style=\"height: 24px;\">\n<td style=\"text-align: center; height: 25px;\" width=\"273\"><strong>VIERNES<br \/><\/strong><\/td>\n<\/tr>\n<tr style=\"height: 24px;\">\n<td style=\"text-align: left; height: 24px;\" width=\"273\">Asignatura Historia \u00a0\u00a0\u00a0\u00a0\u00a0\u00a0\u00a0\u00a0\u00a0\u00a0\u00a0\u00a0\u00a0\u00a0\u00a0\u00a0\u00a0<\/td>\n<\/tr>\n<tr style=\"height: 24px;\">\n<td style=\"text-align: left; height: 24px;\" width=\"273\">Horario 15:00 a 15:45<\/td>\n<\/tr>\n<tr style=\"height: 24px;\">\n<td style=\"text-align: left; height: 24px;\" width=\"273\">Docente: Camila Ortiz<\/td>\n<\/tr>\n<tr style=\"height: 24px;\">\n<td style=\"text-align: left; height: 24px;\" width=\"273\">Link de Acceso <a href=\"https:\/\/meet.google.com\/zue-xwbt-unz\">https:\/\/meet.google.com\/zue-xwbt-unz<\/a><\/td>\n<\/tr>\n<\/tbody>\n<\/table>\n\n\n\n<div style=\"height:20px\" aria-hidden=\"true\" class=\"wp-block-spacer\"><\/div>\n\n\n\n<h3 style=\"text-align: center;\"><strong><span style=\"background-color: #99ccff; color: #000000;\">ORIENTACI\u00d3N<\/span><br \/><\/strong><\/h3>\n<table style=\"width: 100%; height: 96px;\">\n<tbody>\n<tr style=\"height: 24px;\">\n<td style=\"text-align: center; height: 24px;\" width=\"273\"><strong>VIERNES<br \/><\/strong><\/td>\n<\/tr>\n<tr style=\"height: 24px;\">\n<td style=\"height: 24px;\" width=\"273\">Horario 16:00 a 16:45<\/td>\n<\/tr>\n<tr style=\"height: 24px;\">\n<td style=\"height: 24px;\" width=\"273\">Docente: Camila Ortiz<\/td>\n<\/tr>\n<tr style=\"height: 24px;\">\n<td style=\"height: 24px;\" width=\"273\">Link de Acceso <a href=\"https:\/\/meet.google.com\/vae-irzt-ruj\">https:\/\/meet.google.com\/vae-irzt-ruj<\/a><\/td>\n<\/tr>\n<\/tbody>\n<\/table>\n\n\n\n<div style=\"height:20px\" aria-hidden=\"true\" class=\"wp-block-spacer\"><\/div>\n\n\n\n<hr class=\"wp-block-separator\"\/>\n","protected":false},"excerpt":{"rendered":"<p>EDUCACI\u00d3N F\u00cdSICA LUNES Asignatura Educaci\u00f3n F\u00edsica \u00a0\u00a0\u00a0\u00a0\u00a0\u00a0\u00a0\u00a0\u00a0 Horario 16:00 a 16:45 Docente: Mar\u00eda Alejandra La Paz Link de Acceso https:\/\/meet.google.com\/oun-xbki-qvr CIENCIAS NATURALES MARTES Asignatura Ciencias Naturales \u00a0\u00a0\u00a0\u00a0\u00a0\u00a0\u00a0\u00a0\u00a0\u00a0\u00a0 Horario 15:00 a 15:45 Docente: Constanza P\u00e9rez Link de Acceso https:\/\/meet.google.com\/fbf-jymb-bgy LENGUAJE MARTES Asignatura Lenguaje y Comunicaci\u00f3n\u00a0\u00a0\u00a0\u00a0\u00a0\u00a0\u00a0\u00a0\u00a0\u00a0\u00a0\u00a0\u00a0 Horario 16:00 a 16:45 Docente: Camila Ortiz Link de Acceso https:\/\/meet.google.com\/wpx-ndkf-wnb [&hellip;]<\/p>\n","protected":false},"author":3,"featured_media":0,"parent":0,"menu_order":0,"comment_status":"closed","ping_status":"closed","template":"","meta":{"footnotes":""},"class_list":["post-7447","page","type-page","status-publish","hentry"],"amp_enabled":true,"_links":{"self":[{"href":"http:\/\/www.colegio-sanandres.cl\/index.php?rest_route=\/wp\/v2\/pages\/7447","targetHints":{"allow":["GET"]}}],"collection":[{"href":"http:\/\/www.colegio-sanandres.cl\/index.php?rest_route=\/wp\/v2\/pages"}],"about":[{"href":"http:\/\/www.colegio-sanandres.cl\/index.php?rest_route=\/wp\/v2\/types\/page"}],"author":[{"embeddable":true,"href":"http:\/\/www.colegio-sanandres.cl\/index.php?rest_route=\/wp\/v2\/users\/3"}],"replies":[{"embeddable":true,"href":"http:\/\/www.colegio-sanandres.cl\/index.php?rest_route=%2Fwp%2Fv2%2Fcomments&post=7447"}],"version-history":[{"count":3,"href":"http:\/\/www.colegio-sanandres.cl\/index.php?rest_route=\/wp\/v2\/pages\/7447\/revisions"}],"predecessor-version":[{"id":7502,"href":"http:\/\/www.colegio-sanandres.cl\/index.php?rest_route=\/wp\/v2\/pages\/7447\/revisions\/7502"}],"wp:attachment":[{"href":"http:\/\/www.colegio-sanandres.cl\/index.php?rest_route=%2Fwp%2Fv2%2Fmedia&parent=7447"}],"curies":[{"name":"wp","href":"https:\/\/api.w.org\/{rel}","templated":true}]}}