{"id":7454,"date":"2021-03-18T22:27:26","date_gmt":"2021-03-19T01:27:26","guid":{"rendered":"http:\/\/www.colegio-sanandres.cl\/?page_id=7454"},"modified":"2021-03-19T00:43:06","modified_gmt":"2021-03-19T03:43:06","slug":"2o-basico-b-semana-2-clases-meet-lunes-22-al-viernes-26-de-marzo","status":"publish","type":"page","link":"http:\/\/www.colegio-sanandres.cl\/?page_id=7454","title":{"rendered":"2\u00ba B\u00e1sico B (Semana 2: Clases Meet Lunes 22 al Viernes 26 de Marzo)."},"content":{"rendered":"\n<p><a href=\"http:\/\/www.colegio-sanandres.cl\/wp-content\/uploads\/2021\/03\/2\u00b0B-1.jpg\"><img loading=\"lazy\" decoding=\"async\" class=\"alignnone size-large wp-image-7409\" src=\"http:\/\/www.colegio-sanandres.cl\/wp-content\/uploads\/2021\/03\/2\u00b0B-1-1200x675.jpg\" alt=\"\" width=\"830\" height=\"467\" srcset=\"http:\/\/www.colegio-sanandres.cl\/wp-content\/uploads\/2021\/03\/2\u00b0B-1-1200x675.jpg 1200w, http:\/\/www.colegio-sanandres.cl\/wp-content\/uploads\/2021\/03\/2\u00b0B-1-850x478.jpg 850w, http:\/\/www.colegio-sanandres.cl\/wp-content\/uploads\/2021\/03\/2\u00b0B-1-250x141.jpg 250w, http:\/\/www.colegio-sanandres.cl\/wp-content\/uploads\/2021\/03\/2\u00b0B-1-768x432.jpg 768w, http:\/\/www.colegio-sanandres.cl\/wp-content\/uploads\/2021\/03\/2\u00b0B-1.jpg 1280w\" sizes=\"auto, (max-width: 830px) 100vw, 830px\" \/><\/a><\/p>\n\n\n\n<h3 style=\"text-align: center;\"><span style=\"background-color: #33cccc;\"><strong><span style=\"background-color: #cc99ff;\">EDUCACI\u00d3N F\u00cdSICA<\/span><br \/><\/strong><\/span><\/h3>\n<table style=\"width: 100%; height: 120px;\" width=\"273\">\n<tbody>\n<tr style=\"height: 24px;\">\n<td style=\"text-align: center; height: 24px; width: 98.9655%;\" width=\"273\"><strong>LUNES<br \/><\/strong><\/td>\n<\/tr>\n<tr style=\"height: 24px;\">\n<td style=\"height: 24px; text-align: left; width: 98.9655%;\" width=\"273\">Asignatura Educaci\u00f3n F\u00edsica \u00a0\u00a0\u00a0\u00a0\u00a0\u00a0\u00a0\u00a0\u00a0<\/td>\n<\/tr>\n<tr style=\"height: 24px;\">\n<td style=\"height: 24px; text-align: left; width: 98.9655%;\" width=\"273\">Horario 16:00 a 16:45<\/td>\n<\/tr>\n<tr style=\"height: 24px;\">\n<td style=\"width: 98.9655%; height: 24px;\" width=\"173\">Docente: Jonathan Ibacache<\/td>\n<\/tr>\n<tr style=\"height: 24px;\">\n<td style=\"height: 24px; text-align: left; width: 98.9655%;\" width=\"273\">Link de Acceso <a href=\"https:\/\/meet.google.com\/msh-tipe-nsf\">https:\/\/meet.google.com\/msh-tipe-nsf<\/a><\/td>\n<\/tr>\n<\/tbody>\n<\/table>\n\n\n\n<div style=\"height:20px\" aria-hidden=\"true\" class=\"wp-block-spacer\"><\/div>\n\n\n\n<h3 style=\"text-align: center;\"><span style=\"background-color: #33cccc;\"><strong>CIENCIAS NATURALES<\/strong><\/span><\/h3>\n<table style=\"width: 100%; height: 120px;\" width=\"273\">\n<tbody>\n<tr style=\"height: 24px;\">\n<td style=\"text-align: center; height: 24px; width: 98.9655%;\" width=\"273\"><strong>MARTES<br \/><\/strong><\/td>\n<\/tr>\n<tr style=\"height: 24px;\">\n<td style=\"height: 24px; text-align: left; width: 98.9655%;\" width=\"273\">Asignatura Ciencias Naturales \u00a0\u00a0\u00a0\u00a0\u00a0\u00a0\u00a0\u00a0\u00a0\u00a0\u00a0<\/td>\n<\/tr>\n<tr style=\"height: 24px;\">\n<td style=\"height: 24px; text-align: left; width: 98.9655%;\" width=\"273\">Horario 15:00 a 15:45<\/td>\n<\/tr>\n<tr style=\"height: 24px;\">\n<td style=\"width: 98.9655%; height: 24px;\" width=\"210\">Docente: Romina Olgu\u00edn<\/td>\n<\/tr>\n<tr style=\"height: 24px;\">\n<td style=\"height: 24px; text-align: left; width: 98.9655%;\" width=\"273\">Link de Acceso <a href=\"https:\/\/meet.google.com\/nzk-aopb-fmi\">https:\/\/meet.google.com\/nzk-aopb-fmi<\/a><\/td>\n<\/tr>\n<\/tbody>\n<\/table>\n\n\n\n<div style=\"height:30px\" aria-hidden=\"true\" class=\"wp-block-spacer\"><\/div>\n\n\n\n<h3 style=\"text-align: center;\"><strong><span style=\"background-color: #99cc00;\">LENGUAJE<\/span><br \/><\/strong><\/h3>\n<table style=\"width: 100%; height: 120px;\">\n<tbody>\n<tr style=\"height: 24px;\">\n<td style=\"text-align: center; height: 24px;\" width=\"273\"><strong>MARTES<br \/><\/strong><\/td>\n<\/tr>\n<tr style=\"height: 24px;\">\n<td style=\"height: 24px;\" width=\"273\">Asignatura Lenguaje y Comunicaci\u00f3n\u00a0\u00a0\u00a0\u00a0\u00a0\u00a0\u00a0\u00a0\u00a0\u00a0\u00a0\u00a0\u00a0<\/td>\n<\/tr>\n<tr style=\"height: 24px;\">\n<td style=\"height: 24px;\" width=\"273\">Horario 16:00 a 16:45<\/td>\n<\/tr>\n<tr style=\"height: 24px;\">\n<td style=\"height: 24px;\" width=\"273\">Docente: Carolina Ortiz<\/td>\n<\/tr>\n<tr style=\"height: 24px;\">\n<td style=\"height: 24px;\" width=\"273\">Link de Acceso <a href=\"https:\/\/meet.google.com\/kbj-rouq-aiz\">https:\/\/meet.google.com\/kbj-rouq-aiz<\/a><\/td>\n<\/tr>\n<\/tbody>\n<\/table>\n\n\n\n<div style=\"height:20px\" aria-hidden=\"true\" class=\"wp-block-spacer\"><\/div>\n\n\n\n<h3 style=\"text-align: center;\"><span style=\"background-color: #ff99cc;\"><strong>MATEM\u00c1TICA<\/strong><\/span><\/h3>\n<table style=\"width: 100%; height: 120px;\">\n<tbody>\n<tr style=\"height: 24px;\">\n<td style=\"text-align: center; height: 24px;\" width=\"273\"><strong>MIERCOLES<br \/><\/strong><\/td>\n<\/tr>\n<tr style=\"height: 24px;\">\n<td style=\"height: 24px;\" width=\"273\">Asignatura Matem\u00e1tica\u00a0\u00a0\u00a0\u00a0\u00a0\u00a0\u00a0\u00a0<\/td>\n<\/tr>\n<tr style=\"height: 24px;\">\n<td style=\"height: 24px;\" width=\"273\">Horario 16:00 a 16:45<\/td>\n<\/tr>\n<tr style=\"height: 24px;\">\n<td style=\"height: 24px;\" width=\"210\">Docente: Romina Olgu\u00edn<\/td>\n<\/tr>\n<tr style=\"height: 24px;\">\n<td style=\"height: 24px;\" width=\"273\">Link de Acceso <a href=\"https:\/\/meet.google.com\/umf-sdzy-ddq\">https:\/\/meet.google.com\/umf-sdzy-ddq<\/a><\/td>\n<\/tr>\n<\/tbody>\n<\/table>\n\n\n\n<div style=\"height:20px\" aria-hidden=\"true\" class=\"wp-block-spacer\"><\/div>\n\n\n\n<h3 style=\"text-align: center;\"><strong><span style=\"background-color: #99cc00;\">LENGUAJE<\/span><br \/><\/strong><\/h3>\n<table style=\"width: 100%; height: 120px;\">\n<tbody>\n<tr style=\"height: 24px;\">\n<td style=\"text-align: center; height: 24px;\" width=\"273\"><strong>JUEVES<br \/><\/strong><\/td>\n<\/tr>\n<tr style=\"height: 24px;\">\n<td style=\"height: 24px;\" width=\"273\">Asignatura Lenguaje y Comunicaci\u00f3n\u00a0\u00a0\u00a0\u00a0\u00a0\u00a0\u00a0\u00a0\u00a0\u00a0\u00a0\u00a0\u00a0<\/td>\n<\/tr>\n<tr style=\"height: 24px;\">\n<td style=\"height: 24px;\" width=\"273\">Horario 16:00 a 16:45<\/td>\n<\/tr>\n<tr style=\"height: 24px;\">\n<td style=\"height: 24px;\" width=\"273\">Docente: Carolina Ortiz<\/td>\n<\/tr>\n<tr style=\"height: 24px;\">\n<td style=\"height: 24px;\" width=\"273\">Link de Acceso <a href=\"https:\/\/meet.google.com\/nmy-oibu-nir\">https:\/\/meet.google.com\/nmy-oibu-nir<\/a><\/td>\n<\/tr>\n<\/tbody>\n<\/table>\n\n\n\n<div style=\"height:20px\" aria-hidden=\"true\" class=\"wp-block-spacer\"><\/div>\n\n\n\n<h3 style=\"text-align: center;\"><strong><span style=\"background-color: #ffcc00;\">HISTORIA<\/span><br \/><\/strong><\/h3>\n<table style=\"width: 100%; height: 121px;\" width=\"273\">\n<tbody>\n<tr style=\"height: 24px;\">\n<td style=\"text-align: center; height: 25px;\" width=\"273\"><strong>VIERNES<br \/><\/strong><\/td>\n<\/tr>\n<tr style=\"height: 24px;\">\n<td style=\"text-align: left; height: 24px;\" width=\"273\">Asignatura Historia \u00a0\u00a0\u00a0\u00a0\u00a0\u00a0\u00a0\u00a0\u00a0\u00a0\u00a0\u00a0\u00a0\u00a0\u00a0\u00a0\u00a0<\/td>\n<\/tr>\n<tr style=\"height: 24px;\">\n<td style=\"text-align: left; height: 24px;\" width=\"273\">Horario 15:00 a 15:45<\/td>\n<\/tr>\n<tr style=\"height: 24px;\">\n<td style=\"text-align: left; height: 24px;\" width=\"273\">Docente: Carolina Ortiz<\/td>\n<\/tr>\n<tr style=\"height: 24px;\">\n<td style=\"text-align: left; height: 24px;\" width=\"273\">Link de Acceso <a href=\"https:\/\/meet.google.com\/zct-abai-ppg\">https:\/\/meet.google.com\/zct-abai-ppg<\/a><\/td>\n<\/tr>\n<\/tbody>\n<\/table>\n\n\n\n<div style=\"height:20px\" aria-hidden=\"true\" class=\"wp-block-spacer\"><\/div>\n\n\n\n<h3 style=\"text-align: center;\"><strong><span style=\"background-color: #99ccff; color: #000000;\">ORIENTACI\u00d3N<\/span><br \/><\/strong><\/h3>\n<table style=\"width: 100%; height: 96px;\">\n<tbody>\n<tr style=\"height: 24px;\">\n<td style=\"text-align: center; height: 24px;\" width=\"273\"><strong>VIERNES<br \/><\/strong><\/td>\n<\/tr>\n<tr style=\"height: 24px;\">\n<td style=\"height: 24px;\" width=\"273\">Horario 16:00 a 16:45<\/td>\n<\/tr>\n<tr style=\"height: 24px;\">\n<td style=\"height: 24px;\" width=\"273\">Docente: Carolina Ortiz<\/td>\n<\/tr>\n<tr style=\"height: 24px;\">\n<td style=\"height: 24px;\" width=\"273\">Link de Acceso <a href=\"https:\/\/meet.google.com\/oda-pnuz-yeh\">https:\/\/meet.google.com\/oda-pnuz-yeh<\/a><\/td>\n<\/tr>\n<\/tbody>\n<\/table>\n\n\n\n<div style=\"height:20px\" aria-hidden=\"true\" class=\"wp-block-spacer\"><\/div>\n\n\n\n<hr class=\"wp-block-separator\"\/>\n","protected":false},"excerpt":{"rendered":"<p>EDUCACI\u00d3N F\u00cdSICA LUNES Asignatura Educaci\u00f3n F\u00edsica \u00a0\u00a0\u00a0\u00a0\u00a0\u00a0\u00a0\u00a0\u00a0 Horario 16:00 a 16:45 Docente: Jonathan Ibacache Link de Acceso https:\/\/meet.google.com\/msh-tipe-nsf CIENCIAS NATURALES MARTES Asignatura Ciencias Naturales \u00a0\u00a0\u00a0\u00a0\u00a0\u00a0\u00a0\u00a0\u00a0\u00a0\u00a0 Horario 15:00 a 15:45 Docente: Romina Olgu\u00edn Link de Acceso https:\/\/meet.google.com\/nzk-aopb-fmi LENGUAJE MARTES Asignatura Lenguaje y Comunicaci\u00f3n\u00a0\u00a0\u00a0\u00a0\u00a0\u00a0\u00a0\u00a0\u00a0\u00a0\u00a0\u00a0\u00a0 Horario 16:00 a 16:45 Docente: Carolina Ortiz Link de Acceso https:\/\/meet.google.com\/kbj-rouq-aiz MATEM\u00c1TICA MIERCOLES [&hellip;]<\/p>\n","protected":false},"author":3,"featured_media":0,"parent":0,"menu_order":0,"comment_status":"closed","ping_status":"closed","template":"","meta":{"footnotes":""},"class_list":["post-7454","page","type-page","status-publish","hentry"],"amp_enabled":true,"_links":{"self":[{"href":"http:\/\/www.colegio-sanandres.cl\/index.php?rest_route=\/wp\/v2\/pages\/7454","targetHints":{"allow":["GET"]}}],"collection":[{"href":"http:\/\/www.colegio-sanandres.cl\/index.php?rest_route=\/wp\/v2\/pages"}],"about":[{"href":"http:\/\/www.colegio-sanandres.cl\/index.php?rest_route=\/wp\/v2\/types\/page"}],"author":[{"embeddable":true,"href":"http:\/\/www.colegio-sanandres.cl\/index.php?rest_route=\/wp\/v2\/users\/3"}],"replies":[{"embeddable":true,"href":"http:\/\/www.colegio-sanandres.cl\/index.php?rest_route=%2Fwp%2Fv2%2Fcomments&post=7454"}],"version-history":[{"count":2,"href":"http:\/\/www.colegio-sanandres.cl\/index.php?rest_route=\/wp\/v2\/pages\/7454\/revisions"}],"predecessor-version":[{"id":7504,"href":"http:\/\/www.colegio-sanandres.cl\/index.php?rest_route=\/wp\/v2\/pages\/7454\/revisions\/7504"}],"wp:attachment":[{"href":"http:\/\/www.colegio-sanandres.cl\/index.php?rest_route=%2Fwp%2Fv2%2Fmedia&parent=7454"}],"curies":[{"name":"wp","href":"https:\/\/api.w.org\/{rel}","templated":true}]}}