{"id":7654,"date":"2021-04-02T20:35:44","date_gmt":"2021-04-02T23:35:44","guid":{"rendered":"http:\/\/www.colegio-sanandres.cl\/?page_id=7654"},"modified":"2021-04-04T17:45:47","modified_gmt":"2021-04-04T21:45:47","slug":"semana-no1-2-ciclo-de-aprendizaje-lunes-5-al-viernes-9-de-abril-2021","status":"publish","type":"page","link":"http:\/\/www.colegio-sanandres.cl\/?page_id=7654","title":{"rendered":"Semana N\u00ba1 \/ 2\u00b0 Ciclo de Aprendizaje ( Lunes 5 al Viernes 9 de Abril 2021)."},"content":{"rendered":"\n<div class=\"entry-content\">\n<p class=\"has-text-color has-background has-text-align-center has-very-dark-gray-color has-vivid-green-cyan-background-color\"><strong>EDUCACI\u00d3N PARVULARIA<\/strong><\/p>\n<p><a href=\"http:\/\/www.colegio-sanandres.cl\/?page_id=7658\"><strong>PRE K\u00cdNDER<\/strong><\/a><\/p>\n<p><a href=\"http:\/\/www.colegio-sanandres.cl\/?page_id=7661\"><strong>K\u00cdNDER<\/strong><\/a><\/p>\n<p class=\"has-text-color has-background has-text-align-center has-very-dark-gray-color has-luminous-vivid-orange-background-color\"><strong>PRIMER CICLO B\u00c1SICO<\/strong><\/p>\n<p><a href=\"http:\/\/www.colegio-sanandres.cl\/?page_id=7664\"><strong>1\u00ba B\u00c1SICO<\/strong><\/a><\/p>\n<p><a href=\"http:\/\/www.colegio-sanandres.cl\/?page_id=7667\"><strong>2\u00ba B\u00c1SICO<\/strong><\/a><\/p>\n<p><a href=\"http:\/\/www.colegio-sanandres.cl\/?page_id=7670\"><strong>3\u00ba B\u00c1SICO<\/strong><\/a><\/p>\n<p><a href=\"http:\/\/www.colegio-sanandres.cl\/?page_id=7673\"><strong>4\u00ba B\u00c1SI<\/strong><strong>C<\/strong><strong>O<\/strong><\/a><\/p>\n<p class=\"has-text-color has-background has-text-align-center has-very-dark-gray-color has-vivid-cyan-blue-background-color\"><strong>SEGUNDO CICLO B\u00c1SICO<\/strong><\/p>\n<p><a href=\"http:\/\/www.colegio-sanandres.cl\/?page_id=7676\"><strong>5\u00ba B\u00c1SICO<\/strong><\/a><\/p>\n<p><a href=\"http:\/\/www.colegio-sanandres.cl\/?page_id=7679\"><strong>6\u00ba B\u00c1SICO<\/strong><\/a><\/p>\n<p><a href=\"http:\/\/www.colegio-sanandres.cl\/?page_id=7682\"><strong>7\u00ba B\u00c1SI<\/strong><strong>C<\/strong><strong>O<\/strong><\/a><\/p>\n<p><a href=\"http:\/\/www.colegio-sanandres.cl\/?page_id=7686\"><strong>8\u00ba B\u00c1S<\/strong><strong>I<\/strong><strong>CO<\/strong><\/a><\/p>\n<\/div>\n","protected":false},"excerpt":{"rendered":"<p>EDUCACI\u00d3N PARVULARIA PRE K\u00cdNDER K\u00cdNDER PRIMER CICLO B\u00c1SICO 1\u00ba B\u00c1SICO 2\u00ba B\u00c1SICO 3\u00ba B\u00c1SICO 4\u00ba B\u00c1SICO SEGUNDO CICLO B\u00c1SICO 5\u00ba B\u00c1SICO 6\u00ba B\u00c1SICO 7\u00ba B\u00c1SICO 8\u00ba B\u00c1SICO<\/p>\n","protected":false},"author":3,"featured_media":0,"parent":0,"menu_order":0,"comment_status":"closed","ping_status":"closed","template":"","meta":{"footnotes":""},"class_list":["post-7654","page","type-page","status-publish","hentry"],"amp_enabled":true,"_links":{"self":[{"href":"http:\/\/www.colegio-sanandres.cl\/index.php?rest_route=\/wp\/v2\/pages\/7654","targetHints":{"allow":["GET"]}}],"collection":[{"href":"http:\/\/www.colegio-sanandres.cl\/index.php?rest_route=\/wp\/v2\/pages"}],"about":[{"href":"http:\/\/www.colegio-sanandres.cl\/index.php?rest_route=\/wp\/v2\/types\/page"}],"author":[{"embeddable":true,"href":"http:\/\/www.colegio-sanandres.cl\/index.php?rest_route=\/wp\/v2\/users\/3"}],"replies":[{"embeddable":true,"href":"http:\/\/www.colegio-sanandres.cl\/index.php?rest_route=%2Fwp%2Fv2%2Fcomments&post=7654"}],"version-history":[{"count":10,"href":"http:\/\/www.colegio-sanandres.cl\/index.php?rest_route=\/wp\/v2\/pages\/7654\/revisions"}],"predecessor-version":[{"id":7688,"href":"http:\/\/www.colegio-sanandres.cl\/index.php?rest_route=\/wp\/v2\/pages\/7654\/revisions\/7688"}],"wp:attachment":[{"href":"http:\/\/www.colegio-sanandres.cl\/index.php?rest_route=%2Fwp%2Fv2%2Fmedia&parent=7654"}],"curies":[{"name":"wp","href":"https:\/\/api.w.org\/{rel}","templated":true}]}}