{"id":7749,"date":"2021-04-05T19:35:54","date_gmt":"2021-04-05T23:35:54","guid":{"rendered":"http:\/\/www.colegio-sanandres.cl\/?page_id=7749"},"modified":"2021-10-04T00:02:12","modified_gmt":"2021-10-04T03:02:12","slug":"visor-de-textos-escolares-2021","status":"publish","type":"page","link":"http:\/\/www.colegio-sanandres.cl\/?page_id=7749","title":{"rendered":"Centro de Recursos para el Aprendizaje (CRA) Colegio San Andr\u00e9s."},"content":{"rendered":"\n<figure class=\"wp-block-gallery columns-3 is-cropped wp-block-gallery-1 is-layout-flex wp-block-gallery-is-layout-flex\"><ul class=\"blocks-gallery-grid\"><li class=\"blocks-gallery-item\"><figure><img loading=\"lazy\" decoding=\"async\" width=\"1200\" height=\"675\" src=\"http:\/\/www.colegio-sanandres.cl\/wp-content\/uploads\/2021\/05\/IMG_2862-1200x675.jpg\" alt=\"\" data-id=\"8538\" data-link=\"http:\/\/www.colegio-sanandres.cl\/?attachment_id=8538\" class=\"wp-image-8538\" srcset=\"http:\/\/www.colegio-sanandres.cl\/wp-content\/uploads\/2021\/05\/IMG_2862-1200x675.jpg 1200w, http:\/\/www.colegio-sanandres.cl\/wp-content\/uploads\/2021\/05\/IMG_2862-850x478.jpg 850w, http:\/\/www.colegio-sanandres.cl\/wp-content\/uploads\/2021\/05\/IMG_2862-250x141.jpg 250w\" sizes=\"auto, (max-width: 1200px) 100vw, 1200px\" \/><\/figure><\/li><li class=\"blocks-gallery-item\"><figure><img loading=\"lazy\" decoding=\"async\" width=\"1200\" height=\"675\" src=\"http:\/\/www.colegio-sanandres.cl\/wp-content\/uploads\/2021\/05\/20180423_104700-1200x675.jpg\" alt=\"\" data-id=\"8543\" data-link=\"http:\/\/www.colegio-sanandres.cl\/?attachment_id=8543\" class=\"wp-image-8543\" srcset=\"http:\/\/www.colegio-sanandres.cl\/wp-content\/uploads\/2021\/05\/20180423_104700-1200x675.jpg 1200w, http:\/\/www.colegio-sanandres.cl\/wp-content\/uploads\/2021\/05\/20180423_104700-850x478.jpg 850w, http:\/\/www.colegio-sanandres.cl\/wp-content\/uploads\/2021\/05\/20180423_104700-250x141.jpg 250w\" sizes=\"auto, (max-width: 1200px) 100vw, 1200px\" \/><\/figure><\/li><li class=\"blocks-gallery-item\"><figure><img loading=\"lazy\" decoding=\"async\" width=\"1200\" height=\"675\" src=\"http:\/\/www.colegio-sanandres.cl\/wp-content\/uploads\/2021\/05\/IMG_2871-1200x675.jpg\" alt=\"\" data-id=\"8539\" data-link=\"http:\/\/www.colegio-sanandres.cl\/?attachment_id=8539\" class=\"wp-image-8539\" srcset=\"http:\/\/www.colegio-sanandres.cl\/wp-content\/uploads\/2021\/05\/IMG_2871-1200x675.jpg 1200w, http:\/\/www.colegio-sanandres.cl\/wp-content\/uploads\/2021\/05\/IMG_2871-850x478.jpg 850w, http:\/\/www.colegio-sanandres.cl\/wp-content\/uploads\/2021\/05\/IMG_2871-250x141.jpg 250w\" sizes=\"auto, (max-width: 1200px) 100vw, 1200px\" \/><\/figure><\/li><li class=\"blocks-gallery-item\"><figure><img loading=\"lazy\" decoding=\"async\" width=\"1200\" height=\"675\" src=\"http:\/\/www.colegio-sanandres.cl\/wp-content\/uploads\/2021\/05\/20180423_112941-1200x675.jpg\" alt=\"\" data-id=\"8545\" data-link=\"http:\/\/www.colegio-sanandres.cl\/?attachment_id=8545\" class=\"wp-image-8545\" srcset=\"http:\/\/www.colegio-sanandres.cl\/wp-content\/uploads\/2021\/05\/20180423_112941-1200x675.jpg 1200w, http:\/\/www.colegio-sanandres.cl\/wp-content\/uploads\/2021\/05\/20180423_112941-850x478.jpg 850w, http:\/\/www.colegio-sanandres.cl\/wp-content\/uploads\/2021\/05\/20180423_112941-250x141.jpg 250w\" sizes=\"auto, (max-width: 1200px) 100vw, 1200px\" \/><\/figure><\/li><li class=\"blocks-gallery-item\"><figure><img loading=\"lazy\" decoding=\"async\" width=\"1200\" height=\"675\" src=\"http:\/\/www.colegio-sanandres.cl\/wp-content\/uploads\/2021\/05\/1-1200x675.jpg\" alt=\"\" data-id=\"8544\" data-link=\"http:\/\/www.colegio-sanandres.cl\/?attachment_id=8544\" class=\"wp-image-8544\" srcset=\"http:\/\/www.colegio-sanandres.cl\/wp-content\/uploads\/2021\/05\/1-1200x675.jpg 1200w, http:\/\/www.colegio-sanandres.cl\/wp-content\/uploads\/2021\/05\/1-850x478.jpg 850w, http:\/\/www.colegio-sanandres.cl\/wp-content\/uploads\/2021\/05\/1-250x141.jpg 250w\" sizes=\"auto, (max-width: 1200px) 100vw, 1200px\" \/><\/figure><\/li><li class=\"blocks-gallery-item\"><figure><img loading=\"lazy\" decoding=\"async\" width=\"1200\" height=\"675\" src=\"http:\/\/www.colegio-sanandres.cl\/wp-content\/uploads\/2021\/05\/6-1200x675.jpg\" alt=\"\" data-id=\"8546\" data-full-url=\"http:\/\/www.colegio-sanandres.cl\/wp-content\/uploads\/2021\/05\/6-scaled.jpg\" data-link=\"http:\/\/www.colegio-sanandres.cl\/?attachment_id=8546\" class=\"wp-image-8546\" srcset=\"http:\/\/www.colegio-sanandres.cl\/wp-content\/uploads\/2021\/05\/6-1200x675.jpg 1200w, http:\/\/www.colegio-sanandres.cl\/wp-content\/uploads\/2021\/05\/6-850x478.jpg 850w, http:\/\/www.colegio-sanandres.cl\/wp-content\/uploads\/2021\/05\/6-250x141.jpg 250w\" sizes=\"auto, (max-width: 1200px) 100vw, 1200px\" \/><\/figure><\/li><\/ul><\/figure>\n\n\n\n<p style=\"text-align: justify;\">El Centro de Recursos para el Aprendizaje es un espacio de difusi\u00f3n y extensi\u00f3n de las culturas y saberes a trav\u00e9s de la lectura en sus diversos formatos.<\/p>\n<p style=\"text-align: justify;\">Los dejamos invitados a recorrer este sitio y aprovechar los recursos digitales disponibles para seguir leyendo en estos tiempos de pandemia.<\/p>\n<p>Saludos. Equipo CRA.<\/p>\n\n\n\n<hr class=\"wp-block-separator\"\/>\n\n\n\n<div style=\"height:20px\" aria-hidden=\"true\" class=\"wp-block-spacer\"><\/div>\n\n\n\n<h2 style=\"text-align: center;\"><strong>\u00bfQUIERES SOLICITAR UN LIBRO DEL CRA?<\/strong><\/h2>\n<p>Te invitamos a revisar este video y seguir las instucciones:<\/p>\n<p><iframe loading=\"lazy\" title=\"Tutorial Solicitud de Libros CRA\" width=\"830\" height=\"467\" src=\"https:\/\/www.youtube.com\/embed\/EqEs18LfCg0?feature=oembed\" frameborder=\"0\" allow=\"accelerometer; autoplay; clipboard-write; encrypted-media; gyroscope; picture-in-picture\" allowfullscreen><\/iframe><\/p>\n<p style=\"text-align: justify;\">Si tienes dudas, sigue los pasos de este afiche y podr\u00e1s solicitar un libro de nuestra Biblioteca CRA:<\/p>\n<p><img decoding=\"async\" class=\"aligncenter\" src=\"http:\/\/www.colegio-sanandres.cl\/wp-content\/uploads\/2021\/10\/Afiche-movil-Tutorial-CRA.gif\" \/><\/p>\n<p>\u00a0<\/p>\n\n\n\n<div style=\"height:20px\" aria-hidden=\"true\" class=\"wp-block-spacer\"><\/div>\n\n\n\n<hr class=\"wp-block-separator\"\/>\n\n\n\n<h2 style=\"text-align: center;\"><span style=\"text-decoration: underline;\">RECURSOS CRA DISPONIBLES<\/span><\/h2>\n\n\n\n<hr class=\"wp-block-separator\"\/>\n\n\n\n<div style=\"height:20px\" aria-hidden=\"true\" class=\"wp-block-spacer\"><\/div>\n\n\n\n<div class=\"wp-block-media-text alignwide is-stacked-on-mobile\"><figure class=\"wp-block-media-text__media\"><img loading=\"lazy\" decoding=\"async\" width=\"200\" height=\"140\" src=\"http:\/\/www.colegio-sanandres.cl\/wp-content\/uploads\/2021\/09\/imagen-libros-cra.jpg\" alt=\"\" class=\"wp-image-11674\"\/><\/figure><div class=\"wp-block-media-text__content\">\n<figure class=\"wp-block-embed-wordpress wp-block-embed is-type-wp-embed is-provider-colegio-san-andres-vina-del-mar\"><div class=\"wp-block-embed__wrapper\">\n<blockquote class=\"wp-embedded-content\" data-secret=\"N58JgJ8WID\"><a href=\"http:\/\/www.colegio-sanandres.cl\/?page_id=11675\">Cat\u00e1logo Libros CRA Colegio San Andr\u00e9s<\/a><\/blockquote><iframe loading=\"lazy\" class=\"wp-embedded-content\" sandbox=\"allow-scripts\" security=\"restricted\" style=\"position: absolute; clip: rect(1px, 1px, 1px, 1px);\" title=\"\u00abCat\u00e1logo Libros CRA Colegio San Andr\u00e9s\u00bb \u2014 Colegio San Andr\u00e9s - Vi\u00f1a del Mar\" src=\"http:\/\/www.colegio-sanandres.cl\/?page_id=11675&#038;embed=true#?secret=N58JgJ8WID\" data-secret=\"N58JgJ8WID\" width=\"600\" height=\"338\" frameborder=\"0\" marginwidth=\"0\" marginheight=\"0\" scrolling=\"no\"><\/iframe>\n<\/div><\/figure>\n<\/div><\/div>\n\n\n\n<hr class=\"wp-block-separator\"\/>\n\n\n\n<div class=\"wp-block-media-text alignwide has-media-on-the-right is-stacked-on-mobile is-vertically-aligned-center\" style=\"grid-template-columns:auto 47%\"><figure class=\"wp-block-media-text__media\"><img loading=\"lazy\" decoding=\"async\" width=\"1200\" height=\"650\" src=\"http:\/\/www.colegio-sanandres.cl\/wp-content\/uploads\/2021\/05\/Biblioteca-Digital-Escolar-1-1200x650.jpg\" alt=\"\" class=\"wp-image-8536\"\/><\/figure><div class=\"wp-block-media-text__content\">\n<p style=\"text-align: center;\"><span style=\"text-decoration: underline;\"><strong>Biblioteca Digital Escolar<br><\/strong><\/span><\/p>\n<p>Haz link en el siguiente t\u00edtulo para acceder a mayo informaci\u00f3n sobre este tema:<\/p>\n<p><blockquote class=\"wp-embedded-content\" data-secret=\"gLNRMdCbAh\"><a href=\"http:\/\/www.colegio-sanandres.cl\/?page_id=8531\">Biblioteca Digital Escolar<\/a><\/blockquote><iframe loading=\"lazy\" class=\"wp-embedded-content\" sandbox=\"allow-scripts\" security=\"restricted\" style=\"position: absolute; clip: rect(1px, 1px, 1px, 1px);\" title=\"\u00abBiblioteca Digital Escolar\u00bb \u2014 Colegio San Andr\u00e9s - Vi\u00f1a del Mar\" src=\"http:\/\/www.colegio-sanandres.cl\/?page_id=8531&#038;embed=true#?secret=gLNRMdCbAh\" data-secret=\"gLNRMdCbAh\" width=\"600\" height=\"338\" frameborder=\"0\" marginwidth=\"0\" marginheight=\"0\" scrolling=\"no\"><\/iframe><\/p>\n<\/div><\/div>\n\n\n\n<hr class=\"wp-block-separator\"\/>\n\n\n\n<div class=\"wp-block-media-text alignwide has-media-on-the-right is-stacked-on-mobile is-vertically-aligned-center\" style=\"grid-template-columns:auto 47%\"><figure class=\"wp-block-media-text__media\"><img loading=\"lazy\" decoding=\"async\" width=\"1200\" height=\"675\" src=\"http:\/\/www.colegio-sanandres.cl\/wp-content\/uploads\/2021\/05\/Visor-de-textos-Escolares-1200x675.jpg\" alt=\"\" class=\"wp-image-8529\" srcset=\"http:\/\/www.colegio-sanandres.cl\/wp-content\/uploads\/2021\/05\/Visor-de-textos-Escolares-1200x675.jpg 1200w, http:\/\/www.colegio-sanandres.cl\/wp-content\/uploads\/2021\/05\/Visor-de-textos-Escolares-850x478.jpg 850w, http:\/\/www.colegio-sanandres.cl\/wp-content\/uploads\/2021\/05\/Visor-de-textos-Escolares-250x141.jpg 250w, http:\/\/www.colegio-sanandres.cl\/wp-content\/uploads\/2021\/05\/Visor-de-textos-Escolares-768x432.jpg 768w, http:\/\/www.colegio-sanandres.cl\/wp-content\/uploads\/2021\/05\/Visor-de-textos-Escolares.jpg 1280w\" sizes=\"auto, (max-width: 1200px) 100vw, 1200px\" \/><\/figure><div class=\"wp-block-media-text__content\">\n<p style=\"text-align: center;\"><span style=\"text-decoration: underline;\"><strong>Visor de Textos Escolares 2021<\/strong><\/span><\/p>\n<p style=\"text-align: justify;\">Haz link en el siguiente t\u00edtulo para acceder a mayo informaci\u00f3n sobre este tema:<\/p>\n<p><blockquote class=\"wp-embedded-content\" data-secret=\"9BP6bDaumy\"><a href=\"http:\/\/www.colegio-sanandres.cl\/?page_id=8526\">Visor de Textos Escolares 2021.<\/a><\/blockquote><iframe loading=\"lazy\" class=\"wp-embedded-content\" sandbox=\"allow-scripts\" security=\"restricted\" style=\"position: absolute; clip: rect(1px, 1px, 1px, 1px);\" title=\"\u00abVisor de Textos Escolares 2021.\u00bb \u2014 Colegio San Andr\u00e9s - Vi\u00f1a del Mar\" src=\"http:\/\/www.colegio-sanandres.cl\/?page_id=8526&#038;embed=true#?secret=9BP6bDaumy\" data-secret=\"9BP6bDaumy\" width=\"600\" height=\"338\" frameborder=\"0\" marginwidth=\"0\" marginheight=\"0\" scrolling=\"no\"><\/iframe><\/p>\n<\/div><\/div>\n\n\n\n<hr class=\"wp-block-separator\"\/>\n","protected":false},"excerpt":{"rendered":"<p>El Centro de Recursos para el Aprendizaje es un espacio de difusi\u00f3n y extensi\u00f3n de las culturas y saberes a trav\u00e9s de la lectura en sus diversos formatos. Los dejamos invitados a recorrer este sitio y aprovechar los recursos digitales disponibles para seguir leyendo en estos tiempos de pandemia. Saludos. Equipo CRA. \u00bfQUIERES SOLICITAR UN [&hellip;]<\/p>\n","protected":false},"author":3,"featured_media":0,"parent":0,"menu_order":0,"comment_status":"closed","ping_status":"closed","template":"","meta":{"footnotes":""},"class_list":["post-7749","page","type-page","status-publish","hentry"],"amp_enabled":true,"_links":{"self":[{"href":"http:\/\/www.colegio-sanandres.cl\/index.php?rest_route=\/wp\/v2\/pages\/7749","targetHints":{"allow":["GET"]}}],"collection":[{"href":"http:\/\/www.colegio-sanandres.cl\/index.php?rest_route=\/wp\/v2\/pages"}],"about":[{"href":"http:\/\/www.colegio-sanandres.cl\/index.php?rest_route=\/wp\/v2\/types\/page"}],"author":[{"embeddable":true,"href":"http:\/\/www.colegio-sanandres.cl\/index.php?rest_route=\/wp\/v2\/users\/3"}],"replies":[{"embeddable":true,"href":"http:\/\/www.colegio-sanandres.cl\/index.php?rest_route=%2Fwp%2Fv2%2Fcomments&post=7749"}],"version-history":[{"count":10,"href":"http:\/\/www.colegio-sanandres.cl\/index.php?rest_route=\/wp\/v2\/pages\/7749\/revisions"}],"predecessor-version":[{"id":11712,"href":"http:\/\/www.colegio-sanandres.cl\/index.php?rest_route=\/wp\/v2\/pages\/7749\/revisions\/11712"}],"wp:attachment":[{"href":"http:\/\/www.colegio-sanandres.cl\/index.php?rest_route=%2Fwp%2Fv2%2Fmedia&parent=7749"}],"curies":[{"name":"wp","href":"https:\/\/api.w.org\/{rel}","templated":true}]}}