{"id":7918,"date":"2021-04-17T13:01:00","date_gmt":"2021-04-17T17:01:00","guid":{"rendered":"http:\/\/www.colegio-sanandres.cl\/?page_id=7918"},"modified":"2021-04-18T13:09:39","modified_gmt":"2021-04-18T17:09:39","slug":"clases-via-meet-semana-3-lunes-19-al-viernes-23-de-abril","status":"publish","type":"page","link":"http:\/\/www.colegio-sanandres.cl\/?page_id=7918","title":{"rendered":"Clases v\u00eda Meet (Semana 3: Lunes 19 al Viernes 23 de Abril)."},"content":{"rendered":"\n<p style=\"font-size:24px\" class=\"has-text-color has-background has-text-align-center has-very-dark-gray-color has-vivid-green-cyan-background-color\"><strong>EDUCACI\u00d3N PARVULARIA<\/strong><\/p>\n\n\n\n<p><a href=\"http:\/\/www.colegio-sanandres.cl\/?page_id=7971\"><span style=\"background-color: #ffffff;\"><strong>PRE K\u00cdNDER A<\/strong><\/span><\/a><\/p>\n\n\n\n<p><a href=\"http:\/\/www.colegio-sanandres.cl\/?page_id=7974\"><span style=\"background-color: #ffffff;\"><strong>PRE K\u00cdNDER B<\/strong><\/span><\/a><\/p>\n\n\n\n<p><a href=\"http:\/\/www.colegio-sanandres.cl\/?page_id=7977\"><strong>K\u00cdNDER<\/strong> <strong>A<\/strong><\/a><\/p>\n\n\n\n<p><a href=\"http:\/\/www.colegio-sanandres.cl\/?page_id=7980\"><strong>K\u00cdNDER<\/strong> <strong>B<\/strong><\/a><\/p>\n\n\n\n\n\n<p style=\"font-size:24px\" class=\"has-text-color has-background has-text-align-center has-very-dark-gray-color has-luminous-vivid-orange-background-color\"><strong>PRIMER CICLO B\u00c1SICO<\/strong><\/p>\n\n\n\n<p><a href=\"http:\/\/www.colegio-sanandres.cl\/?page_id=7922\"><strong>1\u00ba B\u00c1SICO<\/strong> <strong>A<\/strong><\/a><\/p>\n\n\n\n<p><a href=\"http:\/\/www.colegio-sanandres.cl\/?page_id=7926\"><strong>1\u00b0 B\u00c1SICO B<\/strong><\/a><\/p>\n\n\n\n<p><a href=\"http:\/\/www.colegio-sanandres.cl\/?page_id=7929\"><strong>2\u00ba B\u00c1SICO<\/strong> <strong>A<\/strong><\/a><\/p>\n\n\n\n<p><a href=\"http:\/\/www.colegio-sanandres.cl\/?page_id=7932\"><strong>2\u00ba B\u00c1SICO<\/strong> <strong>B<\/strong><\/a><\/p>\n\n\n\n<p><a href=\"http:\/\/www.colegio-sanandres.cl\/?page_id=7935\"><strong>3\u00ba B\u00c1SICO<\/strong> <strong>A<\/strong><\/a><\/p>\n\n\n\n<p><a href=\"http:\/\/www.colegio-sanandres.cl\/?page_id=7938\"><strong>3\u00ba B\u00c1SICO<\/strong> <strong>B<\/strong><\/a><\/p>\n\n\n\n<p><a href=\"http:\/\/www.colegio-sanandres.cl\/?page_id=7941\"><strong>4\u00ba B\u00c1SICO<\/strong> <strong>A<\/strong><\/a><\/p>\n\n\n\n<p><a href=\"http:\/\/www.colegio-sanandres.cl\/?page_id=7944\"><strong>4\u00ba B\u00c1SICO<\/strong> <strong>B<\/strong><\/a><\/p>\n\n\n\n\n\n<p style=\"font-size:24px\" class=\"has-text-color has-background has-text-align-center has-very-dark-gray-color has-vivid-cyan-blue-background-color\"><strong>SEGUNDO CICLO B\u00c1SICO<\/strong><\/p>\n\n\n\n<p><a href=\"http:\/\/www.colegio-sanandres.cl\/?page_id=7947\"><strong>5\u00ba B\u00c1SICO<\/strong> <strong>A<\/strong><\/a><\/p>\n\n\n\n<p><a href=\"http:\/\/www.colegio-sanandres.cl\/?page_id=7950\"><strong>5\u00ba B\u00c1SICO<\/strong> <strong>B<\/strong><\/a><\/p>\n\n\n\n<p><a href=\"http:\/\/www.colegio-sanandres.cl\/?page_id=7953\"><strong>6\u00ba B\u00c1SICO<\/strong> <strong>A<\/strong><\/a><\/p>\n\n\n\n<p><a href=\"http:\/\/www.colegio-sanandres.cl\/?page_id=7957\"><strong>6\u00ba B\u00c1SICO<\/strong> <strong>B<\/strong><\/a><\/p>\n\n\n\n<p><a href=\"http:\/\/www.colegio-sanandres.cl\/?page_id=7960\"><strong>7\u00ba B\u00c1SICO<\/strong> <strong>A<\/strong><\/a><\/p>\n\n\n\n<p><strong><a href=\"http:\/\/www.colegio-sanandres.cl\/?page_id=7963\">7\u00ba B\u00c1SICO B<\/a><\/strong><\/p>\n\n\n\n<p><a href=\"http:\/\/www.colegio-sanandres.cl\/?page_id=7966\"><strong>8\u00ba B\u00c1SICO<\/strong> <strong>A<\/strong><\/a><\/p>\n\n\n\n<p><a href=\"http:\/\/www.colegio-sanandres.cl\/?page_id=7968\"><strong>8\u00ba B\u00c1SICO<\/strong> <strong>B<\/strong><\/a><\/p>\n\n\n","protected":false},"excerpt":{"rendered":"<p>EDUCACI\u00d3N PARVULARIA PRE K\u00cdNDER A PRE K\u00cdNDER B K\u00cdNDER A K\u00cdNDER B PRIMER CICLO B\u00c1SICO 1\u00ba B\u00c1SICO A 1\u00b0 B\u00c1SICO B 2\u00ba B\u00c1SICO A 2\u00ba B\u00c1SICO B 3\u00ba B\u00c1SICO A 3\u00ba B\u00c1SICO B 4\u00ba B\u00c1SICO A 4\u00ba B\u00c1SICO B SEGUNDO CICLO B\u00c1SICO 5\u00ba B\u00c1SICO A 5\u00ba B\u00c1SICO B 6\u00ba B\u00c1SICO A 6\u00ba B\u00c1SICO B 7\u00ba [&hellip;]<\/p>\n","protected":false},"author":3,"featured_media":0,"parent":0,"menu_order":0,"comment_status":"closed","ping_status":"closed","template":"","meta":{"footnotes":""},"class_list":["post-7918","page","type-page","status-publish","hentry"],"amp_enabled":true,"_links":{"self":[{"href":"http:\/\/www.colegio-sanandres.cl\/index.php?rest_route=\/wp\/v2\/pages\/7918","targetHints":{"allow":["GET"]}}],"collection":[{"href":"http:\/\/www.colegio-sanandres.cl\/index.php?rest_route=\/wp\/v2\/pages"}],"about":[{"href":"http:\/\/www.colegio-sanandres.cl\/index.php?rest_route=\/wp\/v2\/types\/page"}],"author":[{"embeddable":true,"href":"http:\/\/www.colegio-sanandres.cl\/index.php?rest_route=\/wp\/v2\/users\/3"}],"replies":[{"embeddable":true,"href":"http:\/\/www.colegio-sanandres.cl\/index.php?rest_route=%2Fwp%2Fv2%2Fcomments&post=7918"}],"version-history":[{"count":9,"href":"http:\/\/www.colegio-sanandres.cl\/index.php?rest_route=\/wp\/v2\/pages\/7918\/revisions"}],"predecessor-version":[{"id":7982,"href":"http:\/\/www.colegio-sanandres.cl\/index.php?rest_route=\/wp\/v2\/pages\/7918\/revisions\/7982"}],"wp:attachment":[{"href":"http:\/\/www.colegio-sanandres.cl\/index.php?rest_route=%2Fwp%2Fv2%2Fmedia&parent=7918"}],"curies":[{"name":"wp","href":"https:\/\/api.w.org\/{rel}","templated":true}]}}