{"id":8012,"date":"2021-04-23T21:30:59","date_gmt":"2021-04-24T01:30:59","guid":{"rendered":"http:\/\/www.colegio-sanandres.cl\/?page_id=8012"},"modified":"2021-04-24T20:21:20","modified_gmt":"2021-04-25T00:21:20","slug":"1o-basico-semana-1-lunes-29-al-viernes-30-de-abril","status":"publish","type":"page","link":"http:\/\/www.colegio-sanandres.cl\/?page_id=8012","title":{"rendered":"1\u00ba B\u00c1SICO (Semana 1: Lunes 26 al Viernes 30 de Abril)"},"content":{"rendered":"\n<p><span style=\"text-decoration: underline;\"><strong>LENGUAJE<\/strong><\/span><\/p>\n<p>Profesora: Camila Ortiz \/ camila.ortiz@colegio-sanandres.cl<\/p>\n<p><a href=\"http:\/\/www.colegio-sanandres.cl\/wp-content\/uploads\/2021\/04\/1\u00b0-B\u00e1sico-Lenguaje-Instrucciones-de-Trabajo.pdf\">\u00a0Instrucciones de Trabajo Lenguaje.<\/a><\/p>\n\n\n\n<figure class=\"wp-block-embed-youtube wp-block-embed is-type-video is-provider-youtube wp-embed-aspect-16-9 wp-has-aspect-ratio\"><div class=\"wp-block-embed__wrapper\">\n<iframe loading=\"lazy\" title=\"1\u00ba Lenguaje, 26 de Abril\" width=\"830\" height=\"467\" src=\"https:\/\/www.youtube.com\/embed\/-l9jQP-R6bQ?feature=oembed\" frameborder=\"0\" allow=\"accelerometer; autoplay; clipboard-write; encrypted-media; gyroscope; picture-in-picture\" allowfullscreen><\/iframe>\n<\/div><\/figure>\n\n\n\n<hr class=\"wp-block-separator\"\/>\n\n\n\n<div style=\"height:20px\" aria-hidden=\"true\" class=\"wp-block-spacer\"><\/div>\n\n\n\n<p><span style=\"text-decoration: underline;\"><strong>MATEM\u00c1TICAS<\/strong><\/span><\/p>\n<p>Profesora: Constanza P\u00e9rez \/ constanza.perez@colegio-sanandres.cl<\/p>\n<p><a href=\"http:\/\/www.colegio-sanandres.cl\/wp-content\/uploads\/2021\/04\/1\u00b0-B\u00e1sico-Matem\u00e1ticas-Instrucciones-de-Trabajo.pdf\">Instrucciones de Trabajo Matem\u00e1tica.<\/a><\/p>\n\n\n\n<figure class=\"wp-block-embed-youtube wp-block-embed is-type-video is-provider-youtube wp-embed-aspect-16-9 wp-has-aspect-ratio wp-embed-aspect-4-3\"><div class=\"wp-block-embed__wrapper\">\n<iframe loading=\"lazy\" title=\"Matem\u00e1tica 1\u00b0 b\u00e1sico.\" width=\"830\" height=\"623\" src=\"https:\/\/www.youtube.com\/embed\/QvHC0pIqxSM?feature=oembed\" frameborder=\"0\" allow=\"accelerometer; autoplay; clipboard-write; encrypted-media; gyroscope; picture-in-picture\" allowfullscreen><\/iframe>\n<\/div><\/figure>\n\n\n\n<hr class=\"wp-block-separator\"\/>\n\n\n\n<div style=\"height:20px\" aria-hidden=\"true\" class=\"wp-block-spacer\"><\/div>\n\n\n\n<p><span style=\"text-decoration: underline;\"><strong>HISTORIA<\/strong><\/span><\/p>\n<p>Profesora: Camila Ortiz \/ camila.ortiz@colegio-sanandres.cl<\/p>\n<p><a href=\"http:\/\/www.colegio-sanandres.cl\/wp-content\/uploads\/2021\/04\/1\u00b0-B\u00e1sico-Historia-Instrucciones-de-Trabajo.pdf\">Instrucciones de Trabajo Historia.<\/a><\/p>\n\n\n\n<figure class=\"wp-block-embed-youtube wp-block-embed is-type-video is-provider-youtube wp-embed-aspect-16-9 wp-has-aspect-ratio\"><div class=\"wp-block-embed__wrapper\">\n<iframe loading=\"lazy\" title=\"1\u00ba Historia, 26 de Abril\" width=\"830\" height=\"467\" src=\"https:\/\/www.youtube.com\/embed\/RBkqn4PlUCE?feature=oembed\" frameborder=\"0\" allow=\"accelerometer; autoplay; clipboard-write; encrypted-media; gyroscope; picture-in-picture\" allowfullscreen><\/iframe>\n<\/div><\/figure>\n\n\n\n<hr class=\"wp-block-separator\"\/>\n\n\n\n<div style=\"height:20px\" aria-hidden=\"true\" class=\"wp-block-spacer\"><\/div>\n\n\n\n<p><span style=\"text-decoration: underline;\"><strong>CIENCIAS NATURALES<br \/><\/strong><\/span><\/p>\n<p>Profesora: Constanza P\u00e9rez \/ constanza.perez@colegio-sanandres.cl<\/p>\n<p><a href=\"http:\/\/www.colegio-sanandres.cl\/wp-content\/uploads\/2021\/04\/1\u00b0-B\u00e1sico-Ciencias-Instrucciones-de-Trabajo.pdf\">Instrucciones de trabajo Ciencias Naturales.<\/a><\/p>\n\n\n\n<figure class=\"wp-block-embed-youtube wp-block-embed is-type-video is-provider-youtube wp-embed-aspect-16-9 wp-has-aspect-ratio wp-embed-aspect-4-3\"><div class=\"wp-block-embed__wrapper\">\n<iframe loading=\"lazy\" title=\"Ciencias naturales 1\u00b0.\" width=\"830\" height=\"467\" src=\"https:\/\/www.youtube.com\/embed\/sXhCb5UZHSQ?feature=oembed\" frameborder=\"0\" allow=\"accelerometer; autoplay; clipboard-write; encrypted-media; gyroscope; picture-in-picture\" allowfullscreen><\/iframe>\n<\/div><\/figure>\n\n\n\n<hr class=\"wp-block-separator\"\/>\n\n\n\n<div style=\"height:20px\" aria-hidden=\"true\" class=\"wp-block-spacer\"><\/div>\n\n\n\n<p><strong>EDUCACI\u00d3N F\u00cdSICA<br \/><\/strong><\/p>\n<p>Profesora: Mar\u00eda Alejandra La Paz \/ alejandra.lapaz@colegio-sanandres.cl<\/p>\n<p><a href=\"http:\/\/www.colegio-sanandres.cl\/wp-content\/uploads\/2021\/04\/1\u00b0-B\u00e1sico-EFI-Instrucciones-de-Trabajo.pdf\">Instrucciones de trabajo Educaci\u00f3n F\u00edsica.<\/a><\/p>\n\n\n\n<figure class=\"wp-block-embed-youtube wp-block-embed is-type-video is-provider-youtube wp-embed-aspect-16-9 wp-has-aspect-ratio\"><div class=\"wp-block-embed__wrapper\">\n<iframe loading=\"lazy\" title=\"Coordinaci\u00f3n y Lateralidad Primeros B\u00e1sicos\" width=\"830\" height=\"467\" src=\"https:\/\/www.youtube.com\/embed\/F4u5VMdKcz8?feature=oembed\" frameborder=\"0\" allow=\"accelerometer; autoplay; clipboard-write; encrypted-media; gyroscope; picture-in-picture\" allowfullscreen><\/iframe>\n<\/div><\/figure>\n\n\n\n<hr class=\"wp-block-separator\"\/>\n","protected":false},"excerpt":{"rendered":"<p>LENGUAJE Profesora: Camila Ortiz \/ camila.ortiz@colegio-sanandres.cl \u00a0Instrucciones de Trabajo Lenguaje. MATEM\u00c1TICAS Profesora: Constanza P\u00e9rez \/ constanza.perez@colegio-sanandres.cl Instrucciones de Trabajo Matem\u00e1tica. HISTORIA Profesora: Camila Ortiz \/ camila.ortiz@colegio-sanandres.cl Instrucciones de Trabajo Historia. CIENCIAS NATURALES Profesora: Constanza P\u00e9rez \/ constanza.perez@colegio-sanandres.cl Instrucciones de trabajo Ciencias Naturales. EDUCACI\u00d3N F\u00cdSICA Profesora: Mar\u00eda Alejandra La Paz \/ alejandra.lapaz@colegio-sanandres.cl Instrucciones de trabajo Educaci\u00f3n [&hellip;]<\/p>\n","protected":false},"author":3,"featured_media":0,"parent":0,"menu_order":0,"comment_status":"closed","ping_status":"closed","template":"","meta":{"footnotes":""},"class_list":["post-8012","page","type-page","status-publish","hentry"],"amp_enabled":true,"_links":{"self":[{"href":"http:\/\/www.colegio-sanandres.cl\/index.php?rest_route=\/wp\/v2\/pages\/8012","targetHints":{"allow":["GET"]}}],"collection":[{"href":"http:\/\/www.colegio-sanandres.cl\/index.php?rest_route=\/wp\/v2\/pages"}],"about":[{"href":"http:\/\/www.colegio-sanandres.cl\/index.php?rest_route=\/wp\/v2\/types\/page"}],"author":[{"embeddable":true,"href":"http:\/\/www.colegio-sanandres.cl\/index.php?rest_route=\/wp\/v2\/users\/3"}],"replies":[{"embeddable":true,"href":"http:\/\/www.colegio-sanandres.cl\/index.php?rest_route=%2Fwp%2Fv2%2Fcomments&post=8012"}],"version-history":[{"count":4,"href":"http:\/\/www.colegio-sanandres.cl\/index.php?rest_route=\/wp\/v2\/pages\/8012\/revisions"}],"predecessor-version":[{"id":8118,"href":"http:\/\/www.colegio-sanandres.cl\/index.php?rest_route=\/wp\/v2\/pages\/8012\/revisions\/8118"}],"wp:attachment":[{"href":"http:\/\/www.colegio-sanandres.cl\/index.php?rest_route=%2Fwp%2Fv2%2Fmedia&parent=8012"}],"curies":[{"name":"wp","href":"https:\/\/api.w.org\/{rel}","templated":true}]}}