{"id":8019,"date":"2021-04-23T21:34:49","date_gmt":"2021-04-24T01:34:49","guid":{"rendered":"http:\/\/www.colegio-sanandres.cl\/?page_id=8019"},"modified":"2021-04-24T20:54:08","modified_gmt":"2021-04-25T00:54:08","slug":"3o-basico-semana-1-lunes-26-al-viernes-30-de-abril","status":"publish","type":"page","link":"http:\/\/www.colegio-sanandres.cl\/?page_id=8019","title":{"rendered":"3\u00ba B\u00c1SICO (Semana 1: Lunes 26 al Viernes 30 de Abril)"},"content":{"rendered":"\n<p><strong>LENGUAJE<\/strong><\/p>\n<p style=\"text-align: justify;\">Profesora: Profesora: Ximena Hidalgo \/ ximena.hidalgo@colegio-sanandres.cl<\/p>\n<p><a href=\"http:\/\/www.colegio-sanandres.cl\/wp-content\/uploads\/2021\/04\/3\u00b0-B\u00e1sico-Lenguaje-Instrucciones-de-Trabajo.pdf\">Instrucciones de trabajo Lenguaje.<\/a><\/p>\n\n\n\n<figure class=\"wp-block-embed-youtube wp-block-embed is-type-video is-provider-youtube wp-embed-aspect-16-9 wp-has-aspect-ratio\"><div class=\"wp-block-embed__wrapper\">\n<iframe loading=\"lazy\" title=\"Cuento &quot;La coja&quot; 3\u00b0ero basico\" width=\"830\" height=\"467\" src=\"https:\/\/www.youtube.com\/embed\/Hsn3rs72wqw?feature=oembed\" frameborder=\"0\" allow=\"accelerometer; autoplay; clipboard-write; encrypted-media; gyroscope; picture-in-picture\" allowfullscreen><\/iframe>\n<\/div><\/figure>\n\n\n\n<hr class=\"wp-block-separator\"\/>\n\n\n\n<div style=\"height:20px\" aria-hidden=\"true\" class=\"wp-block-spacer\"><\/div>\n\n\n\n<p><strong>MATEM\u00c1TICAS<\/strong><\/p>\n<p>Profesor: Manuel Hevia \/ manuel.hevia@colegio-sanandres.cl\u00a0<\/p>\n<p><a href=\"http:\/\/www.colegio-sanandres.cl\/wp-content\/uploads\/2021\/04\/3\u00b0-B\u00e1sico-Matem\u00e1ticas-Instrucciones-de-Trabajo.pdf\">Instrucciones de trabajo Matem\u00e1tica.<\/a><\/p>\n<p><a href=\"http:\/\/www.colegio-sanandres.cl\/wp-content\/uploads\/2021\/04\/3\u00b0-B\u00e1sico-Matem\u00e1ticas-Actividad-Voluntaria.pdf\">Actividad Voluntaria Matem\u00e1tica.<\/a><\/p>\n\n\n\n<figure class=\"wp-block-embed-youtube wp-block-embed is-type-video is-provider-youtube wp-embed-aspect-16-9 wp-has-aspect-ratio\"><div class=\"wp-block-embed__wrapper\">\n<iframe loading=\"lazy\" title=\"3ro PAR 3:Comprender la adici\u00f3n y sustracci\u00f3n.\" width=\"830\" height=\"467\" src=\"https:\/\/www.youtube.com\/embed\/uVBk0aK-TQY?feature=oembed\" frameborder=\"0\" allow=\"accelerometer; autoplay; clipboard-write; encrypted-media; gyroscope; picture-in-picture\" allowfullscreen><\/iframe>\n<\/div><\/figure>\n\n\n\n<hr class=\"wp-block-separator\"\/>\n\n\n\n<div style=\"height:20px\" aria-hidden=\"true\" class=\"wp-block-spacer\"><\/div>\n\n\n\n<p><strong>HISTORIA<\/strong><\/p>\n<p>Profesora: \u00c1lvaro Pino \/ alvaro.pino@colegio-sanandres.cl<\/p>\n<p><a href=\"http:\/\/www.colegio-sanandres.cl\/wp-content\/uploads\/2021\/04\/3\u00b0-B\u00e1sico-Historia-Instrucciones-de-Trabajo.pdf\">Instrucciones de trabajo Historia.<\/a><\/p>\n<p><a href=\"http:\/\/www.colegio-sanandres.cl\/wp-content\/uploads\/2021\/04\/3\u00b0-B\u00e1sico-Historia-P\u00e1ginas-Texto-Estudio.pdf\">P\u00e1ginas Texto Estudio Historia.<\/a> <\/p>\n\n\n\n<figure class=\"wp-block-embed-youtube wp-block-embed is-type-video is-provider-youtube wp-embed-aspect-16-9 wp-has-aspect-ratio\"><div class=\"wp-block-embed__wrapper\">\n<iframe loading=\"lazy\" title=\"Aprendizaje Remoto Historia 3\u00b0 B\u00e1sico\" width=\"830\" height=\"467\" src=\"https:\/\/www.youtube.com\/embed\/DR_BFodYiNU?feature=oembed\" frameborder=\"0\" allow=\"accelerometer; autoplay; clipboard-write; encrypted-media; gyroscope; picture-in-picture\" allowfullscreen><\/iframe>\n<\/div><\/figure>\n\n\n\n<hr class=\"wp-block-separator\"\/>\n\n\n\n<div style=\"height:20px\" aria-hidden=\"true\" class=\"wp-block-spacer\"><\/div>\n\n\n\n<p><strong>CIENCIAS NATURALES<br><\/strong><\/p>\n<p>Profesora: M\u00f3nica Maldonado \/ monica.maldonado@colegio-sanandres.cl<\/p>\n<p><a href=\"http:\/\/www.colegio-sanandres.cl\/wp-content\/uploads\/2021\/04\/3\u00b0-B\u00e1sico-Ciencias-Instrucciones-de-Trabajo.pdf\">Instrucciones de trabajo Ciencias Naturales.<\/a><\/p>\n\n\n\n<figure class=\"wp-block-embed-youtube wp-block-embed is-type-video is-provider-youtube wp-embed-aspect-16-9 wp-has-aspect-ratio\"><div class=\"wp-block-embed__wrapper\">\n<iframe loading=\"lazy\" title=\"video ciencias 3\u00b0 b\u00e1sico N\u00b0 3\" width=\"830\" height=\"467\" src=\"https:\/\/www.youtube.com\/embed\/7r1S4N9PVyA?feature=oembed\" frameborder=\"0\" allow=\"accelerometer; autoplay; clipboard-write; encrypted-media; gyroscope; picture-in-picture\" allowfullscreen><\/iframe>\n<\/div><\/figure>\n\n\n\n<hr class=\"wp-block-separator\"\/>\n\n\n\n<div style=\"height:20px\" aria-hidden=\"true\" class=\"wp-block-spacer\"><\/div>\n\n\n\n<p><strong>INGL\u00c9S<br><\/strong><\/p>\n<p>Profesora: Patricia Catal\u00e1n \/ patricia.catalan@colegio-sanandres.cl<\/p>\n<p><a href=\"http:\/\/www.colegio-sanandres.cl\/wp-content\/uploads\/2021\/04\/3\u00b0-B\u00e1sico-Ingl\u00e9s-Instrucciones-de-Trabajo.pdf\">Instrucciones de Trabajo 3\u00b0 B\u00e1sico Ingl\u00e9s.<\/a><\/p>\n<p><a href=\"http:\/\/www.colegio-sanandres.cl\/wp-content\/uploads\/2021\/04\/3\u00b0-B\u00e1sico-Ingl\u00e9s-Presentaci\u00f3n-PPT.pdf\">PPT Ingl\u00e9s 3\u00b0 B\u00e1sico.<\/a><\/p>\n<p><a href=\"http:\/\/www.colegio-sanandres.cl\/wp-content\/uploads\/2021\/04\/3\u00b0-B\u00e1sico-Ingl\u00e9s-Ejemplo-Flashcard.pdf\"> Ingl\u00e9s Ejemplo Flashcard.<\/a><\/p>\n\n\n\n<figure class=\"wp-block-embed-youtube wp-block-embed is-type-video is-provider-youtube wp-embed-aspect-16-9 wp-has-aspect-ratio\"><div class=\"wp-block-embed__wrapper\">\n<iframe loading=\"lazy\" title=\"Instrucciones de trabajo 3er ciclo P.A.R. - Ingl\u00e9s 3\u00b0 b\u00e1sico\" width=\"830\" height=\"467\" src=\"https:\/\/www.youtube.com\/embed\/V7-AnQgh794?feature=oembed\" frameborder=\"0\" allow=\"accelerometer; autoplay; clipboard-write; encrypted-media; gyroscope; picture-in-picture\" allowfullscreen><\/iframe>\n<\/div><\/figure>\n\n\n\n<p><span style=\"text-decoration: underline;\">AUDIO INGL\u00c9S<\/span>:<\/p>\n<!--[if lt IE 9]><script>document.createElement('audio');<\/script><![endif]-->\n<audio class=\"wp-audio-shortcode\" id=\"audio-8019-1\" preload=\"none\" style=\"width: 100%;\" controls=\"controls\"><source type=\"audio\/wav\" src=\"http:\/\/www.colegio-sanandres.cl\/wp-content\/uploads\/2021\/04\/3\u00b0-B\u00e1sico-Ingl\u00e9s-AUDIO.wav?_=1\" \/><a href=\"http:\/\/www.colegio-sanandres.cl\/wp-content\/uploads\/2021\/04\/3\u00b0-B\u00e1sico-Ingl\u00e9s-AUDIO.wav\">http:\/\/www.colegio-sanandres.cl\/wp-content\/uploads\/2021\/04\/3\u00b0-B\u00e1sico-Ingl\u00e9s-AUDIO.wav<\/a><\/audio>\n\n\n\n<hr class=\"wp-block-separator\"\/>\n\n\n\n<div style=\"height:20px\" aria-hidden=\"true\" class=\"wp-block-spacer\"><\/div>\n\n\n\n<p><strong>EDUCACI\u00d3N MUSICAL <br><\/strong><\/p>\n<p style=\"text-align: justify;\">Profesor: Profesora Pamela Oyarz\u00fan \/ pamela.oyarzun@colegio-sanandres.cl<\/p>\n<p><a href=\"http:\/\/www.colegio-sanandres.cl\/wp-content\/uploads\/2021\/04\/3\u00b0-B\u00e1sico-M\u00fasica-Instrucciones-de-Trabajo.pdf\">Instrucciones de trabajo Educaci\u00f3n Musical.<\/a><\/p>\n<p><a href=\"http:\/\/www.colegio-sanandres.cl\/wp-content\/uploads\/2021\/04\/3\u00b0-B\u00e1sico-M\u00fasica-Guia-Ejercitaci\u00f3n.pdf\">Gu\u00eda de Ejercitaci\u00f3n Educaci\u00f3n Musical.<\/a><\/p>\n\n\n\n<figure class=\"wp-block-embed-youtube wp-block-embed is-type-video is-provider-youtube wp-embed-aspect-16-9 wp-has-aspect-ratio\"><div class=\"wp-block-embed__wrapper\">\n<iframe loading=\"lazy\" title=\"Conociendo el pentagrama y las notas musicales\" width=\"830\" height=\"467\" src=\"https:\/\/www.youtube.com\/embed\/lnFLfQ95nbo?feature=oembed\" frameborder=\"0\" allow=\"accelerometer; autoplay; clipboard-write; encrypted-media; gyroscope; picture-in-picture\" allowfullscreen><\/iframe>\n<\/div><\/figure>\n\n\n\n<hr class=\"wp-block-separator\"\/>\n\n\n\n<div style=\"height:20px\" aria-hidden=\"true\" class=\"wp-block-spacer\"><\/div>\n\n\n\n<p><strong>ARTES VISUALES<br><\/strong><\/p>\n<p>Profesora: Susana Ortiz \/ susana.ortiz@colegio-sanandres.cl<\/p>\n<p><a href=\"http:\/\/www.colegio-sanandres.cl\/wp-content\/uploads\/2021\/04\/3\u00b0-B\u00e1sico-Artes-Instrucciones-de-Trabajo.pdf\">Instrucciones de trabajo Artes Visuales 3\u00b0 b\u00e1sico.<\/a><\/p>\n<p><a href=\"http:\/\/www.colegio-sanandres.cl\/wp-content\/uploads\/2021\/04\/3\u00b0-B\u00e1sico-Artes-Presentaci\u00f3n-PPT.pdf\">PPT Artes Visuales 3\u00b0 B\u00e1sico.<\/a><\/p>\n\n\n\n<figure class=\"wp-block-embed-youtube wp-block-embed is-type-video is-provider-youtube wp-embed-aspect-16-9 wp-has-aspect-ratio\"><div class=\"wp-block-embed__wrapper\">\n<iframe loading=\"lazy\" title=\"Video explicativo de Artes Visuales 3\u00b0 b\u00e1sico (3\u00b0ciclo)\" width=\"830\" height=\"467\" src=\"https:\/\/www.youtube.com\/embed\/k1dkOIOWhvM?feature=oembed\" frameborder=\"0\" allow=\"accelerometer; autoplay; clipboard-write; encrypted-media; gyroscope; picture-in-picture\" allowfullscreen><\/iframe>\n<\/div><\/figure>\n\n\n\n<hr class=\"wp-block-separator\"\/>\n\n\n\n<div style=\"height:20px\" aria-hidden=\"true\" class=\"wp-block-spacer\"><\/div>\n\n\n\n<p><strong>EDUCACI\u00d3N F\u00cdSICA<br><\/strong><\/p>\n<p>Profesor: Jonathan Ibacache \/ jonathan.ibacache@colegio-sanandres.cl<\/p>\n<p><a href=\"http:\/\/www.colegio-sanandres.cl\/wp-content\/uploads\/2021\/04\/3\u00b0-B\u00e1sico-EFI-Instrucciones-de-Trabajo.pdf\">Instrucciones de trabajo Educaci\u00f3n F\u00edsica.<\/a><\/p>\n\n\n\n<figure class=\"wp-block-embed-youtube wp-block-embed is-type-video is-provider-youtube wp-embed-aspect-16-9 wp-has-aspect-ratio\"><div class=\"wp-block-embed__wrapper\">\n<iframe loading=\"lazy\" title=\"Coordinaci\u00f3n motriz 3ros b\u00e1sicos\" width=\"830\" height=\"467\" src=\"https:\/\/www.youtube.com\/embed\/jMCTJLu5Dc8?feature=oembed\" frameborder=\"0\" allow=\"accelerometer; autoplay; clipboard-write; encrypted-media; gyroscope; picture-in-picture\" allowfullscreen><\/iframe>\n<\/div><\/figure>\n\n\n\n<hr class=\"wp-block-separator\"\/>\n","protected":false},"excerpt":{"rendered":"<p>LENGUAJE Profesora: Profesora: Ximena Hidalgo \/ ximena.hidalgo@colegio-sanandres.cl Instrucciones de trabajo Lenguaje. MATEM\u00c1TICAS Profesor: Manuel Hevia \/ manuel.hevia@colegio-sanandres.cl\u00a0 Instrucciones de trabajo Matem\u00e1tica. Actividad Voluntaria Matem\u00e1tica. HISTORIA Profesora: \u00c1lvaro Pino \/ alvaro.pino@colegio-sanandres.cl Instrucciones de trabajo Historia. P\u00e1ginas Texto Estudio Historia. CIENCIAS NATURALES Profesora: M\u00f3nica Maldonado \/ monica.maldonado@colegio-sanandres.cl Instrucciones de trabajo Ciencias Naturales. INGL\u00c9S Profesora: Patricia Catal\u00e1n \/ [&hellip;]<\/p>\n","protected":false},"author":3,"featured_media":0,"parent":0,"menu_order":0,"comment_status":"closed","ping_status":"closed","template":"","meta":{"footnotes":""},"class_list":["post-8019","page","type-page","status-publish","hentry"],"amp_enabled":true,"_links":{"self":[{"href":"http:\/\/www.colegio-sanandres.cl\/index.php?rest_route=\/wp\/v2\/pages\/8019","targetHints":{"allow":["GET"]}}],"collection":[{"href":"http:\/\/www.colegio-sanandres.cl\/index.php?rest_route=\/wp\/v2\/pages"}],"about":[{"href":"http:\/\/www.colegio-sanandres.cl\/index.php?rest_route=\/wp\/v2\/types\/page"}],"author":[{"embeddable":true,"href":"http:\/\/www.colegio-sanandres.cl\/index.php?rest_route=\/wp\/v2\/users\/3"}],"replies":[{"embeddable":true,"href":"http:\/\/www.colegio-sanandres.cl\/index.php?rest_route=%2Fwp%2Fv2%2Fcomments&post=8019"}],"version-history":[{"count":3,"href":"http:\/\/www.colegio-sanandres.cl\/index.php?rest_route=\/wp\/v2\/pages\/8019\/revisions"}],"predecessor-version":[{"id":8150,"href":"http:\/\/www.colegio-sanandres.cl\/index.php?rest_route=\/wp\/v2\/pages\/8019\/revisions\/8150"}],"wp:attachment":[{"href":"http:\/\/www.colegio-sanandres.cl\/index.php?rest_route=%2Fwp%2Fv2%2Fmedia&parent=8019"}],"curies":[{"name":"wp","href":"https:\/\/api.w.org\/{rel}","templated":true}]}}