{"id":8028,"date":"2021-04-23T21:41:20","date_gmt":"2021-04-24T01:41:20","guid":{"rendered":"http:\/\/www.colegio-sanandres.cl\/?page_id=8028"},"modified":"2021-04-26T10:29:56","modified_gmt":"2021-04-26T14:29:56","slug":"6o-basico-semana-1-lunes-26-al-viernes-30-de-abril","status":"publish","type":"page","link":"http:\/\/www.colegio-sanandres.cl\/?page_id=8028","title":{"rendered":"6\u00ba B\u00c1SICO (Semana 1: Lunes 26 al Viernes 30 de Abril)"},"content":{"rendered":"\n<p><strong>LENGUAJE<\/strong><\/p>\n<p>Profesora: Isabel Rivera \/ isabel.rivera@colegio-sanandres.cl<\/p>\n<p><a href=\"http:\/\/www.colegio-sanandres.cl\/wp-content\/uploads\/2021\/04\/6\u00b0-B\u00e1sico-Lenguaje-Instrucciones-de-Trabajo.pdf\">Gu\u00eda de Trabajo 6\u00b0 B\u00e1sico Lenguaje.<\/a><\/p>\n\n\n\n<figure class=\"wp-block-embed-youtube wp-block-embed is-type-video is-provider-youtube wp-embed-aspect-16-9 wp-has-aspect-ratio wp-embed-aspect-4-3\"><div class=\"wp-block-embed__wrapper\">\n<iframe loading=\"lazy\" title=\"sextos b\u00e1sicos secuencias narrativas .\" width=\"830\" height=\"467\" src=\"https:\/\/www.youtube.com\/embed\/0kVV5p7Hz04?feature=oembed\" frameborder=\"0\" allow=\"accelerometer; autoplay; clipboard-write; encrypted-media; gyroscope; picture-in-picture\" allowfullscreen><\/iframe>\n<\/div><\/figure>\n\n\n\n<hr class=\"wp-block-separator\"\/>\n\n\n\n<div style=\"height:20px\" aria-hidden=\"true\" class=\"wp-block-spacer\"><\/div>\n\n\n\n<p><strong>MATEM\u00c1TICAS <\/strong><\/p>\n<p>Profesora: Pamela P\u00e9rez \/ pamela.perez@colegio-sanandres.cl<\/p>\n<p><a href=\"http:\/\/www.colegio-sanandres.cl\/wp-content\/uploads\/2021\/04\/6\u00b0-B\u00e1sico-Matem\u00e1ticas-Instrucciones-de-Trabajo.pdf\">Instrucciones de trabajo Matem\u00e1tica 6\u00b0 B\u00e1sico.<\/a><\/p>\n<p><a href=\"http:\/\/www.colegio-sanandres.cl\/wp-content\/uploads\/2021\/04\/6\u00b0-B\u00e1sico-Matem\u00e1ticas-Presentaci\u00f3n-PPT.pdf\">PPT Contenidos Matem\u00e1tica 6\u00b0 B\u00e1sico.<\/a><\/p>\n\n\n\n<figure class=\"wp-block-embed-youtube wp-block-embed is-type-video is-provider-youtube wp-embed-aspect-16-9 wp-has-aspect-ratio\"><div class=\"wp-block-embed__wrapper\">\n<iframe loading=\"lazy\" title=\"PAR 3 SEXTOS\" width=\"830\" height=\"467\" src=\"https:\/\/www.youtube.com\/embed\/1CktlpXPG0c?feature=oembed\" frameborder=\"0\" allow=\"accelerometer; autoplay; clipboard-write; encrypted-media; gyroscope; picture-in-picture\" allowfullscreen><\/iframe>\n<\/div><\/figure>\n\n\n\n<hr class=\"wp-block-separator\"\/>\n\n\n\n<div style=\"height:20px\" aria-hidden=\"true\" class=\"wp-block-spacer\"><\/div>\n\n\n\n<p><strong>HISTORIA<\/strong><\/p>\n<p>Profesora: \u00c1ngela Mendoza \/ angela.mendoza@colegio-sanandres.cl<\/p>\n<p><a href=\"http:\/\/www.colegio-sanandres.cl\/wp-content\/uploads\/2021\/04\/6\u00b0-B\u00e1sico-Historia-Instrucciones-de-Trabajo.pdf\">Instrucciones de trabajo Historia 6\u00b0 B\u00e1sico.<\/a><\/p>\n<p><a href=\"http:\/\/www.colegio-sanandres.cl\/wp-content\/uploads\/2021\/04\/6\u00b0-B\u00e1sico-Historia-Presentaci\u00f3n-PPT.pdf\">PPT Contenidos Historia 6\u00b0 B\u00e1sico.<\/a><\/p>\n\n\n\n<figure class=\"wp-block-embed-youtube wp-block-embed is-type-video is-provider-youtube wp-embed-aspect-4-3 wp-has-aspect-ratio wp-embed-aspect-16-9\"><div class=\"wp-block-embed__wrapper\">\n<iframe loading=\"lazy\" title=\"Ciclo 3. Historia 6\u00b0 b\u00e1sicos\" width=\"830\" height=\"467\" src=\"https:\/\/www.youtube.com\/embed\/0kbiyNN3sBM?feature=oembed\" frameborder=\"0\" allow=\"accelerometer; autoplay; clipboard-write; encrypted-media; gyroscope; picture-in-picture\" allowfullscreen><\/iframe>\n<\/div><\/figure>\n\n\n\n<hr class=\"wp-block-separator\"\/>\n\n\n\n<div style=\"height:20px\" aria-hidden=\"true\" class=\"wp-block-spacer\"><\/div>\n\n\n\n<p><strong>CIENCIAS NATURALES<\/strong><\/p>\n<p>Profesora: Priscila Mu\u00f1oz \/ priscila.munoz@colegio-sanandres.cl<\/p>\n<p><a href=\"http:\/\/www.colegio-sanandres.cl\/wp-content\/uploads\/2021\/04\/6\u00b0-B\u00e1sico-Ciencias-Instrucciones-de-Trabajo.pdf\">Instrucciones de trabajo Ciencias Naturales 6\u00b0 B\u00e1sico.<\/a><\/p>\n\n\n\n<figure class=\"wp-block-embed-youtube wp-block-embed is-type-video is-provider-youtube wp-embed-aspect-4-3 wp-has-aspect-ratio wp-embed-aspect-16-9\"><div class=\"wp-block-embed__wrapper\">\n<iframe loading=\"lazy\" title=\"Conductores y aislantes\" width=\"830\" height=\"467\" src=\"https:\/\/www.youtube.com\/embed\/Qqa0Hgf7pGU?feature=oembed\" frameborder=\"0\" allow=\"accelerometer; autoplay; clipboard-write; encrypted-media; gyroscope; picture-in-picture\" allowfullscreen><\/iframe>\n<\/div><\/figure>\n\n\n\n<hr class=\"wp-block-separator\"\/>\n\n\n\n<div style=\"height:20px\" aria-hidden=\"true\" class=\"wp-block-spacer\"><\/div>\n\n\n\n<p><strong>INGL\u00c9S<br><\/strong><\/p>\n<p>Profesora: Patricia Catal\u00e1n \/ patricia.catalan@colegio-sanandres.cl<\/p>\n<p><a href=\"http:\/\/www.colegio-sanandres.cl\/wp-content\/uploads\/2021\/04\/6\u00b0-B\u00e1sico-Ingl\u00e9s-Instrucciones-de-Trabajo.pdf\">Instrucciones de Trabajo 6\u00b0 B\u00e1sico Ingl\u00e9s.<\/a><\/p>\n<p><a href=\"http:\/\/www.colegio-sanandres.cl\/wp-content\/uploads\/2021\/04\/6\u00b0-B\u00e1sico-Ingl\u00e9s-Presentaci\u00f3n-PPT.pdf\">PPT Contenidos Ingl\u00e9s 6\u00b0 B\u00e1sico Ingl\u00e9s.<\/a><\/p>\n\n\n\n<figure class=\"wp-block-embed-youtube wp-block-embed is-type-video is-provider-youtube wp-embed-aspect-16-9 wp-has-aspect-ratio\"><div class=\"wp-block-embed__wrapper\">\n<iframe loading=\"lazy\" title=\"Instrucciones de trabajo 3er ciclo P.A.R. - Ingl\u00e9s 6\u00b0 b\u00e1sico\" width=\"830\" height=\"467\" src=\"https:\/\/www.youtube.com\/embed\/vtQ3aQa_N4Q?feature=oembed\" frameborder=\"0\" allow=\"accelerometer; autoplay; clipboard-write; encrypted-media; gyroscope; picture-in-picture\" allowfullscreen><\/iframe>\n<\/div><\/figure>\n\n\n\n<p><span style=\"text-decoration: underline;\">AUDIO INGL\u00c9S:<\/span><\/p>\n<!--[if lt IE 9]><script>document.createElement('audio');<\/script><![endif]-->\n<audio class=\"wp-audio-shortcode\" id=\"audio-8028-1\" preload=\"none\" style=\"width: 100%;\" controls=\"controls\"><source type=\"audio\/wav\" src=\"http:\/\/www.colegio-sanandres.cl\/wp-content\/uploads\/2021\/04\/6\u00b0-B\u00e1sico-Ingl\u00e9s-AUDIO.wav?_=1\" \/><a href=\"http:\/\/www.colegio-sanandres.cl\/wp-content\/uploads\/2021\/04\/6\u00b0-B\u00e1sico-Ingl\u00e9s-AUDIO.wav\">http:\/\/www.colegio-sanandres.cl\/wp-content\/uploads\/2021\/04\/6\u00b0-B\u00e1sico-Ingl\u00e9s-AUDIO.wav<\/a><\/audio>\n\n\n\n<hr class=\"wp-block-separator\"\/>\n\n\n\n<div style=\"height:20px\" aria-hidden=\"true\" class=\"wp-block-spacer\"><\/div>\n\n\n\n<p><strong>EDUCACI\u00d3N MUSICAL <br><\/strong><\/p>\n<p>Profesor: Cristian Chac\u00f3n \/ cristian.chacon@colegio-sanandres.cl<\/p>\n<p><a href=\"http:\/\/www.colegio-sanandres.cl\/wp-content\/uploads\/2021\/04\/6\u00b0-B\u00e1sico-M\u00fasica-Instrucciones-de-Trabajo.pdf\">Instrucciones Educaci\u00f3n Musical 6\u00b0 B\u00e1sico.<\/a><\/p>\n<p><a href=\"http:\/\/www.colegio-sanandres.cl\/wp-content\/uploads\/2021\/04\/6\u00b0-B\u00e1sico-M\u00fasica-R\u00fabrica.pdf\">R\u00fabrica M\u00fasica 6\u00b0 B\u00e1sico.<\/a><\/p>\n\n\n\n<figure class=\"wp-block-embed-youtube wp-block-embed is-type-video is-provider-youtube wp-embed-aspect-16-9 wp-has-aspect-ratio\"><div class=\"wp-block-embed__wrapper\">\n<iframe loading=\"lazy\" title=\"6to b\u00e1sico gu\u00eda 2\" width=\"830\" height=\"467\" src=\"https:\/\/www.youtube.com\/embed\/JYtOVksc1Eo?feature=oembed\" frameborder=\"0\" allow=\"accelerometer; autoplay; clipboard-write; encrypted-media; gyroscope; picture-in-picture\" allowfullscreen><\/iframe>\n<\/div><\/figure>\n\n\n\n<hr class=\"wp-block-separator\"\/>\n\n\n\n<div style=\"height:20px\" aria-hidden=\"true\" class=\"wp-block-spacer\"><\/div>\n\n\n\n<p><strong>ARTES VISUALES \/ TECNOLOG\u00cdA<br><\/strong><\/p>\n<p>Profesora: Susana Ortiz \/ susana.ortiz@colegio-sanandres.cl<\/p>\n<p><a href=\"http:\/\/www.colegio-sanandres.cl\/wp-content\/uploads\/2021\/04\/6\u00b0-B\u00e1sico-Artes-Instrucciones-de-Trabajo.pdf\">Instrucciones de trabajo Artes Visuales \/ Tecnolog\u00eda 6\u00b0 B\u00e1sico.<\/a><\/p>\n<p><a href=\"http:\/\/www.colegio-sanandres.cl\/wp-content\/uploads\/2021\/04\/6\u00b0-B\u00e1sico-Artes-Presentaci\u00f3n-PPT.pdf\">PPT Explicativo Artes Visuales 6\u00b0 B\u00e1sico.<\/a><\/p>\n\n\n\n<figure class=\"wp-block-embed-youtube wp-block-embed is-type-video is-provider-youtube wp-embed-aspect-16-9 wp-has-aspect-ratio\"><div class=\"wp-block-embed__wrapper\">\n<iframe loading=\"lazy\" title=\"Video explicativo Artes Visuales 6\u00b0 b\u00e1sico (3\u00b0 ciclo)\" width=\"830\" height=\"467\" src=\"https:\/\/www.youtube.com\/embed\/zGeK99ak3pA?feature=oembed\" frameborder=\"0\" allow=\"accelerometer; autoplay; clipboard-write; encrypted-media; gyroscope; picture-in-picture\" allowfullscreen><\/iframe>\n<\/div><\/figure>\n\n\n\n<hr class=\"wp-block-separator\"\/>\n\n\n\n<div style=\"height:20px\" aria-hidden=\"true\" class=\"wp-block-spacer\"><\/div>\n\n\n\n<p><strong>EDUCACI\u00d3N F\u00cdSICA<br \/><\/strong><\/p>\n<p>Profesor: Mauricio Or\u00f3stica \/ mauricio.orostica@colegio-sanandres.cl<\/p>\n<p><a href=\"http:\/\/www.colegio-sanandres.cl\/wp-content\/uploads\/2021\/04\/Instructivo_EFI-6\u00b0-B\u00e1sico.pdf\">Instrucciones de trabajo Educaci\u00f3n F\u00edsica 6\u00b0 B\u00e1sico.<\/a><\/p>\n\n\n\n<figure class=\"wp-block-embed-youtube wp-block-embed is-type-video is-provider-youtube wp-embed-aspect-16-9 wp-has-aspect-ratio\"><div class=\"wp-block-embed__wrapper\">\n<iframe loading=\"lazy\" title=\"Sextos B\u00e1sicos\/Tercer ciclo\/26- 04- 2021\/ Desarrollar las capacidades de flexibilidad y velocidad.\" width=\"830\" height=\"467\" src=\"https:\/\/www.youtube.com\/embed\/RL-9qVvkXRc?feature=oembed\" frameborder=\"0\" allow=\"accelerometer; autoplay; clipboard-write; encrypted-media; gyroscope; picture-in-picture\" allowfullscreen><\/iframe>\n<\/div><\/figure>\n\n\n\n<hr class=\"wp-block-separator\"\/>\n","protected":false},"excerpt":{"rendered":"<p>LENGUAJE Profesora: Isabel Rivera \/ isabel.rivera@colegio-sanandres.cl Gu\u00eda de Trabajo 6\u00b0 B\u00e1sico Lenguaje. MATEM\u00c1TICAS Profesora: Pamela P\u00e9rez \/ pamela.perez@colegio-sanandres.cl Instrucciones de trabajo Matem\u00e1tica 6\u00b0 B\u00e1sico. PPT Contenidos Matem\u00e1tica 6\u00b0 B\u00e1sico. HISTORIA Profesora: \u00c1ngela Mendoza \/ angela.mendoza@colegio-sanandres.cl Instrucciones de trabajo Historia 6\u00b0 B\u00e1sico. PPT Contenidos Historia 6\u00b0 B\u00e1sico. CIENCIAS NATURALES Profesora: Priscila Mu\u00f1oz \/ priscila.munoz@colegio-sanandres.cl Instrucciones de [&hellip;]<\/p>\n","protected":false},"author":3,"featured_media":0,"parent":0,"menu_order":0,"comment_status":"closed","ping_status":"closed","template":"","meta":{"footnotes":""},"class_list":["post-8028","page","type-page","status-publish","hentry"],"amp_enabled":true,"_links":{"self":[{"href":"http:\/\/www.colegio-sanandres.cl\/index.php?rest_route=\/wp\/v2\/pages\/8028","targetHints":{"allow":["GET"]}}],"collection":[{"href":"http:\/\/www.colegio-sanandres.cl\/index.php?rest_route=\/wp\/v2\/pages"}],"about":[{"href":"http:\/\/www.colegio-sanandres.cl\/index.php?rest_route=\/wp\/v2\/types\/page"}],"author":[{"embeddable":true,"href":"http:\/\/www.colegio-sanandres.cl\/index.php?rest_route=\/wp\/v2\/users\/3"}],"replies":[{"embeddable":true,"href":"http:\/\/www.colegio-sanandres.cl\/index.php?rest_route=%2Fwp%2Fv2%2Fcomments&post=8028"}],"version-history":[{"count":4,"href":"http:\/\/www.colegio-sanandres.cl\/index.php?rest_route=\/wp\/v2\/pages\/8028\/revisions"}],"predecessor-version":[{"id":8245,"href":"http:\/\/www.colegio-sanandres.cl\/index.php?rest_route=\/wp\/v2\/pages\/8028\/revisions\/8245"}],"wp:attachment":[{"href":"http:\/\/www.colegio-sanandres.cl\/index.php?rest_route=%2Fwp%2Fv2%2Fmedia&parent=8028"}],"curies":[{"name":"wp","href":"https:\/\/api.w.org\/{rel}","templated":true}]}}