{"id":8042,"date":"2021-04-23T22:06:18","date_gmt":"2021-04-24T02:06:18","guid":{"rendered":"http:\/\/www.colegio-sanandres.cl\/?page_id=8042"},"modified":"2024-04-08T10:40:16","modified_gmt":"2024-04-08T14:40:16","slug":"talleres-de-apoyo-pedagogico","status":"publish","type":"page","link":"http:\/\/www.colegio-sanandres.cl\/?page_id=8042","title":{"rendered":"Talleres de Apoyo Pedag\u00f3gico 2024"},"content":{"rendered":"\n<p style=\"text-align: justify;\">Con la finalidad de apoyar a los estudiantes en su proceso de aprendizaje implementaremos talleres de apoyo pedag\u00f3gico en las asignaturas de Lenguaje y Matem\u00e1tica de 1\u00b0 a 8\u00b0 B\u00e1sico.<\/p>\n<p style=\"text-align: justify;\">Los estudiantes que participar\u00e1n de estos talleres ser\u00e1n designados por sus profesores de asignatura e informados v\u00eda libreta de comunicaciones.<\/p>\n<blockquote>\n<h4 style=\"text-align: center;\"><strong>Los talleres se inician a partir del Lunes 8 de Abril en los siguientes horarios:<\/strong><\/h4>\n<\/blockquote>\n<p>&nbsp;<\/p>\n<hr>\n<p><a href=\"http:\/\/www.colegio-sanandres.cl\/wp-content\/uploads\/2024\/04\/Talleres-Pedag\u00f3gicos-2\u00b0-a-4\u00b0-B\u00e1sico.jpg\"><img loading=\"lazy\" decoding=\"async\" class=\"alignnone size-large wp-image-14294\" src=\"http:\/\/www.colegio-sanandres.cl\/wp-content\/uploads\/2024\/04\/Talleres-Pedag\u00f3gicos-2\u00b0-a-4\u00b0-B\u00e1sico-1200x675.jpg\" alt=\"\" width=\"830\" height=\"467\" srcset=\"http:\/\/www.colegio-sanandres.cl\/wp-content\/uploads\/2024\/04\/Talleres-Pedag\u00f3gicos-2\u00b0-a-4\u00b0-B\u00e1sico-1200x675.jpg 1200w, http:\/\/www.colegio-sanandres.cl\/wp-content\/uploads\/2024\/04\/Talleres-Pedag\u00f3gicos-2\u00b0-a-4\u00b0-B\u00e1sico-850x478.jpg 850w, http:\/\/www.colegio-sanandres.cl\/wp-content\/uploads\/2024\/04\/Talleres-Pedag\u00f3gicos-2\u00b0-a-4\u00b0-B\u00e1sico-250x141.jpg 250w, http:\/\/www.colegio-sanandres.cl\/wp-content\/uploads\/2024\/04\/Talleres-Pedag\u00f3gicos-2\u00b0-a-4\u00b0-B\u00e1sico-768x432.jpg 768w, http:\/\/www.colegio-sanandres.cl\/wp-content\/uploads\/2024\/04\/Talleres-Pedag\u00f3gicos-2\u00b0-a-4\u00b0-B\u00e1sico.jpg 1280w\" sizes=\"auto, (max-width: 830px) 100vw, 830px\" \/><\/a><\/p>\n<hr>\n<p><a href=\"http:\/\/www.colegio-sanandres.cl\/wp-content\/uploads\/2024\/04\/Talleres-Pedag\u00f3gicos-5\u00b0-a-8\u00b0-B\u00e1sico.jpg\"><img loading=\"lazy\" decoding=\"async\" class=\"alignnone size-large wp-image-14292\" src=\"http:\/\/www.colegio-sanandres.cl\/wp-content\/uploads\/2024\/04\/Talleres-Pedag\u00f3gicos-5\u00b0-a-8\u00b0-B\u00e1sico-1200x675.jpg\" alt=\"\" width=\"830\" height=\"467\" srcset=\"http:\/\/www.colegio-sanandres.cl\/wp-content\/uploads\/2024\/04\/Talleres-Pedag\u00f3gicos-5\u00b0-a-8\u00b0-B\u00e1sico-1200x675.jpg 1200w, http:\/\/www.colegio-sanandres.cl\/wp-content\/uploads\/2024\/04\/Talleres-Pedag\u00f3gicos-5\u00b0-a-8\u00b0-B\u00e1sico-850x478.jpg 850w, http:\/\/www.colegio-sanandres.cl\/wp-content\/uploads\/2024\/04\/Talleres-Pedag\u00f3gicos-5\u00b0-a-8\u00b0-B\u00e1sico-250x141.jpg 250w, http:\/\/www.colegio-sanandres.cl\/wp-content\/uploads\/2024\/04\/Talleres-Pedag\u00f3gicos-5\u00b0-a-8\u00b0-B\u00e1sico-768x432.jpg 768w, http:\/\/www.colegio-sanandres.cl\/wp-content\/uploads\/2024\/04\/Talleres-Pedag\u00f3gicos-5\u00b0-a-8\u00b0-B\u00e1sico.jpg 1280w\" sizes=\"auto, (max-width: 830px) 100vw, 830px\" \/><\/a><\/p>\n<hr>\n<p style=\"text-align: justify;\">Es importante que los estudiantes seleccionados participen de o los talleres asignados toda vez que lo requiere. Cualquier duda se puede contactar directamente con Jefa de Unidad T\u00e9cnica Pedag\u00f3gica ( pamela.perez@colegio-sanandres.cl ).<\/p>\n<p style=\"text-align: justify;\">Atte. Direcci\u00f3n Colegio San Andr\u00e9s Vi\u00f1a del Mar.<\/p>\n","protected":false},"excerpt":{"rendered":"<p>Con la finalidad de apoyar a los estudiantes en su proceso de aprendizaje implementaremos talleres de apoyo pedag\u00f3gico en las asignaturas de Lenguaje y Matem\u00e1tica de 1\u00b0 a 8\u00b0 B\u00e1sico. Los estudiantes que participar\u00e1n de estos talleres ser\u00e1n designados por sus profesores de asignatura e informados v\u00eda libreta de comunicaciones. Los talleres se inician a [&hellip;]<\/p>\n","protected":false},"author":3,"featured_media":13023,"parent":0,"menu_order":0,"comment_status":"closed","ping_status":"closed","template":"","meta":{"footnotes":""},"class_list":["post-8042","page","type-page","status-publish","has-post-thumbnail","hentry"],"amp_enabled":true,"_links":{"self":[{"href":"http:\/\/www.colegio-sanandres.cl\/index.php?rest_route=\/wp\/v2\/pages\/8042","targetHints":{"allow":["GET"]}}],"collection":[{"href":"http:\/\/www.colegio-sanandres.cl\/index.php?rest_route=\/wp\/v2\/pages"}],"about":[{"href":"http:\/\/www.colegio-sanandres.cl\/index.php?rest_route=\/wp\/v2\/types\/page"}],"author":[{"embeddable":true,"href":"http:\/\/www.colegio-sanandres.cl\/index.php?rest_route=\/wp\/v2\/users\/3"}],"replies":[{"embeddable":true,"href":"http:\/\/www.colegio-sanandres.cl\/index.php?rest_route=%2Fwp%2Fv2%2Fcomments&post=8042"}],"version-history":[{"count":10,"href":"http:\/\/www.colegio-sanandres.cl\/index.php?rest_route=\/wp\/v2\/pages\/8042\/revisions"}],"predecessor-version":[{"id":14296,"href":"http:\/\/www.colegio-sanandres.cl\/index.php?rest_route=\/wp\/v2\/pages\/8042\/revisions\/14296"}],"wp:featuredmedia":[{"embeddable":true,"href":"http:\/\/www.colegio-sanandres.cl\/index.php?rest_route=\/wp\/v2\/media\/13023"}],"wp:attachment":[{"href":"http:\/\/www.colegio-sanandres.cl\/index.php?rest_route=%2Fwp%2Fv2%2Fmedia&parent=8042"}],"curies":[{"name":"wp","href":"https:\/\/api.w.org\/{rel}","templated":true}]}}