{"id":8848,"date":"2021-05-22T21:21:25","date_gmt":"2021-05-23T01:21:25","guid":{"rendered":"http:\/\/www.colegio-sanandres.cl\/?page_id=8848"},"modified":"2021-05-23T13:04:53","modified_gmt":"2021-05-23T17:04:53","slug":"semana-no1-4-ciclo-de-aprendizaje-lunes-24-al-viernes-28-de-mayo-2021","status":"publish","type":"page","link":"http:\/\/www.colegio-sanandres.cl\/?page_id=8848","title":{"rendered":"Semana N\u00ba1 \/ 4\u00b0 Ciclo de Aprendizaje ( Lunes 24 al Viernes 28 de Mayo 2021)."},"content":{"rendered":"\n<div class=\"entry-content\">\n<p class=\"has-text-color has-background has-text-align-center has-very-dark-gray-color has-vivid-green-cyan-background-color\"><strong>EDUCACI\u00d3N PARVULARIA<\/strong><\/p>\n<p><a href=\"http:\/\/www.colegio-sanandres.cl\/?page_id=8963\"><strong>PRE K\u00cdNDER<\/strong><\/a><\/p>\n<p><a href=\"http:\/\/www.colegio-sanandres.cl\/?page_id=8956\"><strong>K\u00cdNDER<\/strong><\/a><\/p>\n<p class=\"has-text-color has-background has-text-align-center has-very-dark-gray-color has-luminous-vivid-orange-background-color\"><strong>PRIMER CICLO B\u00c1SICO<\/strong><\/p>\n<p><a href=\"http:\/\/www.colegio-sanandres.cl\/?page_id=8851\"><strong>1\u00ba B\u00c1SICO<\/strong><\/a><\/p>\n<p><a href=\"http:\/\/www.colegio-sanandres.cl\/?page_id=8860\"><strong>2\u00ba B\u00c1SICO<\/strong><\/a><\/p>\n<p><a href=\"http:\/\/www.colegio-sanandres.cl\/?page_id=8869\"><strong>3\u00ba B\u00c1SICO<\/strong><\/a><\/p>\n<p><a href=\"http:\/\/www.colegio-sanandres.cl\/?page_id=8883\"><strong>4\u00ba B\u00c1SICO<\/strong><\/a><\/p>\n<p class=\"has-text-color has-background has-text-align-center has-very-dark-gray-color has-vivid-cyan-blue-background-color\"><strong>SEGUNDO CICLO B\u00c1SICO<\/strong><\/p>\n<p><a href=\"http:\/\/www.colegio-sanandres.cl\/?page_id=8901\"><strong>5\u00ba B\u00c1SICO<\/strong><\/a><\/p>\n<p><a href=\"http:\/\/www.colegio-sanandres.cl\/?page_id=8915\"><strong>6\u00ba B\u00c1SICO<\/strong><\/a><\/p>\n<p><a href=\"http:\/\/www.colegio-sanandres.cl\/?page_id=8930\"><strong>7\u00ba B\u00c1SI<\/strong><strong>C<\/strong><strong>O<\/strong><\/a><\/p>\n<p><a href=\"http:\/\/www.colegio-sanandres.cl\/?page_id=8943\"><strong>8\u00ba B\u00c1S<\/strong><strong>I<\/strong><strong>CO<\/strong><\/a><\/p>\n<\/div>\n","protected":false},"excerpt":{"rendered":"<p>EDUCACI\u00d3N PARVULARIA PRE K\u00cdNDER K\u00cdNDER PRIMER CICLO B\u00c1SICO 1\u00ba B\u00c1SICO 2\u00ba B\u00c1SICO 3\u00ba B\u00c1SICO 4\u00ba B\u00c1SICO SEGUNDO CICLO B\u00c1SICO 5\u00ba B\u00c1SICO 6\u00ba B\u00c1SICO 7\u00ba B\u00c1SICO 8\u00ba B\u00c1SICO<\/p>\n","protected":false},"author":3,"featured_media":0,"parent":0,"menu_order":0,"comment_status":"closed","ping_status":"closed","template":"","meta":{"footnotes":""},"class_list":["post-8848","page","type-page","status-publish","hentry"],"amp_enabled":true,"_links":{"self":[{"href":"http:\/\/www.colegio-sanandres.cl\/index.php?rest_route=\/wp\/v2\/pages\/8848","targetHints":{"allow":["GET"]}}],"collection":[{"href":"http:\/\/www.colegio-sanandres.cl\/index.php?rest_route=\/wp\/v2\/pages"}],"about":[{"href":"http:\/\/www.colegio-sanandres.cl\/index.php?rest_route=\/wp\/v2\/types\/page"}],"author":[{"embeddable":true,"href":"http:\/\/www.colegio-sanandres.cl\/index.php?rest_route=\/wp\/v2\/users\/3"}],"replies":[{"embeddable":true,"href":"http:\/\/www.colegio-sanandres.cl\/index.php?rest_route=%2Fwp%2Fv2%2Fcomments&post=8848"}],"version-history":[{"count":9,"href":"http:\/\/www.colegio-sanandres.cl\/index.php?rest_route=\/wp\/v2\/pages\/8848\/revisions"}],"predecessor-version":[{"id":8970,"href":"http:\/\/www.colegio-sanandres.cl\/index.php?rest_route=\/wp\/v2\/pages\/8848\/revisions\/8970"}],"wp:attachment":[{"href":"http:\/\/www.colegio-sanandres.cl\/index.php?rest_route=%2Fwp%2Fv2%2Fmedia&parent=8848"}],"curies":[{"name":"wp","href":"https:\/\/api.w.org\/{rel}","templated":true}]}}