{"id":8915,"date":"2021-05-22T22:38:04","date_gmt":"2021-05-23T02:38:04","guid":{"rendered":"http:\/\/www.colegio-sanandres.cl\/?page_id=8915"},"modified":"2021-05-25T17:33:28","modified_gmt":"2021-05-25T21:33:28","slug":"6o-basico-semana-1-lunes-24-al-viernes-28-de-mayo","status":"publish","type":"page","link":"http:\/\/www.colegio-sanandres.cl\/?page_id=8915","title":{"rendered":"6\u00ba B\u00c1SICO (Semana 1: Lunes 24 al Viernes 28 de Mayo)"},"content":{"rendered":"\n<h4 style=\"text-align: center;\"><span style=\"background-color: #99ccff;\"><strong>Reuni\u00f3n v\u00eda meet para Estudiantes de 6\u00b0 B\u00e1sico:<\/strong><\/span><\/h4>\n<h4 style=\"text-align: center;\"><span style=\"background-color: #99ccff;\"><strong> Inducci\u00f3n al Retorno a Clases Presenciales<\/strong><\/span><\/h4>\n<p style=\"text-align: justify;\">La reuni\u00f3n se realizar\u00e1 el d\u00eda Jueves 27 de Mayo a las 11:15 hrs. Para acceder debes hacer clic en el siguiente t\u00edtulo correspondiente a tu curso e ingresar la clave que fue entregada a tu apoderado (es la misma clave con la cual los apoderados entreron a la reuni\u00f3n de apoderados).<\/p>\n<p><blockquote class=\"wp-embedded-content\" data-secret=\"81VtgRrO32\"><a href=\"http:\/\/www.colegio-sanandres.cl\/?page_id=9003\">Protegido: Reuni\u00f3n para Estudiantes:    6\u00b0 B\u00e1sico A.<\/a><\/blockquote><iframe loading=\"lazy\" class=\"wp-embedded-content\" sandbox=\"allow-scripts\" security=\"restricted\" style=\"position: absolute; clip: rect(1px, 1px, 1px, 1px);\" title=\"\u00abProtegido: Reuni\u00f3n para Estudiantes:    6\u00b0 B\u00e1sico A.\u00bb \u2014 Colegio San Andr\u00e9s - Vi\u00f1a del Mar\" src=\"http:\/\/www.colegio-sanandres.cl\/?page_id=9003&#038;embed=true#?secret=81VtgRrO32\" data-secret=\"81VtgRrO32\" width=\"600\" height=\"338\" frameborder=\"0\" marginwidth=\"0\" marginheight=\"0\" scrolling=\"no\"><\/iframe><\/p>\n<hr>\n<p><blockquote class=\"wp-embedded-content\" data-secret=\"2XENPSiMmx\"><a href=\"http:\/\/www.colegio-sanandres.cl\/?page_id=9005\">Protegido: Reuni\u00f3n para Estudiantes:    6\u00b0 B\u00e1sico B.<\/a><\/blockquote><iframe loading=\"lazy\" class=\"wp-embedded-content\" sandbox=\"allow-scripts\" security=\"restricted\" style=\"position: absolute; clip: rect(1px, 1px, 1px, 1px);\" title=\"\u00abProtegido: Reuni\u00f3n para Estudiantes:    6\u00b0 B\u00e1sico B.\u00bb \u2014 Colegio San Andr\u00e9s - Vi\u00f1a del Mar\" src=\"http:\/\/www.colegio-sanandres.cl\/?page_id=9005&#038;embed=true#?secret=2XENPSiMmx\" data-secret=\"2XENPSiMmx\" width=\"600\" height=\"338\" frameborder=\"0\" marginwidth=\"0\" marginheight=\"0\" scrolling=\"no\"><\/iframe><\/p>\n\n\n\n<div style=\"height:20px\" aria-hidden=\"true\" class=\"wp-block-spacer\"><\/div>\n\n\n\n<hr class=\"wp-block-separator\"\/>\n\n\n\n<div style=\"height:20px\" aria-hidden=\"true\" class=\"wp-block-spacer\"><\/div>\n\n\n\n<p><strong>LENGUAJE<\/strong><\/p>\n<p>Profesora: Isabel Rivera \/ isabel.rivera@colegio-sanandres.cl<\/p>\n<p><a href=\"http:\/\/www.colegio-sanandres.cl\/wp-content\/uploads\/2021\/05\/6\u00b0-B\u00e1sico-Lenguaje-Instrucciones-de-Trabajo.pdf\">Gu\u00eda de Trabajo 6\u00b0 B\u00e1sico Lenguaje.<\/a><\/p>\n\n\n\n<figure class=\"wp-block-embed-youtube wp-block-embed is-type-video is-provider-youtube wp-embed-aspect-16-9 wp-has-aspect-ratio wp-embed-aspect-4-3\"><div class=\"wp-block-embed__wrapper\">\n<iframe loading=\"lazy\" title=\"sextos conflicto vendedor de humo\" width=\"830\" height=\"467\" src=\"https:\/\/www.youtube.com\/embed\/ynHvVF-mHd8?feature=oembed\" frameborder=\"0\" allow=\"accelerometer; autoplay; clipboard-write; encrypted-media; gyroscope; picture-in-picture\" allowfullscreen><\/iframe>\n<\/div><\/figure>\n\n\n\n<hr class=\"wp-block-separator\"\/>\n\n\n\n<div style=\"height:20px\" aria-hidden=\"true\" class=\"wp-block-spacer\"><\/div>\n\n\n\n<p><strong>MATEM\u00c1TICAS <\/strong><\/p>\n<p>Profesora: Pamela P\u00e9rez \/ pamela.perez@colegio-sanandres.cl<\/p>\n<p><a href=\"http:\/\/www.colegio-sanandres.cl\/wp-content\/uploads\/2021\/05\/6\u00b0-B\u00e1sico-Matem\u00e1ticas-Instrucciones-de-Trabajo.pdf\">Instrucciones de trabajo Matem\u00e1tica 6\u00b0 B\u00e1sico.<\/a><\/p>\n<p><a href=\"http:\/\/www.colegio-sanandres.cl\/wp-content\/uploads\/2021\/05\/6\u00b0-B\u00e1sico-PPT-Matem\u00e1ticas-Instrucciones-de-Trabajo.pptx\">PPT Contenidos Matem\u00e1tica 6\u00b0 B\u00e1sico.<\/a><\/p>\n\n\n\n<figure class=\"wp-block-embed-youtube wp-block-embed is-type-video is-provider-youtube wp-embed-aspect-16-9 wp-has-aspect-ratio\"><div class=\"wp-block-embed__wrapper\">\n<iframe loading=\"lazy\" title=\"PAR 4 SEXTO BASICO\" width=\"830\" height=\"467\" src=\"https:\/\/www.youtube.com\/embed\/UGyM4JGnLV4?feature=oembed\" frameborder=\"0\" allow=\"accelerometer; autoplay; clipboard-write; encrypted-media; gyroscope; picture-in-picture\" allowfullscreen><\/iframe>\n<\/div><\/figure>\n\n\n\n<hr class=\"wp-block-separator\"\/>\n\n\n\n<div style=\"height:20px\" aria-hidden=\"true\" class=\"wp-block-spacer\"><\/div>\n\n\n\n<p><strong>HISTORIA<\/strong><\/p>\n<p>Profesora: \u00c1ngela Mendoza \/ angela.mendoza@colegio-sanandres.cl<\/p>\n<p><a href=\"http:\/\/www.colegio-sanandres.cl\/wp-content\/uploads\/2021\/05\/6\u00b0-B\u00e1sico-Historia-Instrucciones-de-Trabajo.pdf\">Instrucciones de trabajo Historia 6\u00b0 B\u00e1sico.<\/a><\/p>\n<p><a href=\"http:\/\/www.colegio-sanandres.cl\/wp-content\/uploads\/2021\/05\/6\u00b0-B\u00e1sico-Historia-PPT.pdf\">PPT Contenidos Historia 6\u00b0 B\u00e1sico.<\/a><\/p>\n\n\n\n<figure class=\"wp-block-embed-youtube wp-block-embed is-type-video is-provider-youtube wp-embed-aspect-4-3 wp-has-aspect-ratio wp-embed-aspect-16-9\"><div class=\"wp-block-embed__wrapper\">\n<iframe loading=\"lazy\" title=\"Ciclo 4: 6\u00b0 b\u00e1sicos - Historia. Organizaci\u00f3n pol\u00edtica y social de Chile\" width=\"830\" height=\"467\" src=\"https:\/\/www.youtube.com\/embed\/J1K8acQzvmw?feature=oembed\" frameborder=\"0\" allow=\"accelerometer; autoplay; clipboard-write; encrypted-media; gyroscope; picture-in-picture\" allowfullscreen><\/iframe>\n<\/div><\/figure>\n\n\n\n<hr class=\"wp-block-separator\"\/>\n\n\n\n<div style=\"height:20px\" aria-hidden=\"true\" class=\"wp-block-spacer\"><\/div>\n\n\n\n<p><strong>CIENCIAS NATURALES<\/strong><\/p>\n<p>Profesora: Priscila Mu\u00f1oz \/ priscila.munoz@colegio-sanandres.cl<\/p>\n<p><a href=\"http:\/\/www.colegio-sanandres.cl\/wp-content\/uploads\/2021\/05\/6\u00b0-B\u00e1sico-Ciencias-Instrucciones-de-Trabajo.pdf\">Instrucciones de trabajo Ciencias Naturales 6\u00b0 B\u00e1sico.<\/a><\/p>\n\n\n\n<figure class=\"wp-block-embed-youtube wp-block-embed is-type-video is-provider-youtube wp-embed-aspect-4-3 wp-has-aspect-ratio wp-embed-aspect-16-9\"><div class=\"wp-block-embed__wrapper\">\n<iframe loading=\"lazy\" title=\"Video fotosintesis\" width=\"830\" height=\"467\" src=\"https:\/\/www.youtube.com\/embed\/hL_OTe8fjxs?feature=oembed\" frameborder=\"0\" allow=\"accelerometer; autoplay; clipboard-write; encrypted-media; gyroscope; picture-in-picture\" allowfullscreen><\/iframe>\n<\/div><\/figure>\n\n\n\n<hr class=\"wp-block-separator\"\/>\n\n\n\n<div style=\"height:20px\" aria-hidden=\"true\" class=\"wp-block-spacer\"><\/div>\n\n\n\n<p><strong>INGL\u00c9S<br><\/strong><\/p>\n<p>Profesora: Patricia Catal\u00e1n \/ patricia.catalan@colegio-sanandres.cl<\/p>\n<p><a href=\"http:\/\/www.colegio-sanandres.cl\/wp-content\/uploads\/2021\/05\/6\u00b0-B\u00e1sico-Ingl\u00e9s-Instrucciones-de-Trabajo.pdf\">Instrucciones de Trabajo 6\u00b0 B\u00e1sico Ingl\u00e9s.<\/a><\/p>\n\n\n\n<figure class=\"wp-block-embed-youtube wp-block-embed is-type-video is-provider-youtube wp-embed-aspect-16-9 wp-has-aspect-ratio\"><div class=\"wp-block-embed__wrapper\">\n<iframe loading=\"lazy\" title=\"Instrucciones de trabajo 4to ciclo P A R  Ingl\u00e9s 6\u00b0 b\u00e1sico\" width=\"830\" height=\"467\" src=\"https:\/\/www.youtube.com\/embed\/krHKjyVXykg?feature=oembed\" frameborder=\"0\" allow=\"accelerometer; autoplay; clipboard-write; encrypted-media; gyroscope; picture-in-picture\" allowfullscreen><\/iframe>\n<\/div><\/figure>\n\n\n\n<p><span style=\"text-decoration: underline;\">AUDIO INGL\u00c9S:<\/span><\/p>\n<!--[if lt IE 9]><script>document.createElement('audio');<\/script><![endif]-->\n<audio class=\"wp-audio-shortcode\" id=\"audio-8915-1\" preload=\"none\" style=\"width: 100%;\" controls=\"controls\"><source type=\"audio\/wav\" src=\"http:\/\/www.colegio-sanandres.cl\/wp-content\/uploads\/2021\/05\/Track-45_6th-grade.wav?_=1\" \/><a href=\"http:\/\/www.colegio-sanandres.cl\/wp-content\/uploads\/2021\/05\/Track-45_6th-grade.wav\">http:\/\/www.colegio-sanandres.cl\/wp-content\/uploads\/2021\/05\/Track-45_6th-grade.wav<\/a><\/audio>\n\n\n\n<hr class=\"wp-block-separator\"\/>\n\n\n\n<div style=\"height:20px\" aria-hidden=\"true\" class=\"wp-block-spacer\"><\/div>\n\n\n\n<p><strong>EDUCACI\u00d3N MUSICAL <br><\/strong><\/p>\n<p>Profesor: Cristian Chac\u00f3n \/ cristian.chacon@colegio-sanandres.cl<\/p>\n<p><a href=\"http:\/\/www.colegio-sanandres.cl\/wp-content\/uploads\/2021\/05\/6\u00b0-B\u00e1sico-M\u00fasica-Instrucciones-de-Trabajo.pdf\">Instrucciones Educaci\u00f3n Musical 6\u00b0 B\u00e1sico.<\/a><\/p>\n<p><a href=\"http:\/\/www.colegio-sanandres.cl\/wp-content\/uploads\/2021\/05\/6\u00b0-B\u00e1sico-M\u00fasica-R\u00fabrica.pdf\">R\u00fabrica M\u00fasica 6\u00b0 B\u00e1sico.<\/a><\/p>\n\n\n\n<hr class=\"wp-block-separator\"\/>\n\n\n\n<div style=\"height:20px\" aria-hidden=\"true\" class=\"wp-block-spacer\"><\/div>\n\n\n\n<p><strong>ARTES VISUALES \/ TECNOLOG\u00cdA<br><\/strong><\/p>\n<p>Profesora: Susana Ortiz \/ susana.ortiz@colegio-sanandres.cl<\/p>\n<p><a href=\"http:\/\/www.colegio-sanandres.cl\/wp-content\/uploads\/2021\/05\/6\u00b0-B\u00e1sico-Artes-Instrucciones-de-Trabajo.pdf\">Instrucciones de trabajo Artes Visuales \/ Tecnolog\u00eda 6\u00b0 B\u00e1sico.<\/a><\/p>\n\n\n\n<figure class=\"wp-block-embed-youtube wp-block-embed is-type-video is-provider-youtube wp-embed-aspect-16-9 wp-has-aspect-ratio wp-embed-aspect-4-3\"><div class=\"wp-block-embed__wrapper\">\n<iframe loading=\"lazy\" title=\"Video explicativo de Artes 6\u00b0 b\u00e1sico\" width=\"830\" height=\"623\" src=\"https:\/\/www.youtube.com\/embed\/l-jB3K784W0?feature=oembed\" frameborder=\"0\" allow=\"accelerometer; autoplay; clipboard-write; encrypted-media; gyroscope; picture-in-picture\" allowfullscreen><\/iframe>\n<\/div><\/figure>\n\n\n\n<hr class=\"wp-block-separator\"\/>\n\n\n\n<div style=\"height:20px\" aria-hidden=\"true\" class=\"wp-block-spacer\"><\/div>\n\n\n\n<p><strong>EDUCACI\u00d3N F\u00cdSICA<br><\/strong><\/p>\n<p>Profesor: Mauricio Or\u00f3stica \/ mauricio.orostica@colegio-sanandres.cl<\/p>\n<p><a href=\"http:\/\/www.colegio-sanandres.cl\/wp-content\/uploads\/2021\/05\/6\u00b0-B\u00e1sico-EFI-Instrucciones-de-Trabajo.pdf\">Instrucciones de trabajo Educaci\u00f3n F\u00edsica 6\u00b0 B\u00e1sico.<\/a><\/p>\n\n\n\n<figure class=\"wp-block-embed-youtube wp-block-embed is-type-video is-provider-youtube wp-embed-aspect-16-9 wp-has-aspect-ratio\"><div class=\"wp-block-embed__wrapper\">\n<iframe loading=\"lazy\" title=\"Sextos B\u00e1sicos \/ Primer Ciclo \/ Segundo Trimestre \/ 24-05\" width=\"830\" height=\"467\" src=\"https:\/\/www.youtube.com\/embed\/19xKwZ5M1r8?feature=oembed\" frameborder=\"0\" allow=\"accelerometer; autoplay; clipboard-write; encrypted-media; gyroscope; picture-in-picture\" allowfullscreen><\/iframe>\n<\/div><\/figure>\n\n\n\n<hr class=\"wp-block-separator\"\/>\n","protected":false},"excerpt":{"rendered":"<p>Reuni\u00f3n v\u00eda meet para Estudiantes de 6\u00b0 B\u00e1sico: Inducci\u00f3n al Retorno a Clases Presenciales La reuni\u00f3n se realizar\u00e1 el d\u00eda Jueves 27 de Mayo a las 11:15 hrs. Para acceder debes hacer clic en el siguiente t\u00edtulo correspondiente a tu curso e ingresar la clave que fue entregada a tu apoderado (es la misma clave [&hellip;]<\/p>\n","protected":false},"author":3,"featured_media":0,"parent":0,"menu_order":0,"comment_status":"closed","ping_status":"closed","template":"","meta":{"footnotes":""},"class_list":["post-8915","page","type-page","status-publish","hentry"],"amp_enabled":true,"_links":{"self":[{"href":"http:\/\/www.colegio-sanandres.cl\/index.php?rest_route=\/wp\/v2\/pages\/8915","targetHints":{"allow":["GET"]}}],"collection":[{"href":"http:\/\/www.colegio-sanandres.cl\/index.php?rest_route=\/wp\/v2\/pages"}],"about":[{"href":"http:\/\/www.colegio-sanandres.cl\/index.php?rest_route=\/wp\/v2\/types\/page"}],"author":[{"embeddable":true,"href":"http:\/\/www.colegio-sanandres.cl\/index.php?rest_route=\/wp\/v2\/users\/3"}],"replies":[{"embeddable":true,"href":"http:\/\/www.colegio-sanandres.cl\/index.php?rest_route=%2Fwp%2Fv2%2Fcomments&post=8915"}],"version-history":[{"count":4,"href":"http:\/\/www.colegio-sanandres.cl\/index.php?rest_route=\/wp\/v2\/pages\/8915\/revisions"}],"predecessor-version":[{"id":9046,"href":"http:\/\/www.colegio-sanandres.cl\/index.php?rest_route=\/wp\/v2\/pages\/8915\/revisions\/9046"}],"wp:attachment":[{"href":"http:\/\/www.colegio-sanandres.cl\/index.php?rest_route=%2Fwp%2Fv2%2Fmedia&parent=8915"}],"curies":[{"name":"wp","href":"https:\/\/api.w.org\/{rel}","templated":true}]}}