{"id":8930,"date":"2021-05-22T22:48:55","date_gmt":"2021-05-23T02:48:55","guid":{"rendered":"http:\/\/www.colegio-sanandres.cl\/?page_id=8930"},"modified":"2021-05-25T17:35:22","modified_gmt":"2021-05-25T21:35:22","slug":"7o-basico-semana-1-lunes-24-al-viernes-38-de-mayo","status":"publish","type":"page","link":"http:\/\/www.colegio-sanandres.cl\/?page_id=8930","title":{"rendered":"7\u00ba B\u00c1SICO (Semana 1: Lunes 24 al Viernes 28 de Mayo)"},"content":{"rendered":"\n<h4 style=\"text-align: center;\"><span style=\"background-color: #99ccff;\"><strong>Reuni\u00f3n v\u00eda meet para Estudiantes de 7\u00b0 B\u00e1sico:<\/strong><\/span><\/h4>\n<h4 style=\"text-align: center;\"><span style=\"background-color: #99ccff;\"><strong> Inducci\u00f3n al Retorno a Clases Presenciales<\/strong><\/span><\/h4>\n<p style=\"text-align: justify;\">La reuni\u00f3n se realizar\u00e1 el d\u00eda viernes 28 de Mayo a las 10:00 hrs. Para acceder debes hacer clic en el siguiente t\u00edtulo correspondiente a tu curso e ingresar la clave que fue entregada a tu apoderado (es la misma clave con la cual los apoderados entreron a la reuni\u00f3n de apoderados).<\/p>\n<p><blockquote class=\"wp-embedded-content\" data-secret=\"D5467fsT2J\"><a href=\"http:\/\/www.colegio-sanandres.cl\/?page_id=9009\">Protegido: Reuni\u00f3n para Estudiantes:    7\u00b0 B\u00e1sico A.<\/a><\/blockquote><iframe loading=\"lazy\" class=\"wp-embedded-content\" sandbox=\"allow-scripts\" security=\"restricted\" style=\"position: absolute; clip: rect(1px, 1px, 1px, 1px);\" title=\"\u00abProtegido: Reuni\u00f3n para Estudiantes:    7\u00b0 B\u00e1sico A.\u00bb \u2014 Colegio San Andr\u00e9s - Vi\u00f1a del Mar\" src=\"http:\/\/www.colegio-sanandres.cl\/?page_id=9009&#038;embed=true#?secret=D5467fsT2J\" data-secret=\"D5467fsT2J\" width=\"600\" height=\"338\" frameborder=\"0\" marginwidth=\"0\" marginheight=\"0\" scrolling=\"no\"><\/iframe><\/p>\n<hr>\n<p><blockquote class=\"wp-embedded-content\" data-secret=\"a1Ds9w2SiM\"><a href=\"http:\/\/www.colegio-sanandres.cl\/?page_id=9011\">Protegido: Reuni\u00f3n para Estudiantes:    7\u00b0 B\u00e1sico B.<\/a><\/blockquote><iframe loading=\"lazy\" class=\"wp-embedded-content\" sandbox=\"allow-scripts\" security=\"restricted\" style=\"position: absolute; clip: rect(1px, 1px, 1px, 1px);\" title=\"\u00abProtegido: Reuni\u00f3n para Estudiantes:    7\u00b0 B\u00e1sico B.\u00bb \u2014 Colegio San Andr\u00e9s - Vi\u00f1a del Mar\" src=\"http:\/\/www.colegio-sanandres.cl\/?page_id=9011&#038;embed=true#?secret=a1Ds9w2SiM\" data-secret=\"a1Ds9w2SiM\" width=\"600\" height=\"338\" frameborder=\"0\" marginwidth=\"0\" marginheight=\"0\" scrolling=\"no\"><\/iframe><\/p>\n\n\n\n<div style=\"height:20px\" aria-hidden=\"true\" class=\"wp-block-spacer\"><\/div>\n\n\n\n<hr class=\"wp-block-separator\"\/>\n\n\n\n<div style=\"height:20px\" aria-hidden=\"true\" class=\"wp-block-spacer\"><\/div>\n\n\n\n<p><strong>LENGUAJE<\/strong><\/p>\n<p>Profesora: Denisse Vergara \/ denisse.vergara@colegio-sanandres.cl<\/p>\n<p><a href=\"http:\/\/www.colegio-sanandres.cl\/wp-content\/uploads\/2021\/05\/7\u00b0-B\u00e1sico-Lenguaje-Instrucciones-de-Trabajo.pdf\">Instrucciones de Trabajo 7\u00b0 B\u00e1sico Lenguaje.<\/a><\/p>\n\n\n\n<figure class=\"wp-block-embed-youtube wp-block-embed is-type-video is-provider-youtube wp-embed-aspect-16-9 wp-has-aspect-ratio\"><div class=\"wp-block-embed__wrapper\">\n<iframe loading=\"lazy\" title=\"4TO CICLO 7\u00b0\" width=\"830\" height=\"467\" src=\"https:\/\/www.youtube.com\/embed\/Pi8GPKFkODg?feature=oembed\" frameborder=\"0\" allow=\"accelerometer; autoplay; clipboard-write; encrypted-media; gyroscope; picture-in-picture\" allowfullscreen><\/iframe>\n<\/div><\/figure>\n\n\n\n<hr class=\"wp-block-separator\"\/>\n\n\n\n<div style=\"height:20px\" aria-hidden=\"true\" class=\"wp-block-spacer\"><\/div>\n\n\n\n<p><strong>MATEM\u00c1TICA<\/strong><\/p>\n<p style=\"text-align: justify;\">Profesora: Nayadher Villanueva \/ nayadher.villanueva@colegio-sanandres.cl<\/p>\n<p><a href=\"http:\/\/www.colegio-sanandres.cl\/wp-content\/uploads\/2021\/05\/7\u00b0-B\u00e1sico-Matem\u00e1ticas-Instrucciones-de-Trabajo.pdf\">Instrucciones de trabajo Matem\u00e1tica 7\u00b0 B\u00e1sico.<\/a><\/p>\n\n\n\n<figure class=\"wp-block-embed-youtube wp-block-embed is-type-video is-provider-youtube wp-embed-aspect-16-9 wp-has-aspect-ratio\"><div class=\"wp-block-embed__wrapper\">\n<iframe loading=\"lazy\" title=\"Enteros 7\" width=\"830\" height=\"467\" src=\"https:\/\/www.youtube.com\/embed\/TN09KiIzQcI?feature=oembed\" frameborder=\"0\" allow=\"accelerometer; autoplay; clipboard-write; encrypted-media; gyroscope; picture-in-picture\" allowfullscreen><\/iframe>\n<\/div><figcaption>El video da instrucciones para ambos cursos (7\u00b0A y 7\u00b0B)<\/figcaption><\/figure>\n\n\n\n<hr class=\"wp-block-separator\"\/>\n\n\n\n<div style=\"height:20px\" aria-hidden=\"true\" class=\"wp-block-spacer\"><\/div>\n\n\n\n<p><strong>HISTORIA<\/strong><\/p>\n<p>Profesora: \u00c1ngela Mendoza \/ angela.mendoza@colegio-sanandres.cl<\/p>\n<p><a href=\"http:\/\/www.colegio-sanandres.cl\/wp-content\/uploads\/2021\/05\/7\u00b0-B\u00e1sico-Historia-Instrucciones-de-Trabajo.pdf\">Instrucciones de trabajo Historia 7\u00b0 B\u00e1sico.<\/a><\/p>\n<p><a href=\"http:\/\/www.colegio-sanandres.cl\/wp-content\/uploads\/2021\/05\/7\u00b0-B\u00e1sico-Historia-PPT.pdf\">PPT Contenidos Historia 7\u00b0 B\u00e1sico.<\/a><\/p>\n\n\n\n<figure class=\"wp-block-embed-youtube wp-block-embed is-type-video is-provider-youtube wp-embed-aspect-16-9 wp-has-aspect-ratio\"><div class=\"wp-block-embed__wrapper\">\n<iframe loading=\"lazy\" title=\"Ciclo 4. 7\u00b0 b\u00e1sico (Historia) Surgimiento de la Humanidad: relaci\u00f3n del ser humano con el medio.\" width=\"830\" height=\"467\" src=\"https:\/\/www.youtube.com\/embed\/yL7PKnxLSH0?feature=oembed\" frameborder=\"0\" allow=\"accelerometer; autoplay; clipboard-write; encrypted-media; gyroscope; picture-in-picture\" allowfullscreen><\/iframe>\n<\/div><\/figure>\n\n\n\n<hr class=\"wp-block-separator\"\/>\n\n\n\n<div style=\"height:20px\" aria-hidden=\"true\" class=\"wp-block-spacer\"><\/div>\n\n\n\n<p><strong>CIENCIAS NATURALES<\/strong><\/p>\n<p>Profesora: Priscila Mu\u00f1oz \/ priscila.munoz@colegio-sanandres.cl<\/p>\n<p><a href=\"http:\/\/www.colegio-sanandres.cl\/wp-content\/uploads\/2021\/05\/7\u00b0-B\u00e1sico-Ciencias-Instrucciones-de-Trabajo.pdf\">Instrucciones de trabajo Ciencias Naturales 7\u00b0 B\u00e1sico.<\/a><\/p>\n\n\n\n<figure class=\"wp-block-embed-youtube wp-block-embed is-type-video is-provider-youtube wp-embed-aspect-16-9 wp-has-aspect-ratio\"><div class=\"wp-block-embed__wrapper\">\n<iframe loading=\"lazy\" title=\"ITS\" width=\"830\" height=\"467\" src=\"https:\/\/www.youtube.com\/embed\/K97x9NsoTDo?feature=oembed\" frameborder=\"0\" allow=\"accelerometer; autoplay; clipboard-write; encrypted-media; gyroscope; picture-in-picture\" allowfullscreen><\/iframe>\n<\/div><\/figure>\n\n\n\n<hr class=\"wp-block-separator\"\/>\n\n\n\n<div style=\"height:20px\" aria-hidden=\"true\" class=\"wp-block-spacer\"><\/div>\n\n\n\n<p><strong>INGL\u00c9S<br><\/strong><\/p>\n<p>Profesora: Patricia Catal\u00e1n \/ patricia.catalan@colegio-sanandres.cl<\/p>\n<p><a href=\"http:\/\/www.colegio-sanandres.cl\/wp-content\/uploads\/2021\/05\/7\u00b0-B\u00e1sico-Ingl\u00e9s-Instrucciones-de-Trabajo.pdf\">Instrucciones de trabajo 7\u00b0 b\u00e1sico Ingl\u00e9s.<\/a><\/p>\n\n\n\n<figure class=\"wp-block-embed-youtube wp-block-embed is-type-video is-provider-youtube wp-embed-aspect-16-9 wp-has-aspect-ratio\"><div class=\"wp-block-embed__wrapper\">\n<iframe loading=\"lazy\" title=\"Instrucciones de trabajo 4to ciclo P.A.R. - Ingl\u00e9s 7\u00b0 b\u00e1sico\" width=\"830\" height=\"467\" src=\"https:\/\/www.youtube.com\/embed\/padaPBQEHvk?feature=oembed\" frameborder=\"0\" allow=\"accelerometer; autoplay; clipboard-write; encrypted-media; gyroscope; picture-in-picture\" allowfullscreen><\/iframe>\n<\/div><\/figure>\n\n\n\n<hr class=\"wp-block-separator\"\/>\n\n\n\n<div style=\"height:20px\" aria-hidden=\"true\" class=\"wp-block-spacer\"><\/div>\n\n\n\n<p><strong>EDUCACI\u00d3N MUSICAL <br><\/strong><\/p>\n<p>Profesor: Cristian Chac\u00f3n \/ cristian.chacon@colegio-sanandres.cl<\/p>\n<p><a href=\"http:\/\/www.colegio-sanandres.cl\/wp-content\/uploads\/2021\/05\/7\u00b0-B\u00e1sico-M\u00fasica-Instrucciones-de-Trabajo.pdf\">Instrucciones de Trabajo Educaci\u00f3n Musicla 7\u00b0 B\u00e1sico.<\/a><\/p>\n<p><a href=\"http:\/\/www.colegio-sanandres.cl\/wp-content\/uploads\/2021\/05\/7\u00b0-B\u00e1sico-M\u00fasica-Cuadro-An\u00e1lisis.pdf\">Cuadro An\u00e1lisis M\u00fasica 7\u00b0 B\u00e1sico.<\/a><\/p>\n\n\n\n<hr class=\"wp-block-separator\"\/>\n\n\n\n<div style=\"height:20px\" aria-hidden=\"true\" class=\"wp-block-spacer\"><\/div>\n\n\n\n<p><strong>ARTES VISUALES \/ TECNOLOG\u00cdA<br><\/strong><\/p>\n<p>Profesora: Susana Ortiz \/ susana.ortiz@colegio-sanandres.cl<\/p>\n<p><a href=\"http:\/\/www.colegio-sanandres.cl\/wp-content\/uploads\/2021\/05\/7\u00b0-B\u00e1sico-Artes-Instrucciones-de-Trabajo.pdf\">Instrucciones de trabajo Artes Visuales \/ Tecnolog\u00eda 7\u00b0 B\u00e1sico.<\/a><\/p>\n\n\n\n<figure class=\"wp-block-embed-youtube wp-block-embed is-type-video is-provider-youtube wp-embed-aspect-16-9 wp-has-aspect-ratio wp-embed-aspect-4-3\"><div class=\"wp-block-embed__wrapper\">\n<iframe loading=\"lazy\" title=\"Video explicativo de Artes 7\u00b0 b\u00e1sico\" width=\"830\" height=\"623\" src=\"https:\/\/www.youtube.com\/embed\/nbX5NfrA_Jc?feature=oembed\" frameborder=\"0\" allow=\"accelerometer; autoplay; clipboard-write; encrypted-media; gyroscope; picture-in-picture\" allowfullscreen><\/iframe>\n<\/div><\/figure>\n\n\n\n<hr class=\"wp-block-separator\"\/>\n\n\n\n<div style=\"height:20px\" aria-hidden=\"true\" class=\"wp-block-spacer\"><\/div>\n\n\n\n<p><strong>EDUCACI\u00d3N F\u00cdSICA<br><\/strong><\/p>\n<p>Profesor: Mauricio Or\u00f3stica \/ mauricio.orostica@colegio-sanandres.cl<\/p>\n<p><a href=\"http:\/\/www.colegio-sanandres.cl\/wp-content\/uploads\/2021\/05\/7\u00b0-B\u00e1sico-EFi-Instrucciones-de-Trabajo.pdf\">Instrucciones de trabajo Educaci\u00f3n F\u00edsica 7\u00b0 B\u00e1sico.<\/a><\/p>\n\n\n\n<figure class=\"wp-block-embed-youtube wp-block-embed is-type-video is-provider-youtube wp-embed-aspect-16-9 wp-has-aspect-ratio\"><div class=\"wp-block-embed__wrapper\">\n<iframe loading=\"lazy\" title=\"S\u00e9ptimos B\u00e1sicos \/ Primer Ciclo \/ Segundo Trimestre \/ 24-05\" width=\"830\" height=\"467\" src=\"https:\/\/www.youtube.com\/embed\/W4OLqdTX2r4?feature=oembed\" frameborder=\"0\" allow=\"accelerometer; autoplay; clipboard-write; encrypted-media; gyroscope; picture-in-picture\" allowfullscreen><\/iframe>\n<\/div><\/figure>\n\n\n\n<hr class=\"wp-block-separator\"\/>\n","protected":false},"excerpt":{"rendered":"<p>Reuni\u00f3n v\u00eda meet para Estudiantes de 7\u00b0 B\u00e1sico: Inducci\u00f3n al Retorno a Clases Presenciales La reuni\u00f3n se realizar\u00e1 el d\u00eda viernes 28 de Mayo a las 10:00 hrs. Para acceder debes hacer clic en el siguiente t\u00edtulo correspondiente a tu curso e ingresar la clave que fue entregada a tu apoderado (es la misma clave [&hellip;]<\/p>\n","protected":false},"author":3,"featured_media":0,"parent":0,"menu_order":0,"comment_status":"closed","ping_status":"closed","template":"","meta":{"footnotes":""},"class_list":["post-8930","page","type-page","status-publish","hentry"],"amp_enabled":true,"_links":{"self":[{"href":"http:\/\/www.colegio-sanandres.cl\/index.php?rest_route=\/wp\/v2\/pages\/8930","targetHints":{"allow":["GET"]}}],"collection":[{"href":"http:\/\/www.colegio-sanandres.cl\/index.php?rest_route=\/wp\/v2\/pages"}],"about":[{"href":"http:\/\/www.colegio-sanandres.cl\/index.php?rest_route=\/wp\/v2\/types\/page"}],"author":[{"embeddable":true,"href":"http:\/\/www.colegio-sanandres.cl\/index.php?rest_route=\/wp\/v2\/users\/3"}],"replies":[{"embeddable":true,"href":"http:\/\/www.colegio-sanandres.cl\/index.php?rest_route=%2Fwp%2Fv2%2Fcomments&post=8930"}],"version-history":[{"count":4,"href":"http:\/\/www.colegio-sanandres.cl\/index.php?rest_route=\/wp\/v2\/pages\/8930\/revisions"}],"predecessor-version":[{"id":9047,"href":"http:\/\/www.colegio-sanandres.cl\/index.php?rest_route=\/wp\/v2\/pages\/8930\/revisions\/9047"}],"wp:attachment":[{"href":"http:\/\/www.colegio-sanandres.cl\/index.php?rest_route=%2Fwp%2Fv2%2Fmedia&parent=8930"}],"curies":[{"name":"wp","href":"https:\/\/api.w.org\/{rel}","templated":true}]}}