{"id":8943,"date":"2021-05-22T22:58:57","date_gmt":"2021-05-23T02:58:57","guid":{"rendered":"http:\/\/www.colegio-sanandres.cl\/?page_id=8943"},"modified":"2021-05-25T17:36:47","modified_gmt":"2021-05-25T21:36:47","slug":"8o-basico-semana-1-lunes-24-al-viernes-28-de-mayo","status":"publish","type":"page","link":"http:\/\/www.colegio-sanandres.cl\/?page_id=8943","title":{"rendered":"8\u00ba B\u00c1SICO (Semana 1: Lunes 24 al Viernes 28 de Mayo)"},"content":{"rendered":"\n<h4 style=\"text-align: center;\"><span style=\"background-color: #99ccff;\"><strong>Reuni\u00f3n v\u00eda meet para Estudiantes de 8\u00b0 B\u00e1sico:<\/strong><\/span><\/h4>\n<h4 style=\"text-align: center;\"><span style=\"background-color: #99ccff;\"><strong> Inducci\u00f3n al Retorno a Clases Presenciales<\/strong><\/span><\/h4>\n<p style=\"text-align: justify;\">La reuni\u00f3n se realizar\u00e1 el d\u00eda viernes 28 de Mayo a las 11:15 hrs. Para acceder debes hacer clic en el siguiente t\u00edtulo correspondiente a tu curso e ingresar la clave que fue entregada a tu apoderado (es la misma clave con la cual los apoderados entreron a la reuni\u00f3n de apoderados).<\/p>\n<p><blockquote class=\"wp-embedded-content\" data-secret=\"i5jxM08DGx\"><a href=\"http:\/\/www.colegio-sanandres.cl\/?page_id=9016\">Protegido: Reuni\u00f3n para Estudiantes:    8\u00b0 B\u00e1sico A.<\/a><\/blockquote><iframe loading=\"lazy\" class=\"wp-embedded-content\" sandbox=\"allow-scripts\" security=\"restricted\" style=\"position: absolute; clip: rect(1px, 1px, 1px, 1px);\" title=\"\u00abProtegido: Reuni\u00f3n para Estudiantes:    8\u00b0 B\u00e1sico A.\u00bb \u2014 Colegio San Andr\u00e9s - Vi\u00f1a del Mar\" src=\"http:\/\/www.colegio-sanandres.cl\/?page_id=9016&#038;embed=true#?secret=i5jxM08DGx\" data-secret=\"i5jxM08DGx\" width=\"600\" height=\"338\" frameborder=\"0\" marginwidth=\"0\" marginheight=\"0\" scrolling=\"no\"><\/iframe><\/p>\n<hr>\n<p><blockquote class=\"wp-embedded-content\" data-secret=\"mNh7a8ZJVy\"><a href=\"http:\/\/www.colegio-sanandres.cl\/?page_id=9019\">Protegido: Reuni\u00f3n para Estudiantes:    8\u00b0 B\u00e1sico B.<\/a><\/blockquote><iframe loading=\"lazy\" class=\"wp-embedded-content\" sandbox=\"allow-scripts\" security=\"restricted\" style=\"position: absolute; clip: rect(1px, 1px, 1px, 1px);\" title=\"\u00abProtegido: Reuni\u00f3n para Estudiantes:    8\u00b0 B\u00e1sico B.\u00bb \u2014 Colegio San Andr\u00e9s - Vi\u00f1a del Mar\" src=\"http:\/\/www.colegio-sanandres.cl\/?page_id=9019&#038;embed=true#?secret=mNh7a8ZJVy\" data-secret=\"mNh7a8ZJVy\" width=\"600\" height=\"338\" frameborder=\"0\" marginwidth=\"0\" marginheight=\"0\" scrolling=\"no\"><\/iframe><\/p>\n\n\n\n<div style=\"height:20px\" aria-hidden=\"true\" class=\"wp-block-spacer\"><\/div>\n\n\n\n<hr class=\"wp-block-separator\"\/>\n\n\n\n<div style=\"height:20px\" aria-hidden=\"true\" class=\"wp-block-spacer\"><\/div>\n\n\n\n<p><strong>LENGUAJE<\/strong><\/p>\n<p>Profesora: Denisse Vergara \/ denisse.vergara@colegio-sanandres.cl<\/p>\n<p><a href=\"http:\/\/www.colegio-sanandres.cl\/wp-content\/uploads\/2021\/05\/8\u00b0-B\u00e1sico-Lenguaje-Instrucciones.pdf\">Instrucciones de trabajo Lenguaje 8\u00b0 B\u00e1sico.<\/a><\/p>\n\n\n\n<figure class=\"wp-block-embed-youtube wp-block-embed is-type-video is-provider-youtube wp-embed-aspect-16-9 wp-has-aspect-ratio\"><div class=\"wp-block-embed__wrapper\">\n<iframe loading=\"lazy\" title=\"4to CICLO 8\u00b0\" width=\"830\" height=\"467\" src=\"https:\/\/www.youtube.com\/embed\/BIt7RKvtUWs?feature=oembed\" frameborder=\"0\" allow=\"accelerometer; autoplay; clipboard-write; encrypted-media; gyroscope; picture-in-picture\" allowfullscreen><\/iframe>\n<\/div><\/figure>\n\n\n\n<hr class=\"wp-block-separator\"\/>\n\n\n\n<div style=\"height:20px\" aria-hidden=\"true\" class=\"wp-block-spacer\"><\/div>\n\n\n\n<p><strong>MATEM\u00c1TICA<\/strong><\/p>\n<p style=\"text-align: justify;\">Profesora: Nayadher Villanueva \/ nayadher.villanueva@colegio-sanandres.cl<\/p>\n<p><a href=\"http:\/\/www.colegio-sanandres.cl\/wp-content\/uploads\/2021\/05\/8\u00b0-B\u00e1sico-Matem\u00e1ticas-Instrucciones-de-Trabajo.pdf\">Instrucciones de trabajo Matem\u00e1tica 8\u00b0 B\u00e1sico.<\/a><\/p>\n\n\n\n<figure class=\"wp-block-embed-youtube wp-block-embed is-type-video is-provider-youtube wp-embed-aspect-16-9 wp-has-aspect-ratio\"><div class=\"wp-block-embed__wrapper\">\n<iframe loading=\"lazy\" title=\"Enteros 8\" width=\"830\" height=\"467\" src=\"https:\/\/www.youtube.com\/embed\/eziUtieKxCk?feature=oembed\" frameborder=\"0\" allow=\"accelerometer; autoplay; clipboard-write; encrypted-media; gyroscope; picture-in-picture\" allowfullscreen><\/iframe>\n<\/div><\/figure>\n\n\n\n<hr class=\"wp-block-separator\"\/>\n\n\n\n<div style=\"height:20px\" aria-hidden=\"true\" class=\"wp-block-spacer\"><\/div>\n\n\n\n<p><strong>HISTORIA<\/strong><\/p>\n<p>Profesor: \u00c1lvaro Pino \/ alvaro.pino@colegio-sanandres.cl<\/p>\n<p><a href=\"http:\/\/www.colegio-sanandres.cl\/wp-content\/uploads\/2021\/05\/8\u00b0-B\u00e1sico-Historia-Instrucciones-de-Trabajo.pdf\">Instrucciones de trabajo Historia 8\u00b0 B\u00e1sico.<\/a><\/p>\n<p><a href=\"http:\/\/www.colegio-sanandres.cl\/wp-content\/uploads\/2021\/05\/8\u00b0-B\u00e1sico-Historia-Resumen.pdf\">Resumen Historia.<\/a><\/p>\n\n\n\n<figure class=\"wp-block-embed-youtube wp-block-embed is-type-video is-provider-youtube wp-embed-aspect-4-3 wp-has-aspect-ratio wp-embed-aspect-16-9\"><div class=\"wp-block-embed__wrapper\">\n<iframe loading=\"lazy\" title=\"Aprendizaje Remoto Historia 8\u00b0 B\u00e1sico\" width=\"830\" height=\"467\" src=\"https:\/\/www.youtube.com\/embed\/U0K4LDNZ4oU?feature=oembed\" frameborder=\"0\" allow=\"accelerometer; autoplay; clipboard-write; encrypted-media; gyroscope; picture-in-picture\" allowfullscreen><\/iframe>\n<\/div><\/figure>\n\n\n\n<hr class=\"wp-block-separator\"\/>\n\n\n\n<div style=\"height:20px\" aria-hidden=\"true\" class=\"wp-block-spacer\"><\/div>\n\n\n\n<p><strong>CIENCIAS NATURALES<\/strong><\/p>\n<p>Profesora: Priscila Mu\u00f1oz \/ priscila.munoz@colegio-sanandres.cl<\/p>\n<p><a href=\"http:\/\/www.colegio-sanandres.cl\/wp-content\/uploads\/2021\/05\/8\u00b0-B\u00e1sico-Ciencias-Instrucciones-de-Trabajo.pdf\">Instrucciones de trabajo Ciencias Naturales 8\u00b0 B\u00e1sico.<\/a><\/p>\n\n\n\n<figure class=\"wp-block-embed-youtube wp-block-embed is-type-video is-provider-youtube wp-embed-aspect-16-9 wp-has-aspect-ratio\"><div class=\"wp-block-embed__wrapper\">\n<iframe loading=\"lazy\" title=\"C\u00e9lula\" width=\"830\" height=\"467\" src=\"https:\/\/www.youtube.com\/embed\/7aZhLKN2DIM?feature=oembed\" frameborder=\"0\" allow=\"accelerometer; autoplay; clipboard-write; encrypted-media; gyroscope; picture-in-picture\" allowfullscreen><\/iframe>\n<\/div><\/figure>\n\n\n\n<hr class=\"wp-block-separator\"\/>\n\n\n\n<div style=\"height:20px\" aria-hidden=\"true\" class=\"wp-block-spacer\"><\/div>\n\n\n\n<p><strong>INGL\u00c9S<br><\/strong><\/p>\n<p>Profesora: Patricia Catal\u00e1n \/ patricia.catalan@colegio-sanandres.cl<\/p>\n<p><a href=\"http:\/\/www.colegio-sanandres.cl\/wp-content\/uploads\/2021\/05\/8\u00b0-B\u00e1sico-Ingl\u00e9s-Instrucciones-de-Trabajo.pdf\">Instrucciones de Trabajo 8\u00b0 B\u00e1sico Ingl\u00e9s.<\/a><\/p>\n\n\n\n<figure class=\"wp-block-embed-youtube wp-block-embed is-type-video is-provider-youtube wp-embed-aspect-16-9 wp-has-aspect-ratio\"><div class=\"wp-block-embed__wrapper\">\n<iframe loading=\"lazy\" title=\"Instrucciones de trabajo 4to ciclo P.A.R. - Ingl\u00e9s 8\u00b0 b\u00e1sico\" width=\"830\" height=\"467\" src=\"https:\/\/www.youtube.com\/embed\/Z-WEZvO_xN0?feature=oembed\" frameborder=\"0\" allow=\"accelerometer; autoplay; clipboard-write; encrypted-media; gyroscope; picture-in-picture\" allowfullscreen><\/iframe>\n<\/div><\/figure>\n\n\n\n<hr class=\"wp-block-separator\"\/>\n\n\n\n<div style=\"height:20px\" aria-hidden=\"true\" class=\"wp-block-spacer\"><\/div>\n\n\n\n<p><strong>EDUCACI\u00d3N MUSICAL <br><\/strong><\/p>\n<p>Profesor: Cristian Chac\u00f3n \/ cristian.chacon@colegio-sanandres.cl<\/p>\n<p><a href=\"http:\/\/www.colegio-sanandres.cl\/wp-content\/uploads\/2021\/05\/8\u00b0-B\u00e1sico-M\u00fasica-Instrucciones-de-Trabajo.pdf\">Instrucciones de Trabajo Educaci\u00f3n Musical 8\u00b0 B\u00e1sico.<\/a><\/p>\n<p><a href=\"http:\/\/www.colegio-sanandres.cl\/wp-content\/uploads\/2021\/05\/8\u00b0-B\u00e1sico-M\u00fasica-R\u00fabrica.pdf\">R\u00fabrica M\u00fasica 8\u00b0 B\u00e1sico.<\/a><\/p>\n\n\n\n<figure class=\"wp-block-embed-youtube wp-block-embed is-type-video is-provider-youtube wp-embed-aspect-16-9 wp-has-aspect-ratio\"><div class=\"wp-block-embed__wrapper\">\n<iframe loading=\"lazy\" title=\"8vo b\u00e1sico gu\u00eda 3\" width=\"830\" height=\"467\" src=\"https:\/\/www.youtube.com\/embed\/d3S0iBgPhBw?feature=oembed\" frameborder=\"0\" allow=\"accelerometer; autoplay; clipboard-write; encrypted-media; gyroscope; picture-in-picture\" allowfullscreen><\/iframe>\n<\/div><\/figure>\n\n\n\n<hr class=\"wp-block-separator\"\/>\n\n\n\n<div style=\"height:20px\" aria-hidden=\"true\" class=\"wp-block-spacer\"><\/div>\n\n\n\n<p><strong>ARTES VISUALES \/ TECNOLOG\u00cdA<br><\/strong><\/p>\n<p>Profesora: Susana Ortiz \/ susana.ortiz@colegio-sanandres.cl<\/p>\n<p><a href=\"http:\/\/www.colegio-sanandres.cl\/wp-content\/uploads\/2021\/05\/8\u00b0-B\u00e1sico-Artes-Instrucciones-de-Trabajo.pdf\">Instrucciones de trabajo Artes Visuales \/ Tecnolog\u00eda 8\u00b0 B\u00e1sico.<\/a><\/p>\n\n\n\n<figure class=\"wp-block-embed-youtube wp-block-embed is-type-video is-provider-youtube wp-embed-aspect-16-9 wp-has-aspect-ratio wp-embed-aspect-4-3\"><div class=\"wp-block-embed__wrapper\">\n<iframe loading=\"lazy\" title=\"Video explicativo de Artes 8\u00b0 b\u00e1sico\" width=\"830\" height=\"623\" src=\"https:\/\/www.youtube.com\/embed\/fAaK2FAIKmU?feature=oembed\" frameborder=\"0\" allow=\"accelerometer; autoplay; clipboard-write; encrypted-media; gyroscope; picture-in-picture\" allowfullscreen><\/iframe>\n<\/div><\/figure>\n\n\n\n<hr class=\"wp-block-separator\"\/>\n\n\n\n<div style=\"height:20px\" aria-hidden=\"true\" class=\"wp-block-spacer\"><\/div>\n\n\n\n<p><strong>EDUCACI\u00d3N F\u00cdSICA<br><\/strong><\/p>\n<p>Profesor: Mauricio Or\u00f3stica \/ mauricio.orostica@colegio-sanandres.cl<\/p>\n<p><a href=\"http:\/\/www.colegio-sanandres.cl\/wp-content\/uploads\/2021\/05\/8\u00b0-B\u00e1sico-EFI-Instrucciones-de-Trabajo.pdf\">Instrucciones de trabajo Educaci\u00f3n F\u00edsica 8\u00b0 B\u00e1sico.<\/a><\/p>\n\n\n\n<figure class=\"wp-block-embed-youtube wp-block-embed is-type-video is-provider-youtube wp-embed-aspect-16-9 wp-has-aspect-ratio\"><div class=\"wp-block-embed__wrapper\">\n<iframe loading=\"lazy\" title=\"Octavos B\u00e1sicos \/ Primer Ciclo \/ Segundo Trimestre \/ 24-05\" width=\"830\" height=\"467\" src=\"https:\/\/www.youtube.com\/embed\/HtjzRDnuZUc?feature=oembed\" frameborder=\"0\" allow=\"accelerometer; autoplay; clipboard-write; encrypted-media; gyroscope; picture-in-picture\" allowfullscreen><\/iframe>\n<\/div><\/figure>\n\n\n\n<hr class=\"wp-block-separator\"\/>\n","protected":false},"excerpt":{"rendered":"<p>Reuni\u00f3n v\u00eda meet para Estudiantes de 8\u00b0 B\u00e1sico: Inducci\u00f3n al Retorno a Clases Presenciales La reuni\u00f3n se realizar\u00e1 el d\u00eda viernes 28 de Mayo a las 11:15 hrs. Para acceder debes hacer clic en el siguiente t\u00edtulo correspondiente a tu curso e ingresar la clave que fue entregada a tu apoderado (es la misma clave [&hellip;]<\/p>\n","protected":false},"author":3,"featured_media":0,"parent":0,"menu_order":0,"comment_status":"closed","ping_status":"closed","template":"","meta":{"footnotes":""},"class_list":["post-8943","page","type-page","status-publish","hentry"],"amp_enabled":true,"_links":{"self":[{"href":"http:\/\/www.colegio-sanandres.cl\/index.php?rest_route=\/wp\/v2\/pages\/8943","targetHints":{"allow":["GET"]}}],"collection":[{"href":"http:\/\/www.colegio-sanandres.cl\/index.php?rest_route=\/wp\/v2\/pages"}],"about":[{"href":"http:\/\/www.colegio-sanandres.cl\/index.php?rest_route=\/wp\/v2\/types\/page"}],"author":[{"embeddable":true,"href":"http:\/\/www.colegio-sanandres.cl\/index.php?rest_route=\/wp\/v2\/users\/3"}],"replies":[{"embeddable":true,"href":"http:\/\/www.colegio-sanandres.cl\/index.php?rest_route=%2Fwp%2Fv2%2Fcomments&post=8943"}],"version-history":[{"count":3,"href":"http:\/\/www.colegio-sanandres.cl\/index.php?rest_route=\/wp\/v2\/pages\/8943\/revisions"}],"predecessor-version":[{"id":9048,"href":"http:\/\/www.colegio-sanandres.cl\/index.php?rest_route=\/wp\/v2\/pages\/8943\/revisions\/9048"}],"wp:attachment":[{"href":"http:\/\/www.colegio-sanandres.cl\/index.php?rest_route=%2Fwp%2Fv2%2Fmedia&parent=8943"}],"curies":[{"name":"wp","href":"https:\/\/api.w.org\/{rel}","templated":true}]}}