{"id":9022,"date":"2021-05-23T14:22:35","date_gmt":"2021-05-23T18:22:35","guid":{"rendered":"http:\/\/www.colegio-sanandres.cl\/?page_id=9022"},"modified":"2026-04-01T11:08:38","modified_gmt":"2026-04-01T14:08:38","slug":"talleres-extra-programaticos-2021","status":"publish","type":"page","link":"http:\/\/www.colegio-sanandres.cl\/?page_id=9022","title":{"rendered":"Talleres Extra Program\u00e1ticos 2026."},"content":{"rendered":"\n<p style=\"text-align: justify;\">El desarrollo integral de nuestros estudiantes es uno de los pilares de nuestro Proyecto Educativo Institucional (PEI). A continuaci\u00f3n compartimos la programaci\u00f3n de talleres extra program\u00e1ticos 2026:<\/p>\n<p><a href=\"http:\/\/www.colegio-sanandres.cl\/wp-content\/uploads\/2026\/04\/TALLERES-EXTRAESCOLARES-1\u00b0-a-4\u00b0-Basico-2026.jpg\"><img loading=\"lazy\" decoding=\"async\" class=\"aligncenter size-full wp-image-15219\" src=\"http:\/\/www.colegio-sanandres.cl\/wp-content\/uploads\/2026\/04\/TALLERES-EXTRAESCOLARES-1\u00b0-a-4\u00b0-Basico-2026.jpg\" alt=\"\" width=\"1754\" height=\"1242\" srcset=\"http:\/\/www.colegio-sanandres.cl\/wp-content\/uploads\/2026\/04\/TALLERES-EXTRAESCOLARES-1\u00b0-a-4\u00b0-Basico-2026.jpg 1754w, http:\/\/www.colegio-sanandres.cl\/wp-content\/uploads\/2026\/04\/TALLERES-EXTRAESCOLARES-1\u00b0-a-4\u00b0-Basico-2026-768x544.jpg 768w, http:\/\/www.colegio-sanandres.cl\/wp-content\/uploads\/2026\/04\/TALLERES-EXTRAESCOLARES-1\u00b0-a-4\u00b0-Basico-2026-1536x1088.jpg 1536w\" sizes=\"auto, (max-width: 1754px) 100vw, 1754px\" \/><\/a><\/p>\n<hr \/><hr \/>\n<p><a href=\"http:\/\/www.colegio-sanandres.cl\/wp-content\/uploads\/2026\/04\/TALLERES-EXTRAESCOLARES-5\u00b0a-8\u00b0-Basico-2026_2.jpg\"><img loading=\"lazy\" decoding=\"async\" class=\"aligncenter size-full wp-image-15222\" src=\"http:\/\/www.colegio-sanandres.cl\/wp-content\/uploads\/2026\/04\/TALLERES-EXTRAESCOLARES-5\u00b0a-8\u00b0-Basico-2026_2.jpg\" alt=\"\" width=\"1754\" height=\"1242\" srcset=\"http:\/\/www.colegio-sanandres.cl\/wp-content\/uploads\/2026\/04\/TALLERES-EXTRAESCOLARES-5\u00b0a-8\u00b0-Basico-2026_2.jpg 1754w, http:\/\/www.colegio-sanandres.cl\/wp-content\/uploads\/2026\/04\/TALLERES-EXTRAESCOLARES-5\u00b0a-8\u00b0-Basico-2026_2-768x544.jpg 768w, http:\/\/www.colegio-sanandres.cl\/wp-content\/uploads\/2026\/04\/TALLERES-EXTRAESCOLARES-5\u00b0a-8\u00b0-Basico-2026_2-1536x1088.jpg 1536w\" sizes=\"auto, (max-width: 1754px) 100vw, 1754px\" \/><\/a><a href=\"http:\/\/www.colegio-sanandres.cl\/wp-content\/uploads\/2026\/04\/TALLERES-EXTRAESCOLARES-5\u00b0a-8\u00b0-Basico-2026_1.jpg\"><img loading=\"lazy\" decoding=\"async\" class=\"aligncenter size-full wp-image-15221\" src=\"http:\/\/www.colegio-sanandres.cl\/wp-content\/uploads\/2026\/04\/TALLERES-EXTRAESCOLARES-5\u00b0a-8\u00b0-Basico-2026_1.jpg\" alt=\"\" width=\"1754\" height=\"1242\" srcset=\"http:\/\/www.colegio-sanandres.cl\/wp-content\/uploads\/2026\/04\/TALLERES-EXTRAESCOLARES-5\u00b0a-8\u00b0-Basico-2026_1.jpg 1754w, http:\/\/www.colegio-sanandres.cl\/wp-content\/uploads\/2026\/04\/TALLERES-EXTRAESCOLARES-5\u00b0a-8\u00b0-Basico-2026_1-768x544.jpg 768w, http:\/\/www.colegio-sanandres.cl\/wp-content\/uploads\/2026\/04\/TALLERES-EXTRAESCOLARES-5\u00b0a-8\u00b0-Basico-2026_1-1536x1088.jpg 1536w\" sizes=\"auto, (max-width: 1754px) 100vw, 1754px\" \/><\/a><\/p>\n\n\n\n<p>Para inscribirse en los talleres deber\u00e1 ingresar al siguiente sitio por ciclo:<\/p>\n<hr \/>\n<h4 style=\"text-align: center;\"><span style=\"text-decoration: underline;\"><strong>INSCRIPCIONES 1\u00b0 A 4\u00b0 B\u00c1SICO<\/strong><\/span><\/h4>\n<h4 style=\"text-align: center;\"><a href=\"https:\/\/forms.gle\/hpBEw7p9UcmceGjv5\" target=\"_blank\" rel=\"noopener\">https:\/\/forms.gle\/hpBEw7p9UcmceGjv5<\/a><\/h4>\n<hr \/><hr \/>\n<h4 style=\"text-align: center;\"><span style=\"text-decoration: underline;\"><strong>INSCRIPCIONES 5\u00b0 A 8\u00b0 B\u00c1SICO<\/strong><\/span><\/h4>\n<h4 style=\"text-align: center;\"><a href=\"https:\/\/forms.gle\/iDQHNzLqg3fAcok57\" target=\"_blank\" rel=\"noopener\">https:\/\/forms.gle\/iDQHNzLqg3fAcok57<\/a><\/h4>\n<hr \/><hr \/>\n<p>\u00a0<\/p>\n<p><a href=\"http:\/\/www.colegio-sanandres.cl\/wp-content\/uploads\/2026\/04\/Informacion-Talleres-Extra-Programaticos.jpg\"><img loading=\"lazy\" decoding=\"async\" class=\"aligncenter size-full wp-image-15223\" src=\"http:\/\/www.colegio-sanandres.cl\/wp-content\/uploads\/2026\/04\/Informacion-Talleres-Extra-Programaticos.jpg\" alt=\"\" width=\"1280\" height=\"720\" srcset=\"http:\/\/www.colegio-sanandres.cl\/wp-content\/uploads\/2026\/04\/Informacion-Talleres-Extra-Programaticos.jpg 1280w, http:\/\/www.colegio-sanandres.cl\/wp-content\/uploads\/2026\/04\/Informacion-Talleres-Extra-Programaticos-850x478.jpg 850w, http:\/\/www.colegio-sanandres.cl\/wp-content\/uploads\/2026\/04\/Informacion-Talleres-Extra-Programaticos-1200x675.jpg 1200w, http:\/\/www.colegio-sanandres.cl\/wp-content\/uploads\/2026\/04\/Informacion-Talleres-Extra-Programaticos-250x141.jpg 250w, http:\/\/www.colegio-sanandres.cl\/wp-content\/uploads\/2026\/04\/Informacion-Talleres-Extra-Programaticos-768x432.jpg 768w\" sizes=\"auto, (max-width: 1280px) 100vw, 1280px\" \/><\/a><\/p>\n\n\n","protected":false},"excerpt":{"rendered":"<p>El desarrollo integral de nuestros estudiantes es uno de los pilares de nuestro Proyecto Educativo Institucional (PEI). A continuaci\u00f3n compartimos la programaci\u00f3n de talleres extra program\u00e1ticos 2026: Para inscribirse en los talleres deber\u00e1 ingresar al siguiente sitio por ciclo: INSCRIPCIONES 1\u00b0 A 4\u00b0 B\u00c1SICO https:\/\/forms.gle\/hpBEw7p9UcmceGjv5 INSCRIPCIONES 5\u00b0 A 8\u00b0 B\u00c1SICO https:\/\/forms.gle\/iDQHNzLqg3fAcok57 \u00a0<\/p>\n","protected":false},"author":3,"featured_media":9026,"parent":0,"menu_order":0,"comment_status":"closed","ping_status":"closed","template":"","meta":{"footnotes":""},"class_list":["post-9022","page","type-page","status-publish","has-post-thumbnail","hentry"],"amp_enabled":true,"_links":{"self":[{"href":"http:\/\/www.colegio-sanandres.cl\/index.php?rest_route=\/wp\/v2\/pages\/9022","targetHints":{"allow":["GET"]}}],"collection":[{"href":"http:\/\/www.colegio-sanandres.cl\/index.php?rest_route=\/wp\/v2\/pages"}],"about":[{"href":"http:\/\/www.colegio-sanandres.cl\/index.php?rest_route=\/wp\/v2\/types\/page"}],"author":[{"embeddable":true,"href":"http:\/\/www.colegio-sanandres.cl\/index.php?rest_route=\/wp\/v2\/users\/3"}],"replies":[{"embeddable":true,"href":"http:\/\/www.colegio-sanandres.cl\/index.php?rest_route=%2Fwp%2Fv2%2Fcomments&post=9022"}],"version-history":[{"count":10,"href":"http:\/\/www.colegio-sanandres.cl\/index.php?rest_route=\/wp\/v2\/pages\/9022\/revisions"}],"predecessor-version":[{"id":15228,"href":"http:\/\/www.colegio-sanandres.cl\/index.php?rest_route=\/wp\/v2\/pages\/9022\/revisions\/15228"}],"wp:featuredmedia":[{"embeddable":true,"href":"http:\/\/www.colegio-sanandres.cl\/index.php?rest_route=\/wp\/v2\/media\/9026"}],"wp:attachment":[{"href":"http:\/\/www.colegio-sanandres.cl\/index.php?rest_route=%2Fwp%2Fv2%2Fmedia&parent=9022"}],"curies":[{"name":"wp","href":"https:\/\/api.w.org\/{rel}","templated":true}]}}