{"id":9217,"date":"2021-06-05T10:20:32","date_gmt":"2021-06-05T14:20:32","guid":{"rendered":"http:\/\/www.colegio-sanandres.cl\/?page_id=9217"},"modified":"2021-06-05T16:22:21","modified_gmt":"2021-06-05T20:22:21","slug":"semana-no3-4-ciclo-de-aprendizaje-lunes-7-de-al-viernes-11-de-junio-2021","status":"publish","type":"page","link":"http:\/\/www.colegio-sanandres.cl\/?page_id=9217","title":{"rendered":"Semana N\u00ba3 \/ 4\u00b0 Ciclo de Aprendizaje ( Lunes 7 al Viernes 11 de Junio 2021)."},"content":{"rendered":"\n<div class=\"entry-content\">\n<p class=\"has-text-color has-background has-text-align-center has-very-dark-gray-color has-vivid-green-cyan-background-color\"><strong>EDUCACI\u00d3N PARVULARIA<\/strong><\/p>\n<p><strong><a href=\"http:\/\/www.colegio-sanandres.cl\/?page_id=9220\">PRE K\u00cdNDER A<\/a><br><\/strong><\/p>\n<p><strong><a href=\"http:\/\/www.colegio-sanandres.cl\/?page_id=9224\">PRE K\u00cdNDER B<\/a><br><\/strong><\/p>\n<p><strong><a href=\"http:\/\/www.colegio-sanandres.cl\/?page_id=9227\">K\u00cdNDER A<\/a><br><\/strong><\/p>\n<p><strong><a href=\"http:\/\/www.colegio-sanandres.cl\/?page_id=9230\">K\u00cdNDER B<\/a><br><\/strong><\/p>\n<p class=\"has-text-color has-background has-text-align-center has-very-dark-gray-color has-luminous-vivid-orange-background-color\"><strong>PRIMER CICLO B\u00c1SICO<\/strong><\/p>\n<p><a href=\"http:\/\/www.colegio-sanandres.cl\/?page_id=9232\"><strong>1\u00ba B\u00c1SICO A<\/strong><\/a><\/p>\n<p><strong><a href=\"http:\/\/www.colegio-sanandres.cl\/?page_id=9235\">1\u00b0 B\u00c1SICO B<\/a><br><\/strong><\/p>\n<p><strong><a href=\"http:\/\/www.colegio-sanandres.cl\/?page_id=9237\">2\u00ba B\u00c1SICO A<\/a><br><\/strong><\/p>\n<p><strong><a href=\"http:\/\/www.colegio-sanandres.cl\/?page_id=9240\">2\u00ba B\u00c1SICO B<\/a><br><\/strong><\/p>\n<p><a href=\"http:\/\/www.colegio-sanandres.cl\/?page_id=9242\"><strong>3\u00ba B\u00c1SICO A<\/strong><\/a><\/p>\n<p><strong><a href=\"http:\/\/www.colegio-sanandres.cl\/?page_id=9245\">3\u00ba B\u00c1SICO B<\/a><br><\/strong><\/p>\n<p><strong><a href=\"http:\/\/www.colegio-sanandres.cl\/?page_id=9248\">4\u00ba B\u00c1SICO A<\/a><br><\/strong><\/p>\n<p><strong><a href=\"http:\/\/www.colegio-sanandres.cl\/?page_id=9252\">4\u00ba B\u00c1SICO B<\/a><br><\/strong><\/p>\n<p class=\"has-text-color has-background has-text-align-center has-very-dark-gray-color has-vivid-cyan-blue-background-color\"><strong>SEGUNDO CICLO B\u00c1SICO<\/strong><\/p>\n<p><a href=\"http:\/\/www.colegio-sanandres.cl\/?page_id=9255\"><strong>5\u00ba B\u00c1SICO A<\/strong><\/a><\/p>\n<p><strong><a href=\"http:\/\/www.colegio-sanandres.cl\/?page_id=9258\">5\u00ba B\u00c1SICO B<\/a><br><\/strong><\/p>\n<p><a href=\"http:\/\/www.colegio-sanandres.cl\/?page_id=9261\"><strong>6\u00ba B\u00c1SICO A<\/strong><\/a><\/p>\n<p><strong><a href=\"http:\/\/www.colegio-sanandres.cl\/?page_id=9264\">6\u00ba B\u00c1SICO B<\/a><br><\/strong><\/p>\n<p><a href=\"http:\/\/www.colegio-sanandres.cl\/?page_id=9267\"><strong>7\u00ba B\u00c1SI<\/strong><strong>C<\/strong><strong>O A<\/strong><\/a><\/p>\n<p><a href=\"http:\/\/www.colegio-sanandres.cl\/?page_id=9270\"><strong>7\u00ba B\u00c1SICO B<\/strong><\/a><strong><br><\/strong><\/p>\n<p><a href=\"http:\/\/www.colegio-sanandres.cl\/?page_id=9273\"><strong>8\u00ba B\u00c1S<\/strong><strong>I<\/strong><strong>CO A<\/strong><\/a><\/p>\n<p><a href=\"http:\/\/www.colegio-sanandres.cl\/?page_id=9276\"><strong>8\u00ba B\u00c1SICO B<\/strong><\/a><strong><br><\/strong><\/p>\n<\/div>\n","protected":false},"excerpt":{"rendered":"<p>EDUCACI\u00d3N PARVULARIA PRE K\u00cdNDER A PRE K\u00cdNDER B K\u00cdNDER A K\u00cdNDER B PRIMER CICLO B\u00c1SICO 1\u00ba B\u00c1SICO A 1\u00b0 B\u00c1SICO B 2\u00ba B\u00c1SICO A 2\u00ba B\u00c1SICO B 3\u00ba B\u00c1SICO A 3\u00ba B\u00c1SICO B 4\u00ba B\u00c1SICO A 4\u00ba B\u00c1SICO B SEGUNDO CICLO B\u00c1SICO 5\u00ba B\u00c1SICO A 5\u00ba B\u00c1SICO B 6\u00ba B\u00c1SICO A 6\u00ba B\u00c1SICO B 7\u00ba [&hellip;]<\/p>\n","protected":false},"author":3,"featured_media":0,"parent":0,"menu_order":0,"comment_status":"closed","ping_status":"closed","template":"","meta":{"footnotes":""},"class_list":["post-9217","page","type-page","status-publish","hentry"],"amp_enabled":true,"_links":{"self":[{"href":"http:\/\/www.colegio-sanandres.cl\/index.php?rest_route=\/wp\/v2\/pages\/9217","targetHints":{"allow":["GET"]}}],"collection":[{"href":"http:\/\/www.colegio-sanandres.cl\/index.php?rest_route=\/wp\/v2\/pages"}],"about":[{"href":"http:\/\/www.colegio-sanandres.cl\/index.php?rest_route=\/wp\/v2\/types\/page"}],"author":[{"embeddable":true,"href":"http:\/\/www.colegio-sanandres.cl\/index.php?rest_route=\/wp\/v2\/users\/3"}],"replies":[{"embeddable":true,"href":"http:\/\/www.colegio-sanandres.cl\/index.php?rest_route=%2Fwp%2Fv2%2Fcomments&post=9217"}],"version-history":[{"count":10,"href":"http:\/\/www.colegio-sanandres.cl\/index.php?rest_route=\/wp\/v2\/pages\/9217\/revisions"}],"predecessor-version":[{"id":9303,"href":"http:\/\/www.colegio-sanandres.cl\/index.php?rest_route=\/wp\/v2\/pages\/9217\/revisions\/9303"}],"wp:attachment":[{"href":"http:\/\/www.colegio-sanandres.cl\/index.php?rest_route=%2Fwp%2Fv2%2Fmedia&parent=9217"}],"curies":[{"name":"wp","href":"https:\/\/api.w.org\/{rel}","templated":true}]}}