{"id":9322,"date":"2021-06-12T10:44:08","date_gmt":"2021-06-12T14:44:08","guid":{"rendered":"http:\/\/www.colegio-sanandres.cl\/?page_id=9322"},"modified":"2021-06-13T13:44:33","modified_gmt":"2021-06-13T17:44:33","slug":"link-actividades-pedagogicas-clases-via-meet-lunes-14-al-viernes-18-de-junio","status":"publish","type":"page","link":"http:\/\/www.colegio-sanandres.cl\/?page_id=9322","title":{"rendered":"Actividades Pedag\u00f3gicas \/ Link Clases v\u00eda Meet Lunes 14 al Viernes 18 de Junio."},"content":{"rendered":"\n<p style=\"font-size:24px\" class=\"has-text-color has-background has-text-align-center has-very-dark-gray-color has-vivid-green-cyan-background-color\"><strong>EDUCACI\u00d3N PARVULARIA<\/strong><\/p>\n\n\n\n<p><span style=\"background-color: #ffffff;\"><strong><a href=\"http:\/\/www.colegio-sanandres.cl\/?page_id=9385\">PRE K\u00cdNDER<\/a> <br><\/strong><\/span><\/p>\n\n\n\n<p><strong><a href=\"http:\/\/www.colegio-sanandres.cl\/?page_id=9382\">K\u00cdNDER<\/a><\/strong> <\/p>\n\n\n\n\n\n<p style=\"font-size:24px\" class=\"has-text-color has-background has-text-align-center has-very-dark-gray-color has-luminous-vivid-orange-background-color\"><strong>PRIMER CICLO B\u00c1SICO<\/strong><\/p>\n\n\n\n<p><a href=\"http:\/\/www.colegio-sanandres.cl\/?page_id=9376\"><strong>1\u00ba B\u00c1SICO<\/strong> <\/a><\/p>\n\n\n\n<p><strong><a href=\"http:\/\/www.colegio-sanandres.cl\/?page_id=9379\">2\u00ba B\u00c1SICO<\/a><\/strong> <\/p>\n\n\n\n<p><a href=\"http:\/\/www.colegio-sanandres.cl\/?page_id=9352\"><strong>3\u00ba B\u00c1SICO<\/strong> <strong>A<\/strong><\/a><\/p>\n\n\n\n<p><a href=\"http:\/\/www.colegio-sanandres.cl\/?page_id=9358\"><strong>3\u00ba B\u00c1SICO<\/strong> <strong>B<\/strong><\/a><\/p>\n\n\n\n<p><a href=\"http:\/\/www.colegio-sanandres.cl\/?page_id=9363\"><strong>4\u00ba B\u00c1SICO<\/strong> <strong>A<\/strong><\/a><\/p>\n\n\n\n<p><a href=\"http:\/\/www.colegio-sanandres.cl\/?page_id=9369\"><strong>4\u00ba B\u00c1SICO<\/strong> <strong>B<\/strong><\/a><\/p>\n\n\n\n\n\n<p style=\"font-size:24px\" class=\"has-text-color has-background has-text-align-center has-very-dark-gray-color has-vivid-cyan-blue-background-color\"><strong>SEGUNDO CICLO B\u00c1SICO<\/strong><\/p>\n\n\n\n<p><a href=\"http:\/\/www.colegio-sanandres.cl\/?page_id=9348\"><strong>5\u00ba B\u00c1SICO<\/strong> <strong>A<\/strong><\/a><\/p>\n\n\n\n<p><a href=\"http:\/\/www.colegio-sanandres.cl\/?page_id=9345\"><strong>5\u00ba B\u00c1SICO<\/strong> <strong>B<\/strong><\/a><\/p>\n\n\n\n<p><a href=\"http:\/\/www.colegio-sanandres.cl\/?page_id=9342\"><strong>6\u00ba B\u00c1SICO<\/strong> <strong>A<\/strong><\/a><\/p>\n\n\n\n<p><a href=\"http:\/\/www.colegio-sanandres.cl\/?page_id=9339\"><strong>6\u00ba B\u00c1SICO<\/strong> <strong>B<\/strong><\/a><\/p>\n\n\n\n<p><a href=\"http:\/\/www.colegio-sanandres.cl\/?page_id=9336\"><strong>7\u00ba B\u00c1SICO<\/strong> <strong>A<\/strong><\/a><\/p>\n\n\n\n<p><strong><a href=\"http:\/\/www.colegio-sanandres.cl\/?page_id=9333\">7\u00ba B\u00c1SICO B<\/a><\/strong><\/p>\n\n\n\n<p><a href=\"http:\/\/www.colegio-sanandres.cl\/?page_id=9330\"><strong>8\u00ba B\u00c1SICO<\/strong> <strong>A<\/strong><\/a><\/p>\n\n\n\n<p><a href=\"http:\/\/www.colegio-sanandres.cl\/?page_id=9326\"><strong>8\u00ba B\u00c1SICO<\/strong> <strong>B<\/strong><\/a><\/p>\n\n\n","protected":false},"excerpt":{"rendered":"<p>EDUCACI\u00d3N PARVULARIA PRE K\u00cdNDER K\u00cdNDER PRIMER CICLO B\u00c1SICO 1\u00ba B\u00c1SICO 2\u00ba B\u00c1SICO 3\u00ba B\u00c1SICO A 3\u00ba B\u00c1SICO B 4\u00ba B\u00c1SICO A 4\u00ba B\u00c1SICO B SEGUNDO CICLO B\u00c1SICO 5\u00ba B\u00c1SICO A 5\u00ba B\u00c1SICO B 6\u00ba B\u00c1SICO A 6\u00ba B\u00c1SICO B 7\u00ba B\u00c1SICO A 7\u00ba B\u00c1SICO B 8\u00ba B\u00c1SICO A 8\u00ba B\u00c1SICO B<\/p>\n","protected":false},"author":3,"featured_media":0,"parent":0,"menu_order":0,"comment_status":"closed","ping_status":"closed","template":"","meta":{"footnotes":""},"class_list":["post-9322","page","type-page","status-publish","hentry"],"amp_enabled":true,"_links":{"self":[{"href":"http:\/\/www.colegio-sanandres.cl\/index.php?rest_route=\/wp\/v2\/pages\/9322","targetHints":{"allow":["GET"]}}],"collection":[{"href":"http:\/\/www.colegio-sanandres.cl\/index.php?rest_route=\/wp\/v2\/pages"}],"about":[{"href":"http:\/\/www.colegio-sanandres.cl\/index.php?rest_route=\/wp\/v2\/types\/page"}],"author":[{"embeddable":true,"href":"http:\/\/www.colegio-sanandres.cl\/index.php?rest_route=\/wp\/v2\/users\/3"}],"replies":[{"embeddable":true,"href":"http:\/\/www.colegio-sanandres.cl\/index.php?rest_route=%2Fwp%2Fv2%2Fcomments&post=9322"}],"version-history":[{"count":10,"href":"http:\/\/www.colegio-sanandres.cl\/index.php?rest_route=\/wp\/v2\/pages\/9322\/revisions"}],"predecessor-version":[{"id":9558,"href":"http:\/\/www.colegio-sanandres.cl\/index.php?rest_route=\/wp\/v2\/pages\/9322\/revisions\/9558"}],"wp:attachment":[{"href":"http:\/\/www.colegio-sanandres.cl\/index.php?rest_route=%2Fwp%2Fv2%2Fmedia&parent=9322"}],"curies":[{"name":"wp","href":"https:\/\/api.w.org\/{rel}","templated":true}]}}