{"id":9876,"date":"2021-07-03T23:03:57","date_gmt":"2021-07-04T03:03:57","guid":{"rendered":"http:\/\/www.colegio-sanandres.cl\/?page_id=9876"},"modified":"2021-07-04T13:53:38","modified_gmt":"2021-07-04T17:53:38","slug":"8o-basico-a_-semana-de-consolidacion-y-evaluacion-lunes-5-al-viernes-9-de-julio","status":"publish","type":"page","link":"http:\/\/www.colegio-sanandres.cl\/?page_id=9876","title":{"rendered":"8\u00ba B\u00e1sico A_ Semana de Consolidaci\u00f3n y Evaluaci\u00f3n: Lunes 5 al Viernes 9 de Julio."},"content":{"rendered":"","protected":true},"excerpt":{"rendered":"","protected":true},"author":3,"featured_media":0,"parent":0,"menu_order":0,"comment_status":"closed","ping_status":"closed","template":"","meta":{"footnotes":""},"class_list":["post-9876","page","type-page","status-publish","post-password-required","hentry"],"amp_enabled":true,"_links":{"self":[{"href":"http:\/\/www.colegio-sanandres.cl\/index.php?rest_route=\/wp\/v2\/pages\/9876","targetHints":{"allow":["GET"]}}],"collection":[{"href":"http:\/\/www.colegio-sanandres.cl\/index.php?rest_route=\/wp\/v2\/pages"}],"about":[{"href":"http:\/\/www.colegio-sanandres.cl\/index.php?rest_route=\/wp\/v2\/types\/page"}],"author":[{"embeddable":true,"href":"http:\/\/www.colegio-sanandres.cl\/index.php?rest_route=\/wp\/v2\/users\/3"}],"replies":[{"embeddable":true,"href":"http:\/\/www.colegio-sanandres.cl\/index.php?rest_route=%2Fwp%2Fv2%2Fcomments&post=9876"}],"version-history":[{"count":2,"href":"http:\/\/www.colegio-sanandres.cl\/index.php?rest_route=\/wp\/v2\/pages\/9876\/revisions"}],"predecessor-version":[{"id":9928,"href":"http:\/\/www.colegio-sanandres.cl\/index.php?rest_route=\/wp\/v2\/pages\/9876\/revisions\/9928"}],"wp:attachment":[{"href":"http:\/\/www.colegio-sanandres.cl\/index.php?rest_route=%2Fwp%2Fv2%2Fmedia&parent=9876"}],"curies":[{"name":"wp","href":"https:\/\/api.w.org\/{rel}","templated":true}]}}