{"id":9911,"date":"2021-07-03T23:23:00","date_gmt":"2021-07-04T03:23:00","guid":{"rendered":"http:\/\/www.colegio-sanandres.cl\/?page_id=9911"},"modified":"2021-07-04T19:19:12","modified_gmt":"2021-07-04T23:19:12","slug":"2o-basico-b_-semana-de-consolidacion-y-evaluacion-lunes-5-al-viernes-9-de-julio","status":"publish","type":"page","link":"http:\/\/www.colegio-sanandres.cl\/?page_id=9911","title":{"rendered":"2\u00ba B\u00e1sico B_ Semana de Consolidaci\u00f3n y Evaluaci\u00f3n: Lunes 5 al Viernes 9 de Julio."},"content":{"rendered":"","protected":true},"excerpt":{"rendered":"","protected":true},"author":3,"featured_media":0,"parent":0,"menu_order":0,"comment_status":"closed","ping_status":"closed","template":"","meta":{"footnotes":""},"class_list":["post-9911","page","type-page","status-publish","post-password-required","hentry"],"amp_enabled":true,"_links":{"self":[{"href":"http:\/\/www.colegio-sanandres.cl\/index.php?rest_route=\/wp\/v2\/pages\/9911","targetHints":{"allow":["GET"]}}],"collection":[{"href":"http:\/\/www.colegio-sanandres.cl\/index.php?rest_route=\/wp\/v2\/pages"}],"about":[{"href":"http:\/\/www.colegio-sanandres.cl\/index.php?rest_route=\/wp\/v2\/types\/page"}],"author":[{"embeddable":true,"href":"http:\/\/www.colegio-sanandres.cl\/index.php?rest_route=\/wp\/v2\/users\/3"}],"replies":[{"embeddable":true,"href":"http:\/\/www.colegio-sanandres.cl\/index.php?rest_route=%2Fwp%2Fv2%2Fcomments&post=9911"}],"version-history":[{"count":3,"href":"http:\/\/www.colegio-sanandres.cl\/index.php?rest_route=\/wp\/v2\/pages\/9911\/revisions"}],"predecessor-version":[{"id":9957,"href":"http:\/\/www.colegio-sanandres.cl\/index.php?rest_route=\/wp\/v2\/pages\/9911\/revisions\/9957"}],"wp:attachment":[{"href":"http:\/\/www.colegio-sanandres.cl\/index.php?rest_route=%2Fwp%2Fv2%2Fmedia&parent=9911"}],"curies":[{"name":"wp","href":"https:\/\/api.w.org\/{rel}","templated":true}]}}