{"id":9915,"date":"2021-07-03T23:24:17","date_gmt":"2021-07-04T03:24:17","guid":{"rendered":"http:\/\/www.colegio-sanandres.cl\/?page_id=9915"},"modified":"2021-07-04T19:18:34","modified_gmt":"2021-07-04T23:18:34","slug":"2o-basico-a_-semana-de-consolidacion-y-evaluacion-lunes-5-al-viernes-9-de-julio","status":"publish","type":"page","link":"http:\/\/www.colegio-sanandres.cl\/?page_id=9915","title":{"rendered":"2\u00ba B\u00e1sico A_ Semana de Consolidaci\u00f3n y Evaluaci\u00f3n: Lunes 5 al Viernes 9 de Julio."},"content":{"rendered":"","protected":true},"excerpt":{"rendered":"","protected":true},"author":3,"featured_media":0,"parent":0,"menu_order":0,"comment_status":"closed","ping_status":"closed","template":"","meta":{"footnotes":""},"class_list":["post-9915","page","type-page","status-publish","post-password-required","hentry"],"amp_enabled":true,"_links":{"self":[{"href":"http:\/\/www.colegio-sanandres.cl\/index.php?rest_route=\/wp\/v2\/pages\/9915","targetHints":{"allow":["GET"]}}],"collection":[{"href":"http:\/\/www.colegio-sanandres.cl\/index.php?rest_route=\/wp\/v2\/pages"}],"about":[{"href":"http:\/\/www.colegio-sanandres.cl\/index.php?rest_route=\/wp\/v2\/types\/page"}],"author":[{"embeddable":true,"href":"http:\/\/www.colegio-sanandres.cl\/index.php?rest_route=\/wp\/v2\/users\/3"}],"replies":[{"embeddable":true,"href":"http:\/\/www.colegio-sanandres.cl\/index.php?rest_route=%2Fwp%2Fv2%2Fcomments&post=9915"}],"version-history":[{"count":3,"href":"http:\/\/www.colegio-sanandres.cl\/index.php?rest_route=\/wp\/v2\/pages\/9915\/revisions"}],"predecessor-version":[{"id":9956,"href":"http:\/\/www.colegio-sanandres.cl\/index.php?rest_route=\/wp\/v2\/pages\/9915\/revisions\/9956"}],"wp:attachment":[{"href":"http:\/\/www.colegio-sanandres.cl\/index.php?rest_route=%2Fwp%2Fv2%2Fmedia&parent=9915"}],"curies":[{"name":"wp","href":"https:\/\/api.w.org\/{rel}","templated":true}]}}